{"id":987,"date":"2018-11-29T16:22:42","date_gmt":"2018-11-29T15:22:42","guid":{"rendered":"http:\/\/www.zmodrehokralovstvi.cz\/?page_id=987"},"modified":"2023-06-01T09:40:44","modified_gmt":"2023-06-01T08:40:44","slug":"cv-adina-dvur-bazantnice","status":"publish","type":"page","link":"https:\/\/www.zmodrehokralovstvi.cz\/index.php\/cv-adina-dvur-bazantnice\/","title":{"rendered":"CV Ch.Adina Dv\u016fr Ba\u017eantnice &#8222;Ani\u010dka&#8220;"},"content":{"rendered":"<div class=\"wp-block-image\">\n<figure class=\"aligncenter size-full\"><img loading=\"lazy\" decoding=\"async\" width=\"1000\" height=\"665\" src=\"http:\/\/new.zmodrehokralovstvi.cz\/wp-content\/uploads\/2018\/11\/dsc_5538-u.jpg\" alt=\"\" class=\"wp-image-993\" srcset=\"https:\/\/www.zmodrehokralovstvi.cz\/wp-content\/uploads\/2018\/11\/dsc_5538-u.jpg 1000w, https:\/\/www.zmodrehokralovstvi.cz\/wp-content\/uploads\/2018\/11\/dsc_5538-u-300x200.jpg 300w, https:\/\/www.zmodrehokralovstvi.cz\/wp-content\/uploads\/2018\/11\/dsc_5538-u-768x511.jpg 768w\" sizes=\"auto, (max-width: 1000px) 100vw, 1000px\" \/><\/figure>\n<\/div>\n\n<p>Narodila se 24.4.2016 jako jedno ze sedmi \u0161t\u011b\u0148\u00e1tek v&nbsp;CHS <a href=\"http:\/\/www.dvurbazantnice.cz\" target=\"_blank\" rel=\"noopener noreferrer\">Dv\u016fr Ba\u017eantnice<\/a>.<br>She was born on 24.4.2016 as one of seven puppies in kennel <a href=\"http:\/\/www.dvurbazantnice.cz\" target=\"_blank\" rel=\"noopener noreferrer\">Dv\u016fr Ba\u017eantnice<\/a>.<\/p>\n<p><a href=\"http:\/\/www.smooth-collie.net\/view.php?id=13516\" target=\"_blank\" rel=\"noopener noreferrer\">Aada<\/a>, <a href=\"http:\/\/www.smooth-collie.net\/view.php?id=13517\" target=\"_blank\" rel=\"noopener noreferrer\">Adina<\/a>, <a href=\"http:\/\/www.smooth-collie.net\/view.php?id=13520\" target=\"_blank\" rel=\"noopener noreferrer\">Albert<\/a>, <a href=\"http:\/\/www.smooth-collie.net\/view.php?id=13518\" target=\"_blank\" rel=\"noopener noreferrer\">And\u011blka<\/a>, <a href=\"http:\/\/www.smooth-collie.net\/view.php?id=13519\" target=\"_blank\" rel=\"noopener noreferrer\">Ani\u010dka<\/a>, <a href=\"http:\/\/www.smooth-collie.net\/view.php?id=13521\" target=\"_blank\" rel=\"noopener noreferrer\">Arno\u0161t<\/a>, <a href=\"http:\/\/www.smooth-collie.net\/view.php?id=13522\" target=\"_blank\" rel=\"noopener noreferrer\">Aura-Tuula<\/a><\/p>\n<p><span style=\"color: #00ccff;\"><strong>Rodokmen \/<\/strong> <span class=\"tlid-translation translation\" lang=\"en\"><span class=\"\" title=\"\">Pedigree<\/span><\/span>:<\/span> <a href=\"http:\/\/www.smooth-collie.net\/view.php?id=13517\" target=\"_blank\" rel=\"noopener noreferrer\">Adina Dv\u016fr Ba\u017eantnice<\/a>&nbsp;<br><strong><span style=\"color: #00ccff;\">Otec \/ F<span class=\"tlid-translation translation\" lang=\"en\"><span class=\"\" title=\"\">ather<\/span><\/span>:<\/span> <\/strong>&nbsp; &nbsp;&nbsp; <a href=\"http:\/\/www.smooth-collie.net\/view.php?id=10702\" target=\"_blank\" rel=\"noopener noreferrer\">All inclusive vom Feueropal<\/a><br><strong><span style=\"color: #00ccff;\">Matka \/ M<span class=\"tlid-translation translation\" lang=\"en\"><span class=\"\" title=\"\">other<\/span><\/span>:&nbsp;<\/span><\/strong>&nbsp;&nbsp; <a href=\"http:\/\/www.smooth-collie.net\/view.php?id=10281\" target=\"_blank\" rel=\"noopener noreferrer\">Am\u00e9lie Amico di Boemia<\/a>&nbsp;<\/p>\n<p><span style=\"color: #ff0000;\"><strong>Dne 30.11.2019 z\u00edskala Adina titul <a style=\"color: #ff0000;\" href=\"https:\/\/www.zmodrehokralovstvi.cz\/wp-content\/uploads\/2019\/11\/2019-11-30-14.52.34-scaled-1.jpg\">&#8222;\u010cesk\u00fd \u0161ampion&#8220;<\/a> <\/strong><\/span><br><strong><span class=\"tlid-translation translation\" lang=\"en\"><span class=\"\" title=\"\"><span style=\"color: #ff0000;\">On 30.11.2019 Adina won title <\/span><a href=\"https:\/\/www.zmodrehokralovstvi.cz\/wp-content\/uploads\/2019\/11\/2019-11-30-14.52.34-scaled-1.jpg\"><span style=\"color: #ff0000;\">&#8222;Czech champion&#8220;<\/span><\/a><\/span><\/span><\/strong><\/p>\n<p><span style=\"color: #00ccff;\"><strong><span class=\"tlid-translation translation\" lang=\"en\"><span class=\"\" title=\"\">Quick links<\/span><\/span>:<\/strong><\/span><br><a href=\"https:\/\/www.zmodrehokralovstvi.cz\/index.php\/kryti\/\">Planed litters<\/a> &nbsp;&nbsp; <a href=\"https:\/\/www.zmodrehokralovstvi.cz\/index.php\/kryti\/vrh-a\/\"><span class=\"tlid-translation translation\" lang=\"en\"><span class=\"\" title=\"\">Litter A<\/span><\/span><\/a>&nbsp; <a href=\"https:\/\/www.zmodrehokralovstvi.cz\/index.php\/kryti\/vrh-b\/\"><span class=\"tlid-translation translation\" lang=\"en\"><span class=\"\" title=\"\">Litter B&nbsp;&nbsp; <\/span><\/span><\/a><a href=\"https:\/\/www.zmodrehokralovstvi.cz\/index.php\/kryti\/vrh-c\/\"><span class=\"tlid-translation translation\" lang=\"en\"><span class=\"\" title=\"\">Litter C<\/span><\/span><\/a>&nbsp;&nbsp; <a href=\"https:\/\/www.zmodrehokralovstvi.cz\/index.php\/kryti\/vrh-d\/\"><span class=\"tlid-translation translation\" lang=\"en\"><span class=\"\" title=\"\">Litter D<\/span><\/span><\/a>&nbsp;&nbsp; <a href=\"https:\/\/www.zmodrehokralovstvi.cz\/index.php\/kryti\/vrh-e\/\"><span class=\"tlid-translation translation\" lang=\"en\"><span class=\"\" title=\"\">Litter E<\/span><\/span><\/a>&nbsp;<\/p>\n<p><span style=\"color: #00ccff;\"><strong>Zdrav\u00ed \/ Health:<\/strong><\/span><br>&#8211; <a href=\"https:\/\/www.zmodrehokralovstvi.cz\/wp-content\/uploads\/2019\/05\/abcb1-cz_130112.pdf\" target=\"_blank\" rel=\"noopener noreferre noreferrer\">Detekce mutace genu ABCB1 genu zp\u016fsobuj\u00edc\u00ed u ps\u016f l\u00e9kovou senzitivitu (MDR1) &#8211; <strong>N\/N<\/strong> (Genomia)<\/a><br><a href=\"https:\/\/www.zmodrehokralovstvi.cz\/wp-content\/uploads\/2019\/05\/abcb1-en_130112.pdf\" target=\"_blank\" rel=\"noopener noreferrer\">(<span class=\"tlid-translation translation\" lang=\"en\"><span class=\"\" title=\"\">English version<\/span><\/span>)<\/a><br>&#8211; <a href=\"https:\/\/www.zmodrehokralovstvi.cz\/wp-content\/uploads\/2019\/05\/cea-cz_130111.pdf\" target=\"_blank\" rel=\"noopener noreferre noreferrer\">Detekce mutace genu NHEJ1 zp\u016fsobuj\u00edc\u00ed CEA u n\u011bkolika plemen ps\u016f &#8211; <strong>N\/N<\/strong> (Genomia)<\/a><br><a href=\"https:\/\/www.zmodrehokralovstvi.cz\/wp-content\/uploads\/2019\/05\/cea-en_130111.pdf\" target=\"_blank\" rel=\"noopener noreferrer\">(English version)<\/a><br>&#8211; <a href=\"https:\/\/www.zmodrehokralovstvi.cz\/wp-content\/uploads\/2019\/05\/fgf5-cz_130114.pdf\" target=\"_blank\" rel=\"noopener noreferre noreferrer\">Detekce genov\u00fdch variant FGF5 genu ovliv\u0148uj\u00edc\u00edch d\u00e9lku srsti u r\u016fzn\u00fdch plemen ps\u016f &#8211; <strong>N\/N<\/strong> (Genomia)<\/a><br><a href=\"https:\/\/www.zmodrehokralovstvi.cz\/wp-content\/uploads\/2019\/05\/fgf5-en_130114.pdf\" target=\"_blank\" rel=\"noopener noreferrer\">(English version)<\/a><br>&#8211; <a href=\"https:\/\/www.zmodrehokralovstvi.cz\/wp-content\/uploads\/2019\/05\/rcd2-cz_130106.pdf\" target=\"_blank\" rel=\"noopener noreferre noreferrer\">Detekce inzer\u010dn\u00ed mutace exonu 4 RD3 genu zp\u016fsobuj\u00edc\u00ed onemocn\u011bn\u00ed RCD2 u ps\u016f plemena koli\u00ed (PRA) &#8211; <strong>N\/N<\/strong> (Genomia)<\/a><br><a href=\"https:\/\/www.zmodrehokralovstvi.cz\/wp-content\/uploads\/2019\/05\/rcd2-en_130106.pdf\" target=\"_blank\" rel=\"noopener noreferrer\">(English version)<\/a><br>&#8211; <a href=\"https:\/\/www.zmodrehokralovstvi.cz\/wp-content\/uploads\/2019\/05\/sod1-cz_130113.pdf\" target=\"_blank\" rel=\"noopener noreferre noreferrer\">Detekce mutace v&nbsp;SOD1 genu zp\u016fsobuj\u00edc\u00ed degenerativn\u00ed myelopatii u ps\u016f (DM) &#8211; <strong>N\/N<\/strong> (Genomia)<\/a><br><a href=\"https:\/\/www.zmodrehokralovstvi.cz\/wp-content\/uploads\/2019\/05\/sod1-en_130113.pdf\" target=\"_blank\" rel=\"noopener noreferrer\">(English version)<\/a><\/p>\n<p><em>V\u00fdsledky test\u016f m\u00e1me k&nbsp;dispozici v&nbsp;CZ a EN. <\/em><br><em>Test results are available in CZ and EN languages.<\/em><\/p>\n<p><span style=\"color: #00ccff;\"><strong>Bonitace:<\/strong><\/span><br><span style=\"color: #0291d8;\"><strong><span style=\"color: #ff0000;\">20.10.2018 v&nbsp;Kladn\u011b splnila Adina bonitaci a je uzn\u00e1na jako chovn\u00e1<\/span><br><\/strong><a href=\"http:\/\/www.zmodrehokralovstvi.cz\/wp-content\/uploads\/2018\/12\/1-e1543686379817.jpg\" target=\"_blank\" rel=\"noopener noreferrer\">posudek A<\/a><\/span><br><a href=\"http:\/\/www.zmodrehokralovstvi.cz\/wp-content\/uploads\/2018\/12\/2-e1543686407857.jpg\" target=\"_blank\" rel=\"noopener noreferrer\">posudek B<\/a><\/p>\n<p><span style=\"color: #00ccff;\"><strong>Seznam v\u00fdstav s&nbsp;ocen\u011bn\u00edm \/ List of exhibitions with awards:<\/strong><\/span><\/p>\n<p><strong>V\u00fdborn\u00e1 1, VT, OV<\/strong> \u2013 t\u0159\u00edda otev\u0159en\u00e1<br>(26.5.2018 &#8211; Oblastn\u00ed v\u00fdstava ps\u016f, Kutn\u00e1 Hora, rozhod\u010d\u00ed p.Miroslav Redlicki &#8211; PL)<br><a href=\"http:\/\/www.zmodrehokralovstvi.cz\/wp-content\/uploads\/2018\/11\/2018-05-26-12.23.06.jpg\" target=\"_blank\" rel=\"noopener noreferrer\">posudek<\/a><\/p>\n<p><strong>V\u00fdborn\u00e1 3<\/strong> \u2013 t\u0159\u00edda otev\u0159en\u00e1<br>(15.9.2018 &#8211; Speci\u00e1ln\u00ed v\u00fdstava koli\u00ed a \u0161elti\u00ed Chropyn\u011b, rozhod\u010d\u00ed p.John Wauben &#8211; NL)<br><a href=\"http:\/\/www.zmodrehokralovstvi.cz\/wp-content\/uploads\/2018\/09\/posudek-specialka.jpg\" target=\"_blank\" rel=\"noopener noreferrer\">posudek<\/a><\/p>\n<p><strong>V\u00fdborn\u00e1 1, CAC, CACIB, BOB<\/strong> \u2013 t\u0159\u00edda otev\u0159en\u00e1<br>(25.8.2018 &#8211; INTERDOG BOHEMIA Mlad\u00e1 Boleslav, rozhod\u010d\u00ed p.Skalin Bo \u2013 SWE)<br><a href=\"http:\/\/www.zmodrehokralovstvi.cz\/wp-content\/uploads\/2018\/11\/dsc04297.jpg\" target=\"_blank\" rel=\"noopener noreferrer\">posudek<\/a><\/p>\n<p><strong>V\u00fdborn\u00e1 3<\/strong> \u2013 t\u0159\u00edda otev\u0159en\u00e1<br>(6.10.2018 &#8211; MVP \u010cesk\u00e9 Bud\u011bjovice, rozhod\u010d\u00ed p.Ridar\u010d\u00edkov\u00e1 Gabriela &#8211; SK)<br><a href=\"http:\/\/www.zmodrehokralovstvi.cz\/wp-content\/uploads\/2018\/12\/2018-12-01-18.16.52.jpg\" target=\"_blank\" rel=\"noopener noreferrer\">posudek<\/a><\/p>\n<p><strong>V\u00fdborn\u00e1 1, CAC, res CACIB<\/strong> \u2013 t\u0159\u00edda otev\u0159en\u00e1<br>(2.12.2018 &#8211; Mezin\u00e1rodn\u00ed v\u00fdstava Prague Expo Dog 2018, rozhod\u010d\u00ed p.Malda Svobodov\u00e1 &#8211; CZ)<br><a href=\"http:\/\/www.zmodrehokralovstvi.cz\/wp-content\/uploads\/2018\/12\/2018-12-02-16.34.04.jpg\" target=\"_blank\" rel=\"noopener noreferrer\">posudek<\/a><\/p>\n<p><strong>V\u00fdborn\u00e1 1, CAC<\/strong> \u2013 t\u0159\u00edda otev\u0159en\u00e1<br>(24.8.2019 &#8211; INTERDOG BOHEMIA Mlad\u00e1 Boleslav, rozhod\u010d\u00ed p.Chapiro Boris &#8211; F)<br><a href=\"https:\/\/www.zmodrehokralovstvi.cz\/wp-content\/uploads\/2019\/08\/boleslav2019.jpg\" target=\"_blank\" rel=\"noopener noreferrer\">posudek<\/a><\/p>\n<p><strong>V\u00fdborn\u00e1 2, res.CAC<\/strong> \u2013 t\u0159\u00edda otev\u0159en\u00e1<br>(12.9.2019 &#8211; MVP \u010cesk\u00e9 Bud\u011bjovice, rozhod\u010d\u00ed p.Jouanchicot Christian &#8211; F)<br><a href=\"https:\/\/www.zmodrehokralovstvi.cz\/wp-content\/uploads\/2019\/10\/2019-10-13-14.59.09.jpg\" target=\"_blank\" rel=\"noopener noreferrer\">posudek<\/a><\/p>\n<p><strong>V\u00fdborn\u00e1 2, res.CAC<\/strong> \u2013 t\u0159\u00edda otev\u0159en\u00e1<br>(23.11.2019 &#8211; Klubov\u00e1 v\u00fdstava Kladno KCHCS, rozhod\u010d\u00ed p.Anna Kochan &#8211; PL)<br><a href=\"https:\/\/www.zmodrehokralovstvi.cz\/wp-content\/uploads\/2019\/11\/2019-11-23-12.01.51-scaled.jpg\" target=\"_blank\" rel=\"noopener noreferrer\">posudek<\/a><\/p>\n<p><strong>V\u00fdborn\u00e1 1, CAC, res.CACIB<\/strong> \u2013 t\u0159\u00edda otev\u0159en\u00e1<br>(30.11.2019 &#8211; Prague Expo Dog 2019, rozhod\u010d\u00ed p.Dana Fialov\u00e1 &#8211; CZ)<br><a href=\"https:\/\/www.zmodrehokralovstvi.cz\/wp-content\/uploads\/2019\/12\/2019-11-30-14.53.12-scaled-e1575221481887.jpg\" target=\"_blank\" rel=\"noopener noreferrer\">posudek<\/a><\/p>\n<p><strong>V\u00fdborn\u00e1 1, CAC, CACIB, BOB<\/strong> \u2013 t\u0159\u00edda otev\u0159en\u00e1<br>(1.12.2019 &#8211; Prague Expo Dog 2019, rozhod\u010d\u00ed p.Vladim\u00edr Fiala &#8211; CZ)<br><a href=\"https:\/\/www.zmodrehokralovstvi.cz\/wp-content\/uploads\/2019\/12\/2019-12-01-15.43.37-scaled-1.jpg\" target=\"_blank\" rel=\"noopener noreferrer\">posudek<\/a><\/p>\n\n\n<p><strong>V\u00fdborn\u00e1 2, res.CAC<\/strong> \u2013 t\u0159\u00edda v\u00edt\u011bz\u016f<br>(15.8.2020 &#8211; N\u00e1rodn\u00ed v\u00fdstava Mlad\u00e1 Boleslav 2020, rozhod\u010d\u00ed p.Karel Ho\u0159\u00e1k &#8211; CZ)<br><a href=\"https:\/\/www.zmodrehokralovstvi.cz\/wp-content\/uploads\/2020\/08\/adina_mladaboleslav_2020-scaled.jpg\" target=\"_blank\" rel=\"noopener noreferrer\">posudek<\/a><\/p>\n\n\n\n<p><strong>V\u00fdborn\u00e1 2, res.CAC<\/strong> \u2013 t\u0159\u00edda v\u00edt\u011bz\u016f<br>(15.5.2021 &#8211; Klubov\u00e1 v\u00fdstava koli\u00ed a \u0161elti\u00ed Chropyn\u011b, rozhod\u010d\u00ed p.Milan Krinke &#8211; CZ)<br><a href=\"https:\/\/www.zmodrehokralovstvi.cz\/wp-content\/uploads\/2021\/05\/2021-05-15-14.16.10.jpg\" target=\"_blank\" rel=\"noopener noreferrer\">posudek<\/a><\/p>\n\n\n\n<p><strong>V\u00fdborn\u00e1 1, CAC<\/strong> \u2013 t\u0159\u00edda v\u00edt\u011bz\u016f<br>(5.6.2021 &#8211; Klubov\u00e1 v\u00fdstava koli\u00ed a \u0161elti\u00ed Horn\u00ed Po\u010dernice, rozhod\u010d\u00ed p.Tereza Knedlhans &#8211; CZ)<br><a href=\"https:\/\/www.zmodrehokralovstvi.cz\/wp-content\/uploads\/2021\/06\/2021-06-06-18.57.56.jpg\" target=\"_blank\" rel=\"noopener noreferrer\">posudek<\/a><\/p>\n\n\n\n<p><strong>V\u00fdborn\u00e1 2, res.CAC <\/strong>\u2013 t\u0159\u00edda v\u00edt\u011bz\u016f<br>(3.7.2021 &#8211; N\u00e1rodn\u00ed v\u00fdstava Klatovy, rozhod\u010d\u00ed p. <span class=\"d2edcug0 hpfvmrgz qv66sw1b c1et5uql lr9zc1uh a8c37x1j keod5gw0 nxhoafnm aigsh9s9 d3f4x2em fe6kdd0r mau55g9w c8b282yb iv3no6db jq4qci2q a3bd9o3v knj5qynh oo9gr5id hzawbc8m\" dir=\"auto\">Bo\u017eena Ovesn\u00e1<\/span> &#8211; CZ)<br><a href=\"https:\/\/www.zmodrehokralovstvi.cz\/wp-content\/uploads\/2021\/07\/2021-07-04-19.37.56.jpg\" target=\"_blank\" rel=\"noopener noreferrer\">posudek<\/a><\/p>\n\n\n\n<p><strong>V\u00fdborn\u00e1 2, res.CAC <\/strong>\u2013 t\u0159\u00edda v\u00edt\u011bz\u016f<br>(17.7.2021 &#8211; N\u00e1rodn\u00ed v\u00fdstava Mlad\u00e1 Boleslav, rozhod\u010d\u00ed p. <span class=\"d2edcug0 hpfvmrgz qv66sw1b c1et5uql lr9zc1uh a8c37x1j keod5gw0 nxhoafnm aigsh9s9 d3f4x2em fe6kdd0r mau55g9w c8b282yb iv3no6db jq4qci2q a3bd9o3v knj5qynh oo9gr5id hzawbc8m\" dir=\"auto\">Bo\u017eena Ovesn\u00e1<\/span> &#8211; CZ)<br><a href=\"https:\/\/www.zmodrehokralovstvi.cz\/wp-content\/uploads\/2021\/08\/2021-08-28-16.57.44-scaled.jpg\" target=\"_blank\" rel=\"noopener\">posudek<\/a><\/p>\n\n\n<p><strong>V\u00fdborn\u00e1 2, res.CAC, res.CACIB <\/strong>\u2013 t\u0159\u00edda v\u00edt\u011bz\u016f<br>(31.7.2021 &#8211; Mezin\u00e1rodn\u00ed v\u00fdstava Klatovy, rozhod\u010d\u00ed p. Jaroslava<span class=\"d2edcug0 hpfvmrgz qv66sw1b c1et5uql lr9zc1uh a8c37x1j keod5gw0 nxhoafnm aigsh9s9 d3f4x2em fe6kdd0r mau55g9w c8b282yb iv3no6db jq4qci2q a3bd9o3v knj5qynh oo9gr5id hzawbc8m\" dir=\"auto\"> Ovesn\u00e1<\/span> &#8211; CZ)<br><a href=\"https:\/\/www.zmodrehokralovstvi.cz\/wp-content\/uploads\/2021\/08\/2021-08-28-16.56.56.jpg\" target=\"_blank\" rel=\"noopener\">posudek<\/a><\/p>\n<p><strong>V\u00fdborn\u00e1 1, CAC <\/strong>\u2013 t\u0159\u00edda v\u00edt\u011bz\u016f<br>(28.8.2021 &#8211; Mezin\u00e1rodn\u00ed v\u00fdstava Mlad\u00e1 Boleslav, rozhod\u010d\u00ed p. First Rafal &#8211; PL)<br><a href=\"https:\/\/www.zmodrehokralovstvi.cz\/wp-content\/uploads\/2021\/08\/2021-08-28-17.01.34.jpg\" target=\"_blank\" rel=\"noopener\">posudek<\/a><\/p>\n<p><strong>V\u00fdborn\u00e1 (bez po\u0159ad\u00ed) <\/strong>\u2013 t\u0159\u00edda v\u00edt\u011bz\u016f<br>(30.9.2021 &#8211; <span style=\"color: #ff0000;\">Sv\u011btov\u00e1 v\u00fdstava ps\u016f 2021 Brno<\/span>, rozhod\u010d\u00ed p. Judit Kor\u00f3zs-Papp &#8211; HU)<br><a href=\"https:\/\/www.zmodrehokralovstvi.cz\/wp-content\/uploads\/2021\/10\/2021-10-15-18.27.32.jpg\">posudek<\/a><\/p>\n<p><strong>V\u00fdborn\u00e1 3 <\/strong>\u2013 t\u0159\u00edda v\u00edt\u011bz\u016f<br>(1.10.2021 &#8211; Speci\u00e1ln\u00ed v\u00fdstava kr\u00e1tkosrst\u00fdch koli\u00ed p\u0159i WDS Brno 2021, rozhod\u010d\u00ed p. Lidija Okle\u0161\u010den &#8211; SI)<br><a href=\"https:\/\/www.zmodrehokralovstvi.cz\/wp-content\/uploads\/2021\/10\/2021-10-15-18.28.40.jpg\">posudek<\/a><\/p>\n<p><strong>V\u00fdborn\u00e1 2, res.CAC <\/strong>\u2013 t\u0159\u00edda v\u00edt\u011bz\u016f<br>(9.10.2021 &#8211; Mezin\u00e1rodn\u00ed v\u00fdstava \u010cesk\u00e9 Bud\u011bjovice, rozhod\u010d\u00ed p. Petra M\u00e1rov\u00e1 &#8211; CZ)<br><a href=\"https:\/\/www.zmodrehokralovstvi.cz\/wp-content\/uploads\/2021\/10\/2021-10-15-18.26.50.jpg\">posudek<\/a><\/p>\n<p><strong>V\u00fdborn\u00e1 2, res.CAC <\/strong>\u2013 t\u0159\u00edda v\u00edt\u011bz\u016f<br>(5.8.2022 &#8211; CACIB Praha, rozhod\u010d\u00ed p. Jitka Reslerov\u00e1 &#8211; CZ)<br>posudek<\/p>\n<p><strong>V\u00fdborn\u00e1 2, res.CAC <\/strong>\u2013 t\u0159\u00edda v\u00edt\u011bz\u016f<br>(6.8.2022 &#8211; CACIB Praha, rozhod\u010d\u00ed p. Sandor Szabo &#8211; HU)<br>posudek<\/p>","protected":false},"excerpt":{"rendered":"<p>Narodila se 24.4.2016 jako jedno ze sedmi \u0161t\u011b\u0148\u00e1tek v&nbsp;CHS Dv\u016fr Ba\u017eantnice.She was born on 24.4.2016 as one of seven puppies in kennel Dv\u016fr Ba\u017eantnice. Aada, Adina, Albert, And\u011blka, Ani\u010dka, Arno\u0161t, Aura-Tuula Rodokmen \/ Pedigree: Adina Dv\u016fr Ba\u017eantnice&nbsp;Otec \/ Father: &nbsp; &nbsp;&nbsp; All inclusive vom FeueropalMatka \/ Mother:&nbsp;&nbsp;&nbsp; Am\u00e9lie Amico di Boemia&nbsp; Dne 30.11.2019 z\u00edskala Adina [&hellip;]<\/p>\n","protected":false},"author":2,"featured_media":993,"parent":0,"menu_order":21,"comment_status":"closed","ping_status":"closed","template":"","meta":{"ngg_post_thumbnail":0,"footnotes":""},"class_list":["post-987","page","type-page","status-publish","has-post-thumbnail","hentry","entry","has-media"],"post_mailing_queue_ids":[],"_links":{"self":[{"href":"https:\/\/www.zmodrehokralovstvi.cz\/index.php\/wp-json\/wp\/v2\/pages\/987","targetHints":{"allow":["GET"]}}],"collection":[{"href":"https:\/\/www.zmodrehokralovstvi.cz\/index.php\/wp-json\/wp\/v2\/pages"}],"about":[{"href":"https:\/\/www.zmodrehokralovstvi.cz\/index.php\/wp-json\/wp\/v2\/types\/page"}],"author":[{"embeddable":true,"href":"https:\/\/www.zmodrehokralovstvi.cz\/index.php\/wp-json\/wp\/v2\/users\/2"}],"replies":[{"embeddable":true,"href":"https:\/\/www.zmodrehokralovstvi.cz\/index.php\/wp-json\/wp\/v2\/comments?post=987"}],"version-history":[{"count":7,"href":"https:\/\/www.zmodrehokralovstvi.cz\/index.php\/wp-json\/wp\/v2\/pages\/987\/revisions"}],"predecessor-version":[{"id":10299,"href":"https:\/\/www.zmodrehokralovstvi.cz\/index.php\/wp-json\/wp\/v2\/pages\/987\/revisions\/10299"}],"wp:featuredmedia":[{"embeddable":true,"href":"https:\/\/www.zmodrehokralovstvi.cz\/index.php\/wp-json\/wp\/v2\/media\/993"}],"wp:attachment":[{"href":"https:\/\/www.zmodrehokralovstvi.cz\/index.php\/wp-json\/wp\/v2\/media?parent=987"}],"curies":[{"name":"wp","href":"https:\/\/api.w.org\/{rel}","templated":true}]}}