{"id":9855,"date":"2023-04-18T07:42:18","date_gmt":"2023-04-18T06:42:18","guid":{"rendered":"https:\/\/www.zmodrehokralovstvi.cz\/?page_id=9855"},"modified":"2023-05-28T09:29:08","modified_gmt":"2023-05-28T08:29:08","slug":"vrh-e","status":"publish","type":"page","link":"https:\/\/www.zmodrehokralovstvi.cz\/index.php\/vrh-e\/","title":{"rendered":"Vrh E"},"content":{"rendered":"\n<h2 class=\"wp-block-heading\" id=\"datum-narozeni-13-4-2019\">Datum narozen\u00ed: 19.4.2023<\/h2>\n\n\n<p><span style=\"color: #ff0000;\"><em> v\u0161echna \u0161t\u011b\u0148\u00e1tka jsou rezervov\u00e1na \/ <span class=\"HwtZe\" lang=\"en\"><span class=\"jCAhz ChMk0b\"><span class=\"ryNqvb\">all puppies are reserved<\/span><\/span><\/span><\/em><\/span><\/p>\n\n\n<p>matka: <a href=\"https:\/\/www.smooth-collie.net\/view.php?id=19136\" target=\"_blank\" rel=\"noreferrer noopener\">Bezinka z&nbsp;Modr\u00e9ho kr\u00e1lovstv\u00ed &#8222;R\u016f\u017eenka&#8220;<\/a><\/p>\n\n\n\n<p class=\"has-small-font-size\"><strong>Health:<\/strong><br>Eyes clear (as puppy)<br>CEA DNA N\/N (Genomia)<br>PRA (rcd2) DNA N\/P (Genomia)<br>MDR1 (ABCB1) N\/N (Genomia)<br>DM (SOD1) N\/N (Genomia)<br>FGF5 gen ovliv\u0148uj\u00edc\u00edch d\u00e9lku srsti N\/N (Genomia)<br>Detekce mutace genu RYR1 zp\u016fsobuj\u00edc\u00ed malign\u00ed hypertermii po expozici vyvol\u00e1vac\u00edch l\u00e1tek u r\u016fzn\u00fdch plemen ps\u016f &#8211; N\/N (Genomia)<br><em><a href=\"https:\/\/www.zmodrehokralovstvi.cz\/index.php\/cv-bezinka-z-modreho-kralovstvi\/\" data-type=\"page\" data-id=\"987\">V\u00fdsledky test\u016f m\u00e1me k&nbsp;dispozici v&nbsp;CZ a EN.<\/a> <\/em><br><a href=\"https:\/\/www.zmodrehokralovstvi.cz\/index.php\/cv-bezinka-z-modreho-kralovstvi\/\" data-type=\"page\" data-id=\"987\"><em>Test results are available in CZ and EN languages.<\/em> <\/a><\/p>\n\n\n\n<p>otec: <a href=\"https:\/\/www.smooth-collie.net\/view.php?id=14945\" target=\"_blank\" rel=\"noreferrer noopener\">Samu &#8211; Cassius Clay from the Sun of China<\/a> <\/p>\n\n\n\n<p class=\"has-small-font-size\"><strong>Health:<\/strong><br>Eyes clear (7 weeks &#8211; 27.12.2017)<br>HD A1<br>ED 0<br>CEA DNA non-carrier (Laboklin)<br>PRA (rcd2) DNA non-carrier (Laboklin)<br>MDR1 N\/N (Laboklin)<br>DM (SOD1) N\/N (Laboklin)<br>HUU (SLC) non-carrier (Laboklin)<\/p>\n\n\n\n<ul>\n<li><strong>Erika &#8211; 21:40 &#8211; zlat\u00e1 &#8211; hol\u010di\u010dka &#8211; 270g &#8211; \u010derven\u00e1<br><\/strong><\/li>\n<li><strong>Eragon &#8211; 21:58 &#8211; zlat\u00e1 &#8211; kluk &#8211; 354g &#8211; \u010dern\u00e1<br><\/strong><\/li>\n<li><strong>Elisabeth<\/strong><strong>&#8211; 22:19 &#8211; tricolor &#8211; hol\u010di\u010dka &#8211; 266g &#8211; r\u016f\u017eov\u00e1<br><\/strong><\/li>\n<li><strong>Edvard &#8211; 22:35 &#8211; zlat\u00e1 &#8211; kluk &#8211; 183g &#8211; bez ozna\u010dn\u00edku<br><\/strong><\/li>\n<li><strong>Emanuel &#8211; 23:00 &#8211; zlat\u00e1 &#8211; kluk &#8211; 320g &#8211; tyrkysov\u00e1<br><\/strong><\/li>\n<li><strong>Emilka &#8211; 00:15 &#8211; tricolor &#8211; hol\u010di\u010dka &#8211; 275g -b\u00edl\u00e1<\/strong><\/li>\n<li><strong>Etienne &#8211; 01:00 &#8211; tricolor &#8211; kluk &#8211; 290g &#8211; hn\u011bd\u00e1<br><\/strong><\/li>\n<\/ul>\n\n\n<pre>Odkaz na vrh do datab\u00e1ze koli\u00ed:<br><a href=\"https:\/\/www.smooth-collie.net\/view_litter.php?id=7378\" target=\"_blank\" rel=\"noopener noreferrer\" data-wplink-edit=\"true\"><img loading=\"lazy\" decoding=\"async\" class=\"alignnone  wp-image-2498\" src=\"https:\/\/www.zmodrehokralovstvi.cz\/wp-content\/uploads\/2020\/02\/smoth-collie-database.jpg\" alt=\"\" width=\"253\" height=\"36\" srcset=\"https:\/\/www.zmodrehokralovstvi.cz\/wp-content\/uploads\/2020\/02\/smoth-collie-database.jpg 493w, https:\/\/www.zmodrehokralovstvi.cz\/wp-content\/uploads\/2020\/02\/smoth-collie-database-300x43.jpg 300w\" sizes=\"auto, (max-width: 253px) 100vw, 253px\" \/><\/a><\/pre>\n\n\n\n<div class=\"wp-block-image\">\n<figure class=\"aligncenter size-large\"><img loading=\"lazy\" decoding=\"async\" width=\"1024\" height=\"576\" src=\"https:\/\/www.zmodrehokralovstvi.cz\/wp-content\/uploads\/2023\/04\/Vrh-D-1024x576.jpg\" alt=\"\" class=\"wp-image-9876\" srcset=\"https:\/\/www.zmodrehokralovstvi.cz\/wp-content\/uploads\/2023\/04\/Vrh-D-1024x576.jpg 1024w, https:\/\/www.zmodrehokralovstvi.cz\/wp-content\/uploads\/2023\/04\/Vrh-D-300x169.jpg 300w, https:\/\/www.zmodrehokralovstvi.cz\/wp-content\/uploads\/2023\/04\/Vrh-D-768x432.jpg 768w, https:\/\/www.zmodrehokralovstvi.cz\/wp-content\/uploads\/2023\/04\/Vrh-D-1536x864.jpg 1536w, https:\/\/www.zmodrehokralovstvi.cz\/wp-content\/uploads\/2023\/04\/Vrh-D-rotated.jpg 1920w\" sizes=\"auto, (max-width: 1024px) 100vw, 1024px\" \/><\/figure>\n<\/div>\n\n\n<figure class=\"wp-block-video aligncenter\"><video height=\"1080\" style=\"aspect-ratio: 1920 \/ 1080;\" width=\"1920\" controls src=\"https:\/\/www.zmodrehokralovstvi.cz\/wp-content\/uploads\/2023\/04\/vrh-E.mp4\"><\/video><figcaption class=\"wp-element-caption\">vrh E z&nbsp;Modr\u00e9ho kr\u00e1lovstv\u00ed<\/figcaption><\/figure>\n\n\n\n<p><strong>21:40 \u2013 zlat\u00e1 \u2013 hol\u010di\u010dka \u2013 270g \u2013 \u010derven\u00e1<\/strong><\/p>\n\n\n\n<figure class=\"wp-block-gallery has-nested-images columns-default is-cropped wp-block-gallery-1 is-layout-flex wp-block-gallery-is-layout-flex\">\n<figure class=\"wp-block-image size-large\"><img loading=\"lazy\" decoding=\"async\" width=\"1024\" height=\"819\" data-id=\"9889\" src=\"https:\/\/www.zmodrehokralovstvi.cz\/wp-content\/uploads\/2023\/04\/2023-04-20-14.25.12-1024x819.jpg\" alt=\"\" class=\"wp-image-9889\" srcset=\"https:\/\/www.zmodrehokralovstvi.cz\/wp-content\/uploads\/2023\/04\/2023-04-20-14.25.12-1024x819.jpg 1024w, https:\/\/www.zmodrehokralovstvi.cz\/wp-content\/uploads\/2023\/04\/2023-04-20-14.25.12-300x240.jpg 300w, https:\/\/www.zmodrehokralovstvi.cz\/wp-content\/uploads\/2023\/04\/2023-04-20-14.25.12-768x614.jpg 768w, https:\/\/www.zmodrehokralovstvi.cz\/wp-content\/uploads\/2023\/04\/2023-04-20-14.25.12-1536x1229.jpg 1536w, https:\/\/www.zmodrehokralovstvi.cz\/wp-content\/uploads\/2023\/04\/2023-04-20-14.25.12-2048x1638.jpg 2048w\" sizes=\"auto, (max-width: 1024px) 100vw, 1024px\" \/><\/figure>\n\n\n\n<figure class=\"wp-block-image size-large\"><img loading=\"lazy\" decoding=\"async\" width=\"1024\" height=\"819\" data-id=\"9890\" src=\"https:\/\/www.zmodrehokralovstvi.cz\/wp-content\/uploads\/2023\/04\/2023-04-20-14.25.55-1024x819.jpg\" alt=\"\" class=\"wp-image-9890\" srcset=\"https:\/\/www.zmodrehokralovstvi.cz\/wp-content\/uploads\/2023\/04\/2023-04-20-14.25.55-1024x819.jpg 1024w, https:\/\/www.zmodrehokralovstvi.cz\/wp-content\/uploads\/2023\/04\/2023-04-20-14.25.55-300x240.jpg 300w, https:\/\/www.zmodrehokralovstvi.cz\/wp-content\/uploads\/2023\/04\/2023-04-20-14.25.55-768x614.jpg 768w, https:\/\/www.zmodrehokralovstvi.cz\/wp-content\/uploads\/2023\/04\/2023-04-20-14.25.55-1536x1229.jpg 1536w, https:\/\/www.zmodrehokralovstvi.cz\/wp-content\/uploads\/2023\/04\/2023-04-20-14.25.55-2048x1638.jpg 2048w\" sizes=\"auto, (max-width: 1024px) 100vw, 1024px\" \/><\/figure>\n<\/figure>\n\n\n\n<p>&nbsp;<\/p>\n<p><strong>21:58 \u2013 zlat\u00e1 \u2013 kluk \u2013 354g \u2013 \u010dern\u00e1<br><\/strong><\/p>\n\n\n\n<figure class=\"wp-block-gallery has-nested-images columns-default is-cropped wp-block-gallery-2 is-layout-flex wp-block-gallery-is-layout-flex\">\n<figure class=\"wp-block-image size-large\"><img loading=\"lazy\" decoding=\"async\" width=\"1024\" height=\"768\" data-id=\"9921\" src=\"https:\/\/www.zmodrehokralovstvi.cz\/wp-content\/uploads\/2023\/04\/2023-04-23-19.11.22-1024x768.jpg\" alt=\"\" class=\"wp-image-9921\" srcset=\"https:\/\/www.zmodrehokralovstvi.cz\/wp-content\/uploads\/2023\/04\/2023-04-23-19.11.22-1024x768.jpg 1024w, https:\/\/www.zmodrehokralovstvi.cz\/wp-content\/uploads\/2023\/04\/2023-04-23-19.11.22-300x225.jpg 300w, https:\/\/www.zmodrehokralovstvi.cz\/wp-content\/uploads\/2023\/04\/2023-04-23-19.11.22-768x576.jpg 768w\" sizes=\"auto, (max-width: 1024px) 100vw, 1024px\" \/><\/figure>\n\n\n\n<figure class=\"wp-block-image size-large\"><img loading=\"lazy\" decoding=\"async\" width=\"1024\" height=\"819\" data-id=\"9923\" src=\"https:\/\/www.zmodrehokralovstvi.cz\/wp-content\/uploads\/2023\/04\/2023-04-23-19.11.14-1024x819.jpg\" alt=\"\" class=\"wp-image-9923\" srcset=\"https:\/\/www.zmodrehokralovstvi.cz\/wp-content\/uploads\/2023\/04\/2023-04-23-19.11.14-1024x819.jpg 1024w, https:\/\/www.zmodrehokralovstvi.cz\/wp-content\/uploads\/2023\/04\/2023-04-23-19.11.14-300x240.jpg 300w, https:\/\/www.zmodrehokralovstvi.cz\/wp-content\/uploads\/2023\/04\/2023-04-23-19.11.14-768x614.jpg 768w, https:\/\/www.zmodrehokralovstvi.cz\/wp-content\/uploads\/2023\/04\/2023-04-23-19.11.14-1536x1229.jpg 1536w, https:\/\/www.zmodrehokralovstvi.cz\/wp-content\/uploads\/2023\/04\/2023-04-23-19.11.14-2048x1638.jpg 2048w\" sizes=\"auto, (max-width: 1024px) 100vw, 1024px\" \/><\/figure>\n<\/figure>\n\n\n\n<p>&nbsp;<\/p>\n<p><strong>22:19 \u2013 tricolor \u2013 hol\u010di\u010dka \u2013 266g \u2013 r\u016f\u017eov\u00e1<br><\/strong><\/p>\n\n\n\n<figure class=\"wp-block-gallery has-nested-images columns-default is-cropped wp-block-gallery-3 is-layout-flex wp-block-gallery-is-layout-flex\">\n<figure class=\"wp-block-image size-large\"><img loading=\"lazy\" decoding=\"async\" width=\"1024\" height=\"819\" data-id=\"9898\" src=\"https:\/\/www.zmodrehokralovstvi.cz\/wp-content\/uploads\/2023\/04\/2023-04-20-16.44.31-1024x819.jpg\" alt=\"\" class=\"wp-image-9898\" srcset=\"https:\/\/www.zmodrehokralovstvi.cz\/wp-content\/uploads\/2023\/04\/2023-04-20-16.44.31-1024x819.jpg 1024w, https:\/\/www.zmodrehokralovstvi.cz\/wp-content\/uploads\/2023\/04\/2023-04-20-16.44.31-300x240.jpg 300w, https:\/\/www.zmodrehokralovstvi.cz\/wp-content\/uploads\/2023\/04\/2023-04-20-16.44.31-768x614.jpg 768w, https:\/\/www.zmodrehokralovstvi.cz\/wp-content\/uploads\/2023\/04\/2023-04-20-16.44.31-1536x1229.jpg 1536w, https:\/\/www.zmodrehokralovstvi.cz\/wp-content\/uploads\/2023\/04\/2023-04-20-16.44.31-2048x1638.jpg 2048w\" sizes=\"auto, (max-width: 1024px) 100vw, 1024px\" \/><\/figure>\n\n\n\n<figure class=\"wp-block-image size-large\"><img loading=\"lazy\" decoding=\"async\" width=\"1024\" height=\"819\" data-id=\"9899\" src=\"https:\/\/www.zmodrehokralovstvi.cz\/wp-content\/uploads\/2023\/04\/2023-04-20-14.32.01-1024x819.jpg\" alt=\"\" class=\"wp-image-9899\" srcset=\"https:\/\/www.zmodrehokralovstvi.cz\/wp-content\/uploads\/2023\/04\/2023-04-20-14.32.01-1024x819.jpg 1024w, https:\/\/www.zmodrehokralovstvi.cz\/wp-content\/uploads\/2023\/04\/2023-04-20-14.32.01-300x240.jpg 300w, https:\/\/www.zmodrehokralovstvi.cz\/wp-content\/uploads\/2023\/04\/2023-04-20-14.32.01-768x614.jpg 768w, https:\/\/www.zmodrehokralovstvi.cz\/wp-content\/uploads\/2023\/04\/2023-04-20-14.32.01-1536x1229.jpg 1536w, https:\/\/www.zmodrehokralovstvi.cz\/wp-content\/uploads\/2023\/04\/2023-04-20-14.32.01-2048x1638.jpg 2048w\" sizes=\"auto, (max-width: 1024px) 100vw, 1024px\" \/><\/figure>\n<\/figure>\n\n\n\n<p>&nbsp;<\/p>\n<p><strong>22:35 \u2013 zlat\u00e1 \u2013 kluk \u2013 183g \u2013 bez ozna\u010dn\u00edku<br><\/strong><\/p>\n\n\n\n<figure class=\"wp-block-gallery has-nested-images columns-default is-cropped wp-block-gallery-4 is-layout-flex wp-block-gallery-is-layout-flex\">\n<figure class=\"wp-block-image size-large\"><img loading=\"lazy\" decoding=\"async\" width=\"1024\" height=\"819\" data-id=\"9902\" src=\"https:\/\/www.zmodrehokralovstvi.cz\/wp-content\/uploads\/2023\/04\/2023-04-20-16.49.29-1024x819.jpg\" alt=\"\" class=\"wp-image-9902\" srcset=\"https:\/\/www.zmodrehokralovstvi.cz\/wp-content\/uploads\/2023\/04\/2023-04-20-16.49.29-1024x819.jpg 1024w, https:\/\/www.zmodrehokralovstvi.cz\/wp-content\/uploads\/2023\/04\/2023-04-20-16.49.29-300x240.jpg 300w, https:\/\/www.zmodrehokralovstvi.cz\/wp-content\/uploads\/2023\/04\/2023-04-20-16.49.29-768x614.jpg 768w, https:\/\/www.zmodrehokralovstvi.cz\/wp-content\/uploads\/2023\/04\/2023-04-20-16.49.29-1536x1229.jpg 1536w, https:\/\/www.zmodrehokralovstvi.cz\/wp-content\/uploads\/2023\/04\/2023-04-20-16.49.29-2048x1638.jpg 2048w\" sizes=\"auto, (max-width: 1024px) 100vw, 1024px\" \/><\/figure>\n\n\n\n<figure class=\"wp-block-image size-large\"><img loading=\"lazy\" decoding=\"async\" width=\"1024\" height=\"819\" data-id=\"9903\" src=\"https:\/\/www.zmodrehokralovstvi.cz\/wp-content\/uploads\/2023\/04\/2023-04-20-16.49.39-1024x819.jpg\" alt=\"\" class=\"wp-image-9903\" srcset=\"https:\/\/www.zmodrehokralovstvi.cz\/wp-content\/uploads\/2023\/04\/2023-04-20-16.49.39-1024x819.jpg 1024w, https:\/\/www.zmodrehokralovstvi.cz\/wp-content\/uploads\/2023\/04\/2023-04-20-16.49.39-300x240.jpg 300w, https:\/\/www.zmodrehokralovstvi.cz\/wp-content\/uploads\/2023\/04\/2023-04-20-16.49.39-768x614.jpg 768w, https:\/\/www.zmodrehokralovstvi.cz\/wp-content\/uploads\/2023\/04\/2023-04-20-16.49.39-1536x1229.jpg 1536w, https:\/\/www.zmodrehokralovstvi.cz\/wp-content\/uploads\/2023\/04\/2023-04-20-16.49.39-2048x1638.jpg 2048w\" sizes=\"auto, (max-width: 1024px) 100vw, 1024px\" \/><\/figure>\n<\/figure>\n\n\n\n<p>&nbsp;<\/p>\n<p><strong>23:00 \u2013 zlat\u00e1 \u2013 kluk \u2013 320g \u2013 tyrkysov\u00e1<br><\/strong><\/p>\n\n\n\n<figure class=\"wp-block-gallery has-nested-images columns-default is-cropped wp-block-gallery-5 is-layout-flex wp-block-gallery-is-layout-flex\">\n<figure class=\"wp-block-image size-large\"><img loading=\"lazy\" decoding=\"async\" width=\"1024\" height=\"819\" data-id=\"9893\" src=\"https:\/\/www.zmodrehokralovstvi.cz\/wp-content\/uploads\/2023\/04\/2023-04-20-14.27.58-1024x819.jpg\" alt=\"\" class=\"wp-image-9893\" srcset=\"https:\/\/www.zmodrehokralovstvi.cz\/wp-content\/uploads\/2023\/04\/2023-04-20-14.27.58-1024x819.jpg 1024w, https:\/\/www.zmodrehokralovstvi.cz\/wp-content\/uploads\/2023\/04\/2023-04-20-14.27.58-300x240.jpg 300w, https:\/\/www.zmodrehokralovstvi.cz\/wp-content\/uploads\/2023\/04\/2023-04-20-14.27.58-768x614.jpg 768w, https:\/\/www.zmodrehokralovstvi.cz\/wp-content\/uploads\/2023\/04\/2023-04-20-14.27.58-1536x1229.jpg 1536w, https:\/\/www.zmodrehokralovstvi.cz\/wp-content\/uploads\/2023\/04\/2023-04-20-14.27.58-2048x1638.jpg 2048w\" sizes=\"auto, (max-width: 1024px) 100vw, 1024px\" \/><\/figure>\n\n\n\n<figure class=\"wp-block-image size-large\"><img loading=\"lazy\" decoding=\"async\" width=\"1024\" height=\"819\" data-id=\"9894\" src=\"https:\/\/www.zmodrehokralovstvi.cz\/wp-content\/uploads\/2023\/04\/2023-04-20-14.27.48-1024x819.jpg\" alt=\"\" class=\"wp-image-9894\" srcset=\"https:\/\/www.zmodrehokralovstvi.cz\/wp-content\/uploads\/2023\/04\/2023-04-20-14.27.48-1024x819.jpg 1024w, https:\/\/www.zmodrehokralovstvi.cz\/wp-content\/uploads\/2023\/04\/2023-04-20-14.27.48-300x240.jpg 300w, https:\/\/www.zmodrehokralovstvi.cz\/wp-content\/uploads\/2023\/04\/2023-04-20-14.27.48-768x614.jpg 768w, https:\/\/www.zmodrehokralovstvi.cz\/wp-content\/uploads\/2023\/04\/2023-04-20-14.27.48-1536x1229.jpg 1536w, https:\/\/www.zmodrehokralovstvi.cz\/wp-content\/uploads\/2023\/04\/2023-04-20-14.27.48-2048x1638.jpg 2048w\" sizes=\"auto, (max-width: 1024px) 100vw, 1024px\" \/><\/figure>\n<\/figure>\n\n\n\n<p>&nbsp;<\/p>\n<p><strong>00:15 \u2013 tricolor \u2013 hol\u010di\u010dka \u2013 275g \u2013 b\u00edl\u00e1<br><\/strong><\/p>\n\n\n\n<figure class=\"wp-block-gallery has-nested-images columns-default is-cropped wp-block-gallery-6 is-layout-flex wp-block-gallery-is-layout-flex\">\n<figure class=\"wp-block-image size-large\"><img loading=\"lazy\" decoding=\"async\" width=\"1024\" height=\"819\" data-id=\"9905\" src=\"https:\/\/www.zmodrehokralovstvi.cz\/wp-content\/uploads\/2023\/04\/2023-04-20-16.53.30-1024x819.jpg\" alt=\"\" class=\"wp-image-9905\" srcset=\"https:\/\/www.zmodrehokralovstvi.cz\/wp-content\/uploads\/2023\/04\/2023-04-20-16.53.30-1024x819.jpg 1024w, https:\/\/www.zmodrehokralovstvi.cz\/wp-content\/uploads\/2023\/04\/2023-04-20-16.53.30-300x240.jpg 300w, https:\/\/www.zmodrehokralovstvi.cz\/wp-content\/uploads\/2023\/04\/2023-04-20-16.53.30-768x615.jpg 768w, https:\/\/www.zmodrehokralovstvi.cz\/wp-content\/uploads\/2023\/04\/2023-04-20-16.53.30-1536x1229.jpg 1536w, https:\/\/www.zmodrehokralovstvi.cz\/wp-content\/uploads\/2023\/04\/2023-04-20-16.53.30-2048x1639.jpg 2048w\" sizes=\"auto, (max-width: 1024px) 100vw, 1024px\" \/><\/figure>\n\n\n\n<figure class=\"wp-block-image size-large\"><img loading=\"lazy\" decoding=\"async\" width=\"1024\" height=\"819\" data-id=\"9907\" src=\"https:\/\/www.zmodrehokralovstvi.cz\/wp-content\/uploads\/2023\/04\/2023-04-20-16.53.08-1024x819.jpg\" alt=\"\" class=\"wp-image-9907\" srcset=\"https:\/\/www.zmodrehokralovstvi.cz\/wp-content\/uploads\/2023\/04\/2023-04-20-16.53.08-1024x819.jpg 1024w, https:\/\/www.zmodrehokralovstvi.cz\/wp-content\/uploads\/2023\/04\/2023-04-20-16.53.08-300x240.jpg 300w, https:\/\/www.zmodrehokralovstvi.cz\/wp-content\/uploads\/2023\/04\/2023-04-20-16.53.08-768x614.jpg 768w, https:\/\/www.zmodrehokralovstvi.cz\/wp-content\/uploads\/2023\/04\/2023-04-20-16.53.08-1536x1229.jpg 1536w, https:\/\/www.zmodrehokralovstvi.cz\/wp-content\/uploads\/2023\/04\/2023-04-20-16.53.08-2048x1639.jpg 2048w\" sizes=\"auto, (max-width: 1024px) 100vw, 1024px\" \/><\/figure>\n<\/figure>\n\n\n\n<p>&nbsp;<\/p>\n<p><strong>01:00 \u2013 tricolor \u2013 kluk \u2013 290g \u2013 hn\u011bd\u00e1<br><\/strong><\/p>\n\n\n\n<figure class=\"wp-block-gallery has-nested-images columns-default is-cropped wp-block-gallery-7 is-layout-flex wp-block-gallery-is-layout-flex\">\n<figure class=\"wp-block-image size-large\"><img loading=\"lazy\" decoding=\"async\" width=\"1024\" height=\"819\" data-id=\"9910\" src=\"https:\/\/www.zmodrehokralovstvi.cz\/wp-content\/uploads\/2023\/04\/2023-04-20-16.55.00-1024x819.jpg\" alt=\"\" class=\"wp-image-9910\" srcset=\"https:\/\/www.zmodrehokralovstvi.cz\/wp-content\/uploads\/2023\/04\/2023-04-20-16.55.00-1024x819.jpg 1024w, https:\/\/www.zmodrehokralovstvi.cz\/wp-content\/uploads\/2023\/04\/2023-04-20-16.55.00-300x240.jpg 300w, https:\/\/www.zmodrehokralovstvi.cz\/wp-content\/uploads\/2023\/04\/2023-04-20-16.55.00-768x614.jpg 768w, https:\/\/www.zmodrehokralovstvi.cz\/wp-content\/uploads\/2023\/04\/2023-04-20-16.55.00-1536x1229.jpg 1536w, https:\/\/www.zmodrehokralovstvi.cz\/wp-content\/uploads\/2023\/04\/2023-04-20-16.55.00-2048x1638.jpg 2048w\" sizes=\"auto, (max-width: 1024px) 100vw, 1024px\" \/><\/figure>\n\n\n\n<figure class=\"wp-block-image size-large\"><img loading=\"lazy\" decoding=\"async\" width=\"1024\" height=\"819\" data-id=\"9911\" src=\"https:\/\/www.zmodrehokralovstvi.cz\/wp-content\/uploads\/2023\/04\/2023-04-20-16.56.05-1024x819.jpg\" alt=\"\" class=\"wp-image-9911\" srcset=\"https:\/\/www.zmodrehokralovstvi.cz\/wp-content\/uploads\/2023\/04\/2023-04-20-16.56.05-1024x819.jpg 1024w, https:\/\/www.zmodrehokralovstvi.cz\/wp-content\/uploads\/2023\/04\/2023-04-20-16.56.05-300x240.jpg 300w, https:\/\/www.zmodrehokralovstvi.cz\/wp-content\/uploads\/2023\/04\/2023-04-20-16.56.05-768x614.jpg 768w, https:\/\/www.zmodrehokralovstvi.cz\/wp-content\/uploads\/2023\/04\/2023-04-20-16.56.05-1536x1229.jpg 1536w, https:\/\/www.zmodrehokralovstvi.cz\/wp-content\/uploads\/2023\/04\/2023-04-20-16.56.05-2048x1639.jpg 2048w\" sizes=\"auto, (max-width: 1024px) 100vw, 1024px\" \/><\/figure>\n<\/figure>\n\n\n\n<p>&nbsp;<\/p>\n<p><strong>23.4.2023 &#8211;&nbsp; ten \u010das let\u00ed a m\u00e1me za sebou 4 dny \u017eivota (a mal\u00fd Ed\u00edk se stra\u0161n\u011b sna\u017e\u00ed a ostatn\u00ed rychle doh\u00e1n\u00ed &#8211; u\u017e ma 320g!)<\/strong><\/p>\n\n\n\nngg_shortcode_0_placeholder\n\n\n\n<p>&nbsp;<\/p>\n<p><strong>2.5.2023 &#8211; 14&nbsp;dn\u00ed a my u\u017e za\u010d\u00edn\u00e1me vypadat jako pejsci a otev\u00edraj\u00ed se n\u00e1m o\u010di! A mal\u00fd Ed\u00edk dohnal ve v\u00e1ze svoje sest\u0159i\u010dky &#8211; m\u00e1 u\u017e 660g &#8211; je to pa\u0161\u00e1k.<\/strong><\/p>\n\n\n<div class=\"wp-block-image\">\n<figure class=\"aligncenter size-large\"><img loading=\"lazy\" decoding=\"async\" width=\"1024\" height=\"768\" src=\"https:\/\/www.zmodrehokralovstvi.cz\/wp-content\/uploads\/2023\/05\/2023-05-02-06.33.35-1024x768.jpg\" alt=\"\" class=\"wp-image-9969\" srcset=\"https:\/\/www.zmodrehokralovstvi.cz\/wp-content\/uploads\/2023\/05\/2023-05-02-06.33.35-1024x768.jpg 1024w, https:\/\/www.zmodrehokralovstvi.cz\/wp-content\/uploads\/2023\/05\/2023-05-02-06.33.35-300x225.jpg 300w, https:\/\/www.zmodrehokralovstvi.cz\/wp-content\/uploads\/2023\/05\/2023-05-02-06.33.35-768x576.jpg 768w\" sizes=\"auto, (max-width: 1024px) 100vw, 1024px\" \/><\/figure>\n<\/div>\n\n\n<p>&nbsp;<\/p>\n<p>8<strong>.5.2033 &#8211; u\u017e je n\u00e1m 19 dn\u00ed, zat\u00edm se jen batol\u00edme, ale rosteme a tloustneme a \u010d\u016frat um\u00edme kr\u00e1sn\u011b \ud83d\ude42<\/strong><\/p>\n\n\n\n<figure class=\"wp-block-video\"><video height=\"720\" style=\"aspect-ratio: 1280 \/ 720;\" width=\"1280\" controls src=\"https:\/\/www.zmodrehokralovstvi.cz\/wp-content\/uploads\/2023\/05\/2023-05-08-vrh-E.mp4\"><\/video><\/figure>\n\n\n\n<p>&nbsp;<\/p>\n<p><strong>13.5.2023 &#8211; Zase jsme povyrostli a tak u\u017e jdeme z&nbsp;bedny do velk\u00e9 ohr\u00e1dky, abychom se mohli pr\u00e1t a hr\u00e1t si \ud83d\ude42 je\u0161t\u011b p\u00e1r dn\u00ed a budeme moct j\u00edt ven jako na\u0161i sourozenci z&nbsp;vrhu D<\/strong><\/p>\n\n\n\n<figure class=\"wp-block-video aligncenter\"><video height=\"720\" style=\"aspect-ratio: 1280 \/ 720;\" width=\"1280\" controls src=\"https:\/\/www.zmodrehokralovstvi.cz\/wp-content\/uploads\/2023\/05\/2023-05-13-19.46.34__HD_titulky.mp4\"><\/video><\/figure>\n\n\n\n<p><\/p>\n\n\n\n<figure class=\"wp-block-video aligncenter\"><video height=\"720\" style=\"aspect-ratio: 1280 \/ 720;\" width=\"1280\" controls src=\"https:\/\/www.zmodrehokralovstvi.cz\/wp-content\/uploads\/2023\/05\/2023-05-20_SD_tit.mp4\"><\/video><\/figure>\n\n\n\n<p>&nbsp;<\/p>\n<p><strong>27.5.2023 &#8211; Dnes jsme v\u0161ichni m\u011bli k&nbsp;dispozici celou zahradu a tak jsme si to n\u00e1le\u017eit\u011b u\u017eili (D a E). Moc d\u011bkujeme Blance <a href=\"http:\/\/www.dvurbazantnice.cz\/\" target=\"_blank\" rel=\"noopener\">&#8222;Dv\u016fr Ba\u017eantnice&#8220;<\/a> za kr\u00e1sn\u00e9 fotky!<\/strong><\/p>\n\n\n\nngg_shortcode_1_placeholder\n","protected":false},"excerpt":{"rendered":"<p>Datum narozen\u00ed: 19.4.2023 v\u0161echna \u0161t\u011b\u0148\u00e1tka jsou rezervov\u00e1na \/ all puppies are reserved matka: Bezinka z&nbsp;Modr\u00e9ho kr\u00e1lovstv\u00ed &#8222;R\u016f\u017eenka&#8220; Health:Eyes clear (as puppy)CEA DNA N\/N (Genomia)PRA (rcd2) DNA N\/P (Genomia)MDR1 (ABCB1) N\/N (Genomia)DM (SOD1) N\/N (Genomia)FGF5 gen ovliv\u0148uj\u00edc\u00edch d\u00e9lku srsti N\/N (Genomia)Detekce mutace genu RYR1 zp\u016fsobuj\u00edc\u00ed malign\u00ed hypertermii po expozici vyvol\u00e1vac\u00edch l\u00e1tek u r\u016fzn\u00fdch plemen ps\u016f &#8211; [&hellip;]<\/p>\n","protected":false},"author":2,"featured_media":0,"parent":0,"menu_order":0,"comment_status":"closed","ping_status":"closed","template":"","meta":{"ngg_post_thumbnail":0,"footnotes":""},"class_list":["post-9855","page","type-page","status-publish","hentry","entry"],"post_mailing_queue_ids":[],"_links":{"self":[{"href":"https:\/\/www.zmodrehokralovstvi.cz\/index.php\/wp-json\/wp\/v2\/pages\/9855","targetHints":{"allow":["GET"]}}],"collection":[{"href":"https:\/\/www.zmodrehokralovstvi.cz\/index.php\/wp-json\/wp\/v2\/pages"}],"about":[{"href":"https:\/\/www.zmodrehokralovstvi.cz\/index.php\/wp-json\/wp\/v2\/types\/page"}],"author":[{"embeddable":true,"href":"https:\/\/www.zmodrehokralovstvi.cz\/index.php\/wp-json\/wp\/v2\/users\/2"}],"replies":[{"embeddable":true,"href":"https:\/\/www.zmodrehokralovstvi.cz\/index.php\/wp-json\/wp\/v2\/comments?post=9855"}],"version-history":[{"count":42,"href":"https:\/\/www.zmodrehokralovstvi.cz\/index.php\/wp-json\/wp\/v2\/pages\/9855\/revisions"}],"predecessor-version":[{"id":10238,"href":"https:\/\/www.zmodrehokralovstvi.cz\/index.php\/wp-json\/wp\/v2\/pages\/9855\/revisions\/10238"}],"wp:attachment":[{"href":"https:\/\/www.zmodrehokralovstvi.cz\/index.php\/wp-json\/wp\/v2\/media?parent=9855"}],"curies":[{"name":"wp","href":"https:\/\/api.w.org\/{rel}","templated":true}]}}