{"id":9745,"date":"2023-04-17T07:30:44","date_gmt":"2023-04-17T06:30:44","guid":{"rendered":"https:\/\/www.zmodrehokralovstvi.cz\/?page_id=9745"},"modified":"2023-05-28T09:14:52","modified_gmt":"2023-05-28T08:14:52","slug":"vrh-d","status":"publish","type":"page","link":"https:\/\/www.zmodrehokralovstvi.cz\/index.php\/vrh-d\/","title":{"rendered":"Vrh D"},"content":{"rendered":"\n<h2 class=\"wp-block-heading\" id=\"datum-narozeni-13-4-2019\">Datum narozen\u00ed: 14.4.2023<\/h2>\n\n\n<p><em><span style=\"color: #ff0000;\">v\u0161echna \u0161t\u011b\u0148\u00e1tka jsou rezervov\u00e1na \/ <span class=\"HwtZe\" lang=\"en\"><span class=\"jCAhz ChMk0b\"><span class=\"ryNqvb\">all puppies are reserved<\/span><\/span><\/span><\/span><br><\/em><\/p>\n\n\n<p>matka: <a aria-label=\" (otev\u0159e se na nov\u00e9 z\u00e1lo\u017ece)\" href=\"http:\/\/www.smooth-collie.net\/view.php?id=13517\" target=\"_blank\" rel=\"noreferrer noopener\">Adina Dv\u016fr Ba\u017eantnice<\/a><\/p>\n\n\n\n<p class=\"has-small-font-size\"><strong>Health:<\/strong><br>Eyes clear (as puppy)<br>CEA DNA N\/N (Genomia)<br>PRA (rcd2) DNA N\/N (Genomia)<br>MDR1 (ABCB1) N\/N (Genomia)<br>DM (SOD1) N\/N (Genomia)<br>FGF5 gen ovliv\u0148uj\u00edc\u00edch d\u00e9lku srsti N\/N (Genomia)<br><em><a href=\"https:\/\/www.zmodrehokralovstvi.cz\/index.php\/cv-adina-dvur-bazantnice\/\" data-type=\"page\" data-id=\"987\">V\u00fdsledky test\u016f m\u00e1me k&nbsp;dispozici v&nbsp;CZ a EN.<\/a> <\/em><br><a href=\"https:\/\/www.zmodrehokralovstvi.cz\/index.php\/cv-adina-dvur-bazantnice\/\" data-type=\"page\" data-id=\"987\"><em>Test results are available in CZ and EN languages.<\/em> <\/a><\/p>\n\n\n\n<p>otec: <a href=\"https:\/\/www.smooth-collie.net\/view.php?id=14945\" target=\"_blank\" rel=\"noreferrer noopener\">Samu &#8211; Cassius Clay from the Sun of China<\/a> <\/p>\n\n\n\n<p class=\"has-small-font-size\"><strong>Health:<\/strong><br>Eyes clear (7 weeks &#8211; 27.12.2017)<br>HD A1<br>ED 0<br>CEA DNA non-carrier (Laboklin)<br>PRA (rcd2) DNA non-carrier (Laboklin)<br>MDR1 N\/N (Laboklin)<br>DM (SOD1) N\/N (Laboklin)<br>HUU (SLC) non-carrier (Laboklin)<\/p>\n\n\n\n<ul>\n<li><strong>Dakota &#8211; 19:45 &#8211; zlat\u00e1 &#8211; hol\u010di\u010dka &#8211; 300g &#8211; \u017elut\u00e1<br><\/strong><\/li>\n<li><strong>Dub\u011bnka &#8211; 21:10 &#8211; zlat\u00e1 &#8211; hol\u010di\u010dka &#8211; 363g &#8211; oran\u017eov\u00e1<br><\/strong><\/li>\n<li><strong>Dot.com &#8211; 21:54 &#8211; zlat\u00e1 &#8211; kluk &#8211; 399g &#8211; modr\u00e1<br><\/strong><\/li>\n<li><strong>Daphne &#8211; 23:57 &#8211; zlat\u00e1 &#8211; hol\u010di\u010dka &#8211; 373g &#8211; \u0161ed\u00e1<br><\/strong><\/li>\n<li><strong>Dragon &#8211; 00:17 &#8211; zlat\u00e1 &#8211; kluk &#8211; 399g &#8211; zelen\u00e1<br><\/strong><\/li>\n<li><strong>Duha &#8211; 01:12 &#8211; zlat\u00e1 &#8211; hol\u010di\u010dka -390g &#8211; fialov\u00e1<\/strong><\/li>\n<\/ul>\n\n\n<pre>Odkaz na vrh do datab\u00e1ze koli\u00ed:<br><a href=\"https:\/\/www.smooth-collie.net\/view_litter.php?id=7312\" target=\"_blank\" rel=\"noopener noreferrer\" data-wplink-edit=\"true\"><img loading=\"lazy\" decoding=\"async\" class=\"alignnone  wp-image-2498\" src=\"https:\/\/www.zmodrehokralovstvi.cz\/wp-content\/uploads\/2020\/02\/smoth-collie-database.jpg\" alt=\"\" width=\"253\" height=\"36\" srcset=\"https:\/\/www.zmodrehokralovstvi.cz\/wp-content\/uploads\/2020\/02\/smoth-collie-database.jpg 493w, https:\/\/www.zmodrehokralovstvi.cz\/wp-content\/uploads\/2020\/02\/smoth-collie-database-300x43.jpg 300w\" sizes=\"auto, (max-width: 253px) 100vw, 253px\" \/><\/a><\/pre>\n\n<div class=\"wp-block-image\">\n<figure class=\"aligncenter size-large\"><img loading=\"lazy\" decoding=\"async\" width=\"1024\" height=\"768\" src=\"https:\/\/www.zmodrehokralovstvi.cz\/wp-content\/uploads\/2023\/04\/2023-04-15-11.23.50-1024x768.jpg\" alt=\"\" class=\"wp-image-9752\" srcset=\"https:\/\/www.zmodrehokralovstvi.cz\/wp-content\/uploads\/2023\/04\/2023-04-15-11.23.50-1024x768.jpg 1024w, https:\/\/www.zmodrehokralovstvi.cz\/wp-content\/uploads\/2023\/04\/2023-04-15-11.23.50-300x225.jpg 300w, https:\/\/www.zmodrehokralovstvi.cz\/wp-content\/uploads\/2023\/04\/2023-04-15-11.23.50-768x576.jpg 768w\" sizes=\"auto, (max-width: 1024px) 100vw, 1024px\" \/><\/figure>\n<\/div>\n\n\n<figure class=\"wp-block-video\"><video height=\"352\" style=\"aspect-ratio: 640 \/ 352;\" width=\"640\" controls src=\"https:\/\/www.zmodrehokralovstvi.cz\/wp-content\/uploads\/2023\/04\/vrh-D.mp4\"><\/video><figcaption class=\"wp-element-caption\"><strong>vrh D z&nbsp;Modr\u00e9ho kr\u00e1lovstv\u00ed<\/strong><\/figcaption><\/figure>\n\n\n\n<p>&nbsp;<\/p>\n<p><strong>19:45 \u2013 zlat\u00e1 \u2013 hol\u010di\u010dka &#8211; 300g \u2013 \u017elut\u00e1<\/strong><\/p>\n\n\n\n<figure class=\"wp-block-gallery has-nested-images columns-default is-cropped wp-block-gallery-1 is-layout-flex wp-block-gallery-is-layout-flex\">\n<figure class=\"wp-block-image size-large\"><img loading=\"lazy\" decoding=\"async\" width=\"1024\" height=\"658\" data-id=\"9775\" src=\"https:\/\/www.zmodrehokralovstvi.cz\/wp-content\/uploads\/2023\/04\/2023-04-16-10.52.26-1024x658.jpg\" alt=\"\" class=\"wp-image-9775\" srcset=\"https:\/\/www.zmodrehokralovstvi.cz\/wp-content\/uploads\/2023\/04\/2023-04-16-10.52.26-1024x658.jpg 1024w, https:\/\/www.zmodrehokralovstvi.cz\/wp-content\/uploads\/2023\/04\/2023-04-16-10.52.26-300x193.jpg 300w, https:\/\/www.zmodrehokralovstvi.cz\/wp-content\/uploads\/2023\/04\/2023-04-16-10.52.26-768x494.jpg 768w, https:\/\/www.zmodrehokralovstvi.cz\/wp-content\/uploads\/2023\/04\/2023-04-16-10.52.26-1536x988.jpg 1536w, https:\/\/www.zmodrehokralovstvi.cz\/wp-content\/uploads\/2023\/04\/2023-04-16-10.52.26-2048x1317.jpg 2048w\" sizes=\"auto, (max-width: 1024px) 100vw, 1024px\" \/><\/figure>\n\n\n\n<figure class=\"wp-block-image size-large\"><img loading=\"lazy\" decoding=\"async\" width=\"1024\" height=\"705\" data-id=\"9777\" src=\"https:\/\/www.zmodrehokralovstvi.cz\/wp-content\/uploads\/2023\/04\/2023-04-16-10.52.33-1024x705.jpg\" alt=\"\" class=\"wp-image-9777\" srcset=\"https:\/\/www.zmodrehokralovstvi.cz\/wp-content\/uploads\/2023\/04\/2023-04-16-10.52.33-1024x705.jpg 1024w, https:\/\/www.zmodrehokralovstvi.cz\/wp-content\/uploads\/2023\/04\/2023-04-16-10.52.33-300x206.jpg 300w, https:\/\/www.zmodrehokralovstvi.cz\/wp-content\/uploads\/2023\/04\/2023-04-16-10.52.33-768x528.jpg 768w, https:\/\/www.zmodrehokralovstvi.cz\/wp-content\/uploads\/2023\/04\/2023-04-16-10.52.33-1536x1057.jpg 1536w, https:\/\/www.zmodrehokralovstvi.cz\/wp-content\/uploads\/2023\/04\/2023-04-16-10.52.33-2048x1409.jpg 2048w\" sizes=\"auto, (max-width: 1024px) 100vw, 1024px\" \/><\/figure>\n<\/figure>\n\n\n\n<p>&nbsp;<\/p>\n<p><strong>21:10 \u2013 zlat\u00e1 \u2013 hol\u010di\u010dka \u2013 363g \u2013 oran\u017eov\u00e1<\/strong><\/p>\n\n\n\n<figure class=\"wp-block-gallery has-nested-images columns-default is-cropped wp-block-gallery-2 is-layout-flex wp-block-gallery-is-layout-flex\">\n<figure class=\"wp-block-image size-large\"><img loading=\"lazy\" decoding=\"async\" width=\"1024\" height=\"832\" data-id=\"9779\" src=\"https:\/\/www.zmodrehokralovstvi.cz\/wp-content\/uploads\/2023\/04\/2023-04-16-10.54.40-1024x832.jpg\" alt=\"\" class=\"wp-image-9779\" srcset=\"https:\/\/www.zmodrehokralovstvi.cz\/wp-content\/uploads\/2023\/04\/2023-04-16-10.54.40-1024x832.jpg 1024w, https:\/\/www.zmodrehokralovstvi.cz\/wp-content\/uploads\/2023\/04\/2023-04-16-10.54.40-300x244.jpg 300w, https:\/\/www.zmodrehokralovstvi.cz\/wp-content\/uploads\/2023\/04\/2023-04-16-10.54.40-768x624.jpg 768w, https:\/\/www.zmodrehokralovstvi.cz\/wp-content\/uploads\/2023\/04\/2023-04-16-10.54.40-1536x1248.jpg 1536w, https:\/\/www.zmodrehokralovstvi.cz\/wp-content\/uploads\/2023\/04\/2023-04-16-10.54.40-2048x1665.jpg 2048w\" sizes=\"auto, (max-width: 1024px) 100vw, 1024px\" \/><\/figure>\n\n\n\n<figure class=\"wp-block-image size-large\"><img loading=\"lazy\" decoding=\"async\" width=\"1024\" height=\"713\" data-id=\"9781\" src=\"https:\/\/www.zmodrehokralovstvi.cz\/wp-content\/uploads\/2023\/04\/2023-04-16-10.54.10-1024x713.jpg\" alt=\"\" class=\"wp-image-9781\" srcset=\"https:\/\/www.zmodrehokralovstvi.cz\/wp-content\/uploads\/2023\/04\/2023-04-16-10.54.10-1024x713.jpg 1024w, https:\/\/www.zmodrehokralovstvi.cz\/wp-content\/uploads\/2023\/04\/2023-04-16-10.54.10-300x209.jpg 300w, https:\/\/www.zmodrehokralovstvi.cz\/wp-content\/uploads\/2023\/04\/2023-04-16-10.54.10-768x535.jpg 768w, https:\/\/www.zmodrehokralovstvi.cz\/wp-content\/uploads\/2023\/04\/2023-04-16-10.54.10-1536x1070.jpg 1536w, https:\/\/www.zmodrehokralovstvi.cz\/wp-content\/uploads\/2023\/04\/2023-04-16-10.54.10-2048x1427.jpg 2048w\" sizes=\"auto, (max-width: 1024px) 100vw, 1024px\" \/><\/figure>\n<\/figure>\n\n\n\n<p>&nbsp;<\/p>\n<p><strong>21:54 \u2013 zlat\u00e1 \u2013 kluk \u2013 399g \u2013 modr\u00e1<\/strong><\/p>\n\n\n\n<figure class=\"wp-block-gallery has-nested-images columns-default is-cropped wp-block-gallery-3 is-layout-flex wp-block-gallery-is-layout-flex\">\n<figure class=\"wp-block-image size-large\"><img loading=\"lazy\" decoding=\"async\" width=\"1024\" height=\"768\" data-id=\"9783\" src=\"https:\/\/www.zmodrehokralovstvi.cz\/wp-content\/uploads\/2023\/04\/2023-04-16-10.59.08-1024x768.jpg\" alt=\"\" class=\"wp-image-9783\" srcset=\"https:\/\/www.zmodrehokralovstvi.cz\/wp-content\/uploads\/2023\/04\/2023-04-16-10.59.08-1024x768.jpg 1024w, https:\/\/www.zmodrehokralovstvi.cz\/wp-content\/uploads\/2023\/04\/2023-04-16-10.59.08-300x225.jpg 300w, https:\/\/www.zmodrehokralovstvi.cz\/wp-content\/uploads\/2023\/04\/2023-04-16-10.59.08-768x576.jpg 768w, https:\/\/www.zmodrehokralovstvi.cz\/wp-content\/uploads\/2023\/04\/2023-04-16-10.59.08-1536x1152.jpg 1536w, https:\/\/www.zmodrehokralovstvi.cz\/wp-content\/uploads\/2023\/04\/2023-04-16-10.59.08-2048x1536.jpg 2048w\" sizes=\"auto, (max-width: 1024px) 100vw, 1024px\" \/><\/figure>\n\n\n\n<figure class=\"wp-block-image size-large\"><img loading=\"lazy\" decoding=\"async\" width=\"1024\" height=\"768\" data-id=\"9785\" src=\"https:\/\/www.zmodrehokralovstvi.cz\/wp-content\/uploads\/2023\/04\/2023-04-16-10.59.16-1024x768.jpg\" alt=\"\" class=\"wp-image-9785\" srcset=\"https:\/\/www.zmodrehokralovstvi.cz\/wp-content\/uploads\/2023\/04\/2023-04-16-10.59.16-1024x768.jpg 1024w, https:\/\/www.zmodrehokralovstvi.cz\/wp-content\/uploads\/2023\/04\/2023-04-16-10.59.16-300x225.jpg 300w, https:\/\/www.zmodrehokralovstvi.cz\/wp-content\/uploads\/2023\/04\/2023-04-16-10.59.16-768x576.jpg 768w, https:\/\/www.zmodrehokralovstvi.cz\/wp-content\/uploads\/2023\/04\/2023-04-16-10.59.16-1536x1152.jpg 1536w, https:\/\/www.zmodrehokralovstvi.cz\/wp-content\/uploads\/2023\/04\/2023-04-16-10.59.16-2048x1536.jpg 2048w\" sizes=\"auto, (max-width: 1024px) 100vw, 1024px\" \/><\/figure>\n<\/figure>\n\n\n\n<p>&nbsp;<\/p>\n<p><strong>23:57 \u2013 zlat\u00e1 \u2013 hol\u010di\u010dka \u2013 373g \u2013 \u0161ed\u00e1<\/strong><\/p>\n\n\n\n<figure class=\"wp-block-gallery has-nested-images columns-default is-cropped wp-block-gallery-4 is-layout-flex wp-block-gallery-is-layout-flex\">\n<figure class=\"wp-block-image size-large\"><img loading=\"lazy\" decoding=\"async\" width=\"1024\" height=\"768\" data-id=\"9787\" src=\"https:\/\/www.zmodrehokralovstvi.cz\/wp-content\/uploads\/2023\/04\/2023-04-16-10.57.02-1024x768.jpg\" alt=\"\" class=\"wp-image-9787\" srcset=\"https:\/\/www.zmodrehokralovstvi.cz\/wp-content\/uploads\/2023\/04\/2023-04-16-10.57.02-1024x768.jpg 1024w, https:\/\/www.zmodrehokralovstvi.cz\/wp-content\/uploads\/2023\/04\/2023-04-16-10.57.02-300x225.jpg 300w, https:\/\/www.zmodrehokralovstvi.cz\/wp-content\/uploads\/2023\/04\/2023-04-16-10.57.02-768x576.jpg 768w, https:\/\/www.zmodrehokralovstvi.cz\/wp-content\/uploads\/2023\/04\/2023-04-16-10.57.02-1536x1152.jpg 1536w, https:\/\/www.zmodrehokralovstvi.cz\/wp-content\/uploads\/2023\/04\/2023-04-16-10.57.02-2048x1536.jpg 2048w\" sizes=\"auto, (max-width: 1024px) 100vw, 1024px\" \/><\/figure>\n\n\n\n<figure class=\"wp-block-image size-large\"><img loading=\"lazy\" decoding=\"async\" width=\"1024\" height=\"768\" data-id=\"9789\" src=\"https:\/\/www.zmodrehokralovstvi.cz\/wp-content\/uploads\/2023\/04\/2023-04-16-10.57.17-1024x768.jpg\" alt=\"\" class=\"wp-image-9789\" srcset=\"https:\/\/www.zmodrehokralovstvi.cz\/wp-content\/uploads\/2023\/04\/2023-04-16-10.57.17-1024x768.jpg 1024w, https:\/\/www.zmodrehokralovstvi.cz\/wp-content\/uploads\/2023\/04\/2023-04-16-10.57.17-300x225.jpg 300w, https:\/\/www.zmodrehokralovstvi.cz\/wp-content\/uploads\/2023\/04\/2023-04-16-10.57.17-768x576.jpg 768w, https:\/\/www.zmodrehokralovstvi.cz\/wp-content\/uploads\/2023\/04\/2023-04-16-10.57.17-1536x1152.jpg 1536w, https:\/\/www.zmodrehokralovstvi.cz\/wp-content\/uploads\/2023\/04\/2023-04-16-10.57.17-2048x1536.jpg 2048w\" sizes=\"auto, (max-width: 1024px) 100vw, 1024px\" \/><\/figure>\n<\/figure>\n\n\n\n<p>&nbsp;<\/p>\n<p><strong>00:17 \u2013 zlat\u00e1 \u2013 kluk \u2013 399g \u2013 zelen\u00e1<\/strong><\/p>\n\n\n\n<figure class=\"wp-block-gallery has-nested-images columns-default is-cropped wp-block-gallery-5 is-layout-flex wp-block-gallery-is-layout-flex\">\n<figure class=\"wp-block-image size-large\"><img loading=\"lazy\" decoding=\"async\" width=\"1024\" height=\"768\" data-id=\"9791\" src=\"https:\/\/www.zmodrehokralovstvi.cz\/wp-content\/uploads\/2023\/04\/2023-04-16-11.04.20-1024x768.jpg\" alt=\"\" class=\"wp-image-9791\" srcset=\"https:\/\/www.zmodrehokralovstvi.cz\/wp-content\/uploads\/2023\/04\/2023-04-16-11.04.20-1024x768.jpg 1024w, https:\/\/www.zmodrehokralovstvi.cz\/wp-content\/uploads\/2023\/04\/2023-04-16-11.04.20-300x225.jpg 300w, https:\/\/www.zmodrehokralovstvi.cz\/wp-content\/uploads\/2023\/04\/2023-04-16-11.04.20-768x576.jpg 768w, https:\/\/www.zmodrehokralovstvi.cz\/wp-content\/uploads\/2023\/04\/2023-04-16-11.04.20-1536x1152.jpg 1536w, https:\/\/www.zmodrehokralovstvi.cz\/wp-content\/uploads\/2023\/04\/2023-04-16-11.04.20-2048x1536.jpg 2048w\" sizes=\"auto, (max-width: 1024px) 100vw, 1024px\" \/><\/figure>\n\n\n\n<figure class=\"wp-block-image size-large\"><img loading=\"lazy\" decoding=\"async\" width=\"1024\" height=\"768\" data-id=\"9793\" src=\"https:\/\/www.zmodrehokralovstvi.cz\/wp-content\/uploads\/2023\/04\/2023-04-16-11.04.07-1024x768.jpg\" alt=\"\" class=\"wp-image-9793\" srcset=\"https:\/\/www.zmodrehokralovstvi.cz\/wp-content\/uploads\/2023\/04\/2023-04-16-11.04.07-1024x768.jpg 1024w, https:\/\/www.zmodrehokralovstvi.cz\/wp-content\/uploads\/2023\/04\/2023-04-16-11.04.07-300x225.jpg 300w, https:\/\/www.zmodrehokralovstvi.cz\/wp-content\/uploads\/2023\/04\/2023-04-16-11.04.07-768x576.jpg 768w, https:\/\/www.zmodrehokralovstvi.cz\/wp-content\/uploads\/2023\/04\/2023-04-16-11.04.07-1536x1152.jpg 1536w, https:\/\/www.zmodrehokralovstvi.cz\/wp-content\/uploads\/2023\/04\/2023-04-16-11.04.07-2048x1536.jpg 2048w\" sizes=\"auto, (max-width: 1024px) 100vw, 1024px\" \/><\/figure>\n<\/figure>\n\n\n\n<p>&nbsp;<\/p>\n<p><strong>01:12 \u2013 zlat\u00e1 \u2013 hol\u010di\u010dka -390g \u2013 fialov\u00e1<\/strong><\/p>\n\n\n\n<figure class=\"wp-block-gallery has-nested-images columns-default is-cropped wp-block-gallery-6 is-layout-flex wp-block-gallery-is-layout-flex\">\n<figure class=\"wp-block-image size-large\"><img loading=\"lazy\" decoding=\"async\" width=\"1024\" height=\"768\" data-id=\"9795\" src=\"https:\/\/www.zmodrehokralovstvi.cz\/wp-content\/uploads\/2023\/04\/2023-04-16-11.01.17-1024x768.jpg\" alt=\"\" class=\"wp-image-9795\" srcset=\"https:\/\/www.zmodrehokralovstvi.cz\/wp-content\/uploads\/2023\/04\/2023-04-16-11.01.17-1024x768.jpg 1024w, https:\/\/www.zmodrehokralovstvi.cz\/wp-content\/uploads\/2023\/04\/2023-04-16-11.01.17-300x225.jpg 300w, https:\/\/www.zmodrehokralovstvi.cz\/wp-content\/uploads\/2023\/04\/2023-04-16-11.01.17-768x576.jpg 768w, https:\/\/www.zmodrehokralovstvi.cz\/wp-content\/uploads\/2023\/04\/2023-04-16-11.01.17-1536x1152.jpg 1536w, https:\/\/www.zmodrehokralovstvi.cz\/wp-content\/uploads\/2023\/04\/2023-04-16-11.01.17-2048x1536.jpg 2048w\" sizes=\"auto, (max-width: 1024px) 100vw, 1024px\" \/><\/figure>\n\n\n\n<figure class=\"wp-block-image size-large\"><img loading=\"lazy\" decoding=\"async\" width=\"1024\" height=\"768\" data-id=\"9797\" src=\"https:\/\/www.zmodrehokralovstvi.cz\/wp-content\/uploads\/2023\/04\/2023-04-16-11.01.09-1024x768.jpg\" alt=\"\" class=\"wp-image-9797\" srcset=\"https:\/\/www.zmodrehokralovstvi.cz\/wp-content\/uploads\/2023\/04\/2023-04-16-11.01.09-1024x768.jpg 1024w, https:\/\/www.zmodrehokralovstvi.cz\/wp-content\/uploads\/2023\/04\/2023-04-16-11.01.09-300x225.jpg 300w, https:\/\/www.zmodrehokralovstvi.cz\/wp-content\/uploads\/2023\/04\/2023-04-16-11.01.09-768x576.jpg 768w, https:\/\/www.zmodrehokralovstvi.cz\/wp-content\/uploads\/2023\/04\/2023-04-16-11.01.09-1536x1152.jpg 1536w, https:\/\/www.zmodrehokralovstvi.cz\/wp-content\/uploads\/2023\/04\/2023-04-16-11.01.09-2048x1536.jpg 2048w\" sizes=\"auto, (max-width: 1024px) 100vw, 1024px\" \/><\/figure>\n<\/figure>\n\n\n\n<p>&nbsp;<\/p>\n<p><strong>17.4.2023 &#8211; u\u017e jsou n\u00e1m t\u0159i dny!<\/strong><\/p>\n\n\n\nngg_shortcode_0_placeholder\n\n\n\n<p>&nbsp;<\/p>\n<p><strong>24.4.2023 &#8211; rosteme a tloustneme a jsme 10&nbsp;dn\u00ed na sv\u011bt\u011b<\/strong><\/p>\n\n\n\nngg_shortcode_1_placeholder\n\n\n<p>&nbsp;<\/p>\n<p><strong>2.5.2023 &#8211; u\u017e vid\u00edme a za\u010d\u00edn\u00e1me si hr\u00e1t a pr\u00e1t se, zkou\u0161\u00edme u\u017e i hra\u010dky &#8211; a p\u0159ibyl k&nbsp;n\u00e1m Emanuel z&nbsp;vrhu od R\u016f\u017eenky, proto\u017ee u\u017e byl moc tlust\u00fd a odstrkoval hol\u010di\u010dky od ml\u00edka :-)))) Vzali jsme ho mezi sebe a \u00fapln\u011b do na\u0161\u00ed party zapadnul.<\/strong><\/p>\n\n\nngg_shortcode_2_placeholder\n\n\n\n<p>&nbsp;<\/p>\n<p><strong>8.5.2023 &#8211; HUR\u00c1! je n\u00e1m u\u017e 24&nbsp;dn\u00ed &#8211; d\u011bti dostaly velkou ohr\u00e1dku a mohou se za\u010d\u00edt hodnit a hr\u00e1t si.<\/strong><\/p>\n\n\n\n<figure class=\"wp-block-video\"><video height=\"720\" style=\"aspect-ratio: 1280 \/ 720;\" width=\"1280\" controls src=\"https:\/\/www.zmodrehokralovstvi.cz\/wp-content\/uploads\/2023\/05\/vrh-D-20230508.mp4\"><\/video><\/figure>\n\n\n\n<p>&nbsp;<\/p>\n<p><strong>13.5.2023 &#8211; Aninka dnes vyvedla sv\u00e9 d\u011bti poprv\u00e9 ven a d\u011bti si to n\u00e1le\u017eit\u011b u\u017e\u00edvaly.<\/strong><\/p>\n\n\n\nngg_shortcode_3_placeholder\n\n\n\n<figure class=\"wp-block-video aligncenter\"><video height=\"1280\" style=\"aspect-ratio: 720 \/ 1280;\" width=\"720\" controls src=\"https:\/\/www.zmodrehokralovstvi.cz\/wp-content\/uploads\/2023\/05\/prvne-venku-LR.mp4\"><\/video><\/figure>\n\n\n\n<p>&nbsp;<\/p>\n<p><strong>20.5.2023 &#8211; Dnes je venku kone\u010dn\u011b kr\u00e1sn\u00e9 letn\u00ed po\u010das\u00ed a tak m\u016f\u017eeme b\u00fdt spolu s&nbsp;mlad\u0161\u00edmi sourozenci z&nbsp;vrhu E cel\u00fd den venku.<\/strong><\/p>\n\n\n\n<figure class=\"wp-block-video aligncenter\"><video height=\"720\" style=\"aspect-ratio: 1280 \/ 720;\" width=\"1280\" controls src=\"https:\/\/www.zmodrehokralovstvi.cz\/wp-content\/uploads\/2023\/05\/2023-05-20_SD_tit.mp4\"><\/video><\/figure>\n\n\n\n\n\n<p>&nbsp;<\/p>\n<p><strong>27.5.2023 &#8211; Dnes jsme v\u0161ichni m\u011bli k&nbsp;dispozici celou zahradu a tak jsme si to n\u00e1le\u017eit\u011b u\u017eili (D a E). Moc d\u011bkujeme Blance <a href=\"http:\/\/www.dvurbazantnice.cz\/\" target=\"_blank\" rel=\"noopener\">&#8222;Dv\u016fr Ba\u017eantnice&#8220;<\/a> za kr\u00e1sn\u00e9 fotky!<\/strong><\/p>\n\n\n\nngg_shortcode_4_placeholder\n","protected":false},"excerpt":{"rendered":"<p>Datum narozen\u00ed: 14.4.2023 v\u0161echna \u0161t\u011b\u0148\u00e1tka jsou rezervov\u00e1na \/ all puppies are reserved matka: Adina Dv\u016fr Ba\u017eantnice Health:Eyes clear (as puppy)CEA DNA N\/N (Genomia)PRA (rcd2) DNA N\/N (Genomia)MDR1 (ABCB1) N\/N (Genomia)DM (SOD1) N\/N (Genomia)FGF5 gen ovliv\u0148uj\u00edc\u00edch d\u00e9lku srsti N\/N (Genomia)V\u00fdsledky test\u016f m\u00e1me k&nbsp;dispozici v&nbsp;CZ a EN. Test results are available in CZ and EN languages. otec: [&hellip;]<\/p>\n","protected":false},"author":2,"featured_media":0,"parent":0,"menu_order":0,"comment_status":"closed","ping_status":"closed","template":"","meta":{"ngg_post_thumbnail":0,"footnotes":""},"class_list":["post-9745","page","type-page","status-publish","hentry","entry"],"post_mailing_queue_ids":[],"_links":{"self":[{"href":"https:\/\/www.zmodrehokralovstvi.cz\/index.php\/wp-json\/wp\/v2\/pages\/9745","targetHints":{"allow":["GET"]}}],"collection":[{"href":"https:\/\/www.zmodrehokralovstvi.cz\/index.php\/wp-json\/wp\/v2\/pages"}],"about":[{"href":"https:\/\/www.zmodrehokralovstvi.cz\/index.php\/wp-json\/wp\/v2\/types\/page"}],"author":[{"embeddable":true,"href":"https:\/\/www.zmodrehokralovstvi.cz\/index.php\/wp-json\/wp\/v2\/users\/2"}],"replies":[{"embeddable":true,"href":"https:\/\/www.zmodrehokralovstvi.cz\/index.php\/wp-json\/wp\/v2\/comments?post=9745"}],"version-history":[{"count":47,"href":"https:\/\/www.zmodrehokralovstvi.cz\/index.php\/wp-json\/wp\/v2\/pages\/9745\/revisions"}],"predecessor-version":[{"id":10237,"href":"https:\/\/www.zmodrehokralovstvi.cz\/index.php\/wp-json\/wp\/v2\/pages\/9745\/revisions\/10237"}],"wp:attachment":[{"href":"https:\/\/www.zmodrehokralovstvi.cz\/index.php\/wp-json\/wp\/v2\/media?parent=9745"}],"curies":[{"name":"wp","href":"https:\/\/api.w.org\/{rel}","templated":true}]}}