{"id":8924,"date":"2022-02-16T08:47:47","date_gmt":"2022-02-16T07:47:47","guid":{"rendered":"https:\/\/www.zmodrehokralovstvi.cz\/?page_id=8924"},"modified":"2022-06-06T06:48:53","modified_gmt":"2022-06-06T05:48:53","slug":"vrh-c","status":"publish","type":"page","link":"https:\/\/www.zmodrehokralovstvi.cz\/index.php\/vrh-c\/","title":{"rendered":"Vrh C"},"content":{"rendered":"\n<h2 class=\"wp-block-heading\" id=\"datum-narozeni-13-4-2019\">Datum narozen\u00ed: 18.2.2022<\/h2>\n\n\n<p><em>v\u0161echna \u0161t\u011b\u0148\u00e1tka u\u017e maj\u00ed sv\u016fj nov\u00fd domov \/ <span class=\"VIiyi\" lang=\"en\"><span class=\"JLqJ4b ChMk0b C1N51c\" data-language-for-alternatives=\"en\" data-language-to-translate-into=\"cs\" data-phrase-index=\"0\" data-number-of-phrases=\"1\">all puppies already have their new home<\/span><\/span><br><\/em><\/p>\n\n\n<p>matka: <a aria-label=\" (otev\u0159e se na nov\u00e9 z\u00e1lo\u017ece)\" href=\"http:\/\/www.smooth-collie.net\/view.php?id=13517\" target=\"_blank\" rel=\"noreferrer noopener\">Adina Dv\u016fr Ba\u017eantnice<\/a><\/p>\n\n\n\n<p class=\"has-small-font-size\"><strong>Health:<\/strong><br>Eyes clear (as puppy)<br>CEA DNA N\/N (Genomia)<br>PRA (rcd2) DNA N\/N (Genomia)<br>MDR1 (ABCB1) N\/N (Genomia)<br>DM (SOD1) N\/N (Genomia)<br>FGF5 gen ovliv\u0148uj\u00edc\u00edch d\u00e9lku srsti N\/N (Genomia)<br><em><a href=\"https:\/\/www.zmodrehokralovstvi.cz\/index.php\/cv-adina-dvur-bazantnice\/\" data-type=\"page\" data-id=\"987\">V\u00fdsledky test\u016f m\u00e1me k&nbsp;dispozici v&nbsp;CZ a EN.<\/a> <\/em><br><a href=\"https:\/\/www.zmodrehokralovstvi.cz\/index.php\/cv-adina-dvur-bazantnice\/\" data-type=\"page\" data-id=\"987\"><em>Test results are available in CZ and EN languages.<\/em> <\/a><\/p>\n\n\n\n<p>otec: <a href=\"https:\/\/www.smooth-collie.net\/view_litter.php?id=6883\" target=\"_blank\" rel=\"noreferrer noopener\">Samu &#8211; Cassius Clay from the Sun of China<\/a> <\/p>\n\n\n\n<p class=\"has-small-font-size\"><strong>Health:<\/strong><br>Eyes clear (7 weeks &#8211; 27.12.2017)<br>HD A1<br>ED 0<br>CEA DNA non-carrier (Laboklin)<br>PRA (rcd2) DNA non-carrier (Laboklin)<br>MDR1 N\/N (Laboklin)<br>DM (SOD1) N\/N (Laboklin)<br>HUU (SLC) non-carrier (Laboklin)<\/p>\n\n\n\n<ul>\n<li><strong>CALLA &#8211; 8:56 &#8211; tricolor &#8211; hol\u010di\u010dka &#8211; 345g &#8211; \u017elut\u00e1<br><\/strong><\/li>\n<li><strong>CECIL &#8211; 9:37 &#8211; tricolor &#8211; kluk &#8211; 348g &#8211; \u0161ed\u00e1<br><\/strong><\/li>\n<li><strong>COFFEA LOVE &#8211; 10:34 &#8211; tricolor &#8211; hol\u010di\u010dka &#8211; 300g &#8211; fialov\u00e1<br><\/strong><\/li>\n<li><strong>C\u00c1CORKA &#8211; 10:38 &#8211; zlat\u00e1 &#8211; hol\u010di\u010dka &#8211; 256g &#8211; \u010derven\u00e1<br><\/strong><\/li>\n<li><strong>COOKIE &#8211; 11:26 &#8211; zlat\u00e1 &#8211; hol\u010di\u010dka &#8211; 333g &#8211; oran\u017eov\u00e1<br><\/strong><\/li>\n<li><strong>CASTANEA PYTHAGORA &#8211; 11:48 &#8211; zlat\u00e1 &#8211; hol\u010di\u010dka -350g &#8211; r\u016f\u017eov\u00e1<br><\/strong><\/li>\n<li><strong>CINNAMON &#8211; 13:35 &#8211; tricolor &#8211; kluk &#8211; 311g &#8211; modr\u00e1<br><\/strong><\/li>\n<li><strong>CELESTINUS &#8211; 14:35 &#8211; tricolor &#8211; kluk &#8211; 331g &#8211; zelen\u00e1<br><\/strong><\/li>\n<\/ul>\n\n\n<pre>Odkaz na vrh do datab\u00e1ze koli\u00ed:<br><a href=\"https:\/\/www.smooth-collie.net\/view_litter.php?id=6883\" target=\"_blank\" rel=\"noopener noreferrer\"><img loading=\"lazy\" decoding=\"async\" class=\"alignnone  wp-image-2498\" src=\"https:\/\/www.zmodrehokralovstvi.cz\/wp-content\/uploads\/2020\/02\/smoth-collie-database.jpg\" alt=\"\" width=\"253\" height=\"36\" srcset=\"https:\/\/www.zmodrehokralovstvi.cz\/wp-content\/uploads\/2020\/02\/smoth-collie-database.jpg 493w, https:\/\/www.zmodrehokralovstvi.cz\/wp-content\/uploads\/2020\/02\/smoth-collie-database-300x43.jpg 300w\" sizes=\"auto, (max-width: 253px) 100vw, 253px\" \/><\/a><\/pre>\n\n\n\n<div class=\"wp-block-image\">\n<figure class=\"aligncenter size-large\"><img loading=\"lazy\" decoding=\"async\" width=\"1024\" height=\"664\" src=\"https:\/\/www.zmodrehokralovstvi.cz\/wp-content\/uploads\/2022\/02\/vrh_c_po_narozeni-1024x664.jpg\" alt=\"\" class=\"wp-image-8959\" srcset=\"https:\/\/www.zmodrehokralovstvi.cz\/wp-content\/uploads\/2022\/02\/vrh_c_po_narozeni-1024x664.jpg 1024w, https:\/\/www.zmodrehokralovstvi.cz\/wp-content\/uploads\/2022\/02\/vrh_c_po_narozeni-300x194.jpg 300w, https:\/\/www.zmodrehokralovstvi.cz\/wp-content\/uploads\/2022\/02\/vrh_c_po_narozeni-768x498.jpg 768w, https:\/\/www.zmodrehokralovstvi.cz\/wp-content\/uploads\/2022\/02\/vrh_c_po_narozeni-1536x995.jpg 1536w\" sizes=\"auto, (max-width: 1024px) 100vw, 1024px\" \/><figcaption><strong>18.2.2022 &#8211; Vrh C &#8211; z&nbsp;Modr\u00e9ho kr\u00e1lovstv\u00ed<\/strong><\/figcaption><\/figure>\n<\/div>\n\n\n<p><strong>8:56 \u2013 tricolor \u2013 hol\u010di\u010dka \u2013 345g \u2013 \u017elut\u00e1<\/strong><\/p>\n\n\n\n<figure class=\"wp-block-gallery has-nested-images columns-default is-cropped wp-block-gallery-1 is-layout-flex wp-block-gallery-is-layout-flex\">\n<figure class=\"wp-block-image size-large\"><img loading=\"lazy\" decoding=\"async\" width=\"1024\" height=\"768\" data-id=\"8962\" src=\"https:\/\/www.zmodrehokralovstvi.cz\/wp-content\/uploads\/2022\/02\/zluta1-1024x768.jpg\" alt=\"\" class=\"wp-image-8962\" srcset=\"https:\/\/www.zmodrehokralovstvi.cz\/wp-content\/uploads\/2022\/02\/zluta1-1024x768.jpg 1024w, https:\/\/www.zmodrehokralovstvi.cz\/wp-content\/uploads\/2022\/02\/zluta1-300x225.jpg 300w, https:\/\/www.zmodrehokralovstvi.cz\/wp-content\/uploads\/2022\/02\/zluta1-768x576.jpg 768w\" sizes=\"auto, (max-width: 1024px) 100vw, 1024px\" \/><\/figure>\n\n\n\n<figure class=\"wp-block-image size-large\"><img loading=\"lazy\" decoding=\"async\" width=\"1024\" height=\"768\" data-id=\"8961\" src=\"https:\/\/www.zmodrehokralovstvi.cz\/wp-content\/uploads\/2022\/02\/zluta2-1024x768.jpg\" alt=\"\" class=\"wp-image-8961\" srcset=\"https:\/\/www.zmodrehokralovstvi.cz\/wp-content\/uploads\/2022\/02\/zluta2-1024x768.jpg 1024w, https:\/\/www.zmodrehokralovstvi.cz\/wp-content\/uploads\/2022\/02\/zluta2-300x225.jpg 300w, https:\/\/www.zmodrehokralovstvi.cz\/wp-content\/uploads\/2022\/02\/zluta2-768x576.jpg 768w\" sizes=\"auto, (max-width: 1024px) 100vw, 1024px\" \/><\/figure>\n<\/figure>\n\n\n\n<p><strong>9:37 \u2013 tricolor \u2013 kluk \u2013 348g \u2013 \u0161ed\u00e1<\/strong><\/p>\n\n\n\n<figure class=\"wp-block-gallery has-nested-images columns-default is-cropped wp-block-gallery-2 is-layout-flex wp-block-gallery-is-layout-flex\">\n<figure class=\"wp-block-image size-large\"><img loading=\"lazy\" decoding=\"async\" width=\"1024\" height=\"768\" data-id=\"8964\" src=\"https:\/\/www.zmodrehokralovstvi.cz\/wp-content\/uploads\/2022\/02\/seda1-1024x768.jpg\" alt=\"\" class=\"wp-image-8964\" srcset=\"https:\/\/www.zmodrehokralovstvi.cz\/wp-content\/uploads\/2022\/02\/seda1-1024x768.jpg 1024w, https:\/\/www.zmodrehokralovstvi.cz\/wp-content\/uploads\/2022\/02\/seda1-300x225.jpg 300w, https:\/\/www.zmodrehokralovstvi.cz\/wp-content\/uploads\/2022\/02\/seda1-768x576.jpg 768w\" sizes=\"auto, (max-width: 1024px) 100vw, 1024px\" \/><\/figure>\n\n\n\n<figure class=\"wp-block-image size-large\"><img loading=\"lazy\" decoding=\"async\" width=\"1024\" height=\"768\" data-id=\"8965\" src=\"https:\/\/www.zmodrehokralovstvi.cz\/wp-content\/uploads\/2022\/02\/seda2-1024x768.jpg\" alt=\"\" class=\"wp-image-8965\" srcset=\"https:\/\/www.zmodrehokralovstvi.cz\/wp-content\/uploads\/2022\/02\/seda2-1024x768.jpg 1024w, https:\/\/www.zmodrehokralovstvi.cz\/wp-content\/uploads\/2022\/02\/seda2-300x225.jpg 300w, https:\/\/www.zmodrehokralovstvi.cz\/wp-content\/uploads\/2022\/02\/seda2-768x576.jpg 768w\" sizes=\"auto, (max-width: 1024px) 100vw, 1024px\" \/><\/figure>\n<\/figure>\n\n\n\n<p><strong>10:34 \u2013 tricolor \u2013 hol\u010di\u010dka \u2013 300g \u2013 fialov\u00e1<\/strong><\/p>\n\n\n\n<figure class=\"wp-block-gallery has-nested-images columns-default is-cropped wp-block-gallery-3 is-layout-flex wp-block-gallery-is-layout-flex\">\n<figure class=\"wp-block-image size-large\"><img loading=\"lazy\" decoding=\"async\" width=\"1024\" height=\"768\" data-id=\"8969\" src=\"https:\/\/www.zmodrehokralovstvi.cz\/wp-content\/uploads\/2022\/02\/fialova1-1024x768.jpg\" alt=\"\" class=\"wp-image-8969\" srcset=\"https:\/\/www.zmodrehokralovstvi.cz\/wp-content\/uploads\/2022\/02\/fialova1-1024x768.jpg 1024w, https:\/\/www.zmodrehokralovstvi.cz\/wp-content\/uploads\/2022\/02\/fialova1-300x225.jpg 300w, https:\/\/www.zmodrehokralovstvi.cz\/wp-content\/uploads\/2022\/02\/fialova1-768x576.jpg 768w\" sizes=\"auto, (max-width: 1024px) 100vw, 1024px\" \/><\/figure>\n\n\n\n<figure class=\"wp-block-image size-large\"><img loading=\"lazy\" decoding=\"async\" width=\"1024\" height=\"768\" data-id=\"8968\" src=\"https:\/\/www.zmodrehokralovstvi.cz\/wp-content\/uploads\/2022\/02\/fialova2-1024x768.jpg\" alt=\"\" class=\"wp-image-8968\" srcset=\"https:\/\/www.zmodrehokralovstvi.cz\/wp-content\/uploads\/2022\/02\/fialova2-1024x768.jpg 1024w, https:\/\/www.zmodrehokralovstvi.cz\/wp-content\/uploads\/2022\/02\/fialova2-300x225.jpg 300w, https:\/\/www.zmodrehokralovstvi.cz\/wp-content\/uploads\/2022\/02\/fialova2-768x576.jpg 768w\" sizes=\"auto, (max-width: 1024px) 100vw, 1024px\" \/><\/figure>\n<\/figure>\n\n\n\n<p><strong>10:38 \u2013 zlat\u00e1 \u2013 hol\u010di\u010dka \u2013 256g \u2013 \u010derven\u00e1<\/strong><\/p>\n\n\n\n<figure class=\"wp-block-gallery has-nested-images columns-default is-cropped wp-block-gallery-4 is-layout-flex wp-block-gallery-is-layout-flex\">\n<figure class=\"wp-block-image size-large\"><img loading=\"lazy\" decoding=\"async\" width=\"1024\" height=\"768\" data-id=\"8970\" src=\"https:\/\/www.zmodrehokralovstvi.cz\/wp-content\/uploads\/2022\/02\/cervena1-1024x768.jpg\" alt=\"\" class=\"wp-image-8970\" srcset=\"https:\/\/www.zmodrehokralovstvi.cz\/wp-content\/uploads\/2022\/02\/cervena1-1024x768.jpg 1024w, https:\/\/www.zmodrehokralovstvi.cz\/wp-content\/uploads\/2022\/02\/cervena1-300x225.jpg 300w, https:\/\/www.zmodrehokralovstvi.cz\/wp-content\/uploads\/2022\/02\/cervena1-768x576.jpg 768w\" sizes=\"auto, (max-width: 1024px) 100vw, 1024px\" \/><\/figure>\n\n\n\n<figure class=\"wp-block-image size-large\"><img loading=\"lazy\" decoding=\"async\" width=\"1024\" height=\"768\" data-id=\"8971\" src=\"https:\/\/www.zmodrehokralovstvi.cz\/wp-content\/uploads\/2022\/02\/cervena2-1024x768.jpg\" alt=\"\" class=\"wp-image-8971\" srcset=\"https:\/\/www.zmodrehokralovstvi.cz\/wp-content\/uploads\/2022\/02\/cervena2-1024x768.jpg 1024w, https:\/\/www.zmodrehokralovstvi.cz\/wp-content\/uploads\/2022\/02\/cervena2-300x225.jpg 300w, https:\/\/www.zmodrehokralovstvi.cz\/wp-content\/uploads\/2022\/02\/cervena2-768x576.jpg 768w\" sizes=\"auto, (max-width: 1024px) 100vw, 1024px\" \/><\/figure>\n<\/figure>\n\n\n\n<p><strong>11:26 \u2013 zlat\u00e1 \u2013 hol\u010di\u010dka \u2013 333g \u2013 oran\u017eov\u00e1<\/strong><\/p>\n\n\n\n<figure class=\"wp-block-gallery has-nested-images columns-default is-cropped wp-block-gallery-5 is-layout-flex wp-block-gallery-is-layout-flex\">\n<figure class=\"wp-block-image size-large\"><img loading=\"lazy\" decoding=\"async\" width=\"1024\" height=\"768\" data-id=\"8972\" src=\"https:\/\/www.zmodrehokralovstvi.cz\/wp-content\/uploads\/2022\/02\/oranzova1-1024x768.jpg\" alt=\"\" class=\"wp-image-8972\" srcset=\"https:\/\/www.zmodrehokralovstvi.cz\/wp-content\/uploads\/2022\/02\/oranzova1-1024x768.jpg 1024w, https:\/\/www.zmodrehokralovstvi.cz\/wp-content\/uploads\/2022\/02\/oranzova1-300x225.jpg 300w, https:\/\/www.zmodrehokralovstvi.cz\/wp-content\/uploads\/2022\/02\/oranzova1-768x576.jpg 768w\" sizes=\"auto, (max-width: 1024px) 100vw, 1024px\" \/><\/figure>\n\n\n\n<figure class=\"wp-block-image size-large\"><img loading=\"lazy\" decoding=\"async\" width=\"1024\" height=\"768\" data-id=\"8973\" src=\"https:\/\/www.zmodrehokralovstvi.cz\/wp-content\/uploads\/2022\/02\/oranzova2-1024x768.jpg\" alt=\"\" class=\"wp-image-8973\" srcset=\"https:\/\/www.zmodrehokralovstvi.cz\/wp-content\/uploads\/2022\/02\/oranzova2-1024x768.jpg 1024w, https:\/\/www.zmodrehokralovstvi.cz\/wp-content\/uploads\/2022\/02\/oranzova2-300x225.jpg 300w, https:\/\/www.zmodrehokralovstvi.cz\/wp-content\/uploads\/2022\/02\/oranzova2-768x576.jpg 768w\" sizes=\"auto, (max-width: 1024px) 100vw, 1024px\" \/><\/figure>\n<\/figure>\n\n\n\n<p><strong>11:48 \u2013 zlat\u00e1 \u2013 hol\u010di\u010dka -350g \u2013 r\u016f\u017eov\u00e1<\/strong><\/p>\n\n\n\n<figure class=\"wp-block-gallery has-nested-images columns-default is-cropped wp-block-gallery-6 is-layout-flex wp-block-gallery-is-layout-flex\">\n<figure class=\"wp-block-image size-large\"><img loading=\"lazy\" decoding=\"async\" width=\"1024\" height=\"768\" data-id=\"8976\" src=\"https:\/\/www.zmodrehokralovstvi.cz\/wp-content\/uploads\/2022\/02\/ruzova1-1024x768.jpg\" alt=\"\" class=\"wp-image-8976\" srcset=\"https:\/\/www.zmodrehokralovstvi.cz\/wp-content\/uploads\/2022\/02\/ruzova1-1024x768.jpg 1024w, https:\/\/www.zmodrehokralovstvi.cz\/wp-content\/uploads\/2022\/02\/ruzova1-300x225.jpg 300w, https:\/\/www.zmodrehokralovstvi.cz\/wp-content\/uploads\/2022\/02\/ruzova1-768x576.jpg 768w\" sizes=\"auto, (max-width: 1024px) 100vw, 1024px\" \/><\/figure>\n\n\n\n<figure class=\"wp-block-image size-large\"><img loading=\"lazy\" decoding=\"async\" width=\"1024\" height=\"768\" data-id=\"8975\" src=\"https:\/\/www.zmodrehokralovstvi.cz\/wp-content\/uploads\/2022\/02\/ruzova2-1024x768.jpg\" alt=\"\" class=\"wp-image-8975\" srcset=\"https:\/\/www.zmodrehokralovstvi.cz\/wp-content\/uploads\/2022\/02\/ruzova2-1024x768.jpg 1024w, https:\/\/www.zmodrehokralovstvi.cz\/wp-content\/uploads\/2022\/02\/ruzova2-300x225.jpg 300w, https:\/\/www.zmodrehokralovstvi.cz\/wp-content\/uploads\/2022\/02\/ruzova2-768x576.jpg 768w\" sizes=\"auto, (max-width: 1024px) 100vw, 1024px\" \/><\/figure>\n<\/figure>\n\n\n\n<p><strong>13:35 \u2013 tricolor \u2013 kluk \u2013 311g \u2013 modr\u00e1<\/strong><\/p>\n\n\n\n<figure class=\"wp-block-gallery has-nested-images columns-default is-cropped wp-block-gallery-7 is-layout-flex wp-block-gallery-is-layout-flex\">\n<figure class=\"wp-block-image size-large\"><img loading=\"lazy\" decoding=\"async\" width=\"1024\" height=\"768\" data-id=\"8978\" src=\"https:\/\/www.zmodrehokralovstvi.cz\/wp-content\/uploads\/2022\/02\/modra1-1024x768.jpg\" alt=\"\" class=\"wp-image-8978\" srcset=\"https:\/\/www.zmodrehokralovstvi.cz\/wp-content\/uploads\/2022\/02\/modra1-1024x768.jpg 1024w, https:\/\/www.zmodrehokralovstvi.cz\/wp-content\/uploads\/2022\/02\/modra1-300x225.jpg 300w, https:\/\/www.zmodrehokralovstvi.cz\/wp-content\/uploads\/2022\/02\/modra1-768x576.jpg 768w\" sizes=\"auto, (max-width: 1024px) 100vw, 1024px\" \/><\/figure>\n\n\n\n<figure class=\"wp-block-image size-large\"><img loading=\"lazy\" decoding=\"async\" width=\"1024\" height=\"768\" data-id=\"8979\" src=\"https:\/\/www.zmodrehokralovstvi.cz\/wp-content\/uploads\/2022\/02\/modra2-1024x768.jpg\" alt=\"\" class=\"wp-image-8979\" srcset=\"https:\/\/www.zmodrehokralovstvi.cz\/wp-content\/uploads\/2022\/02\/modra2-1024x768.jpg 1024w, https:\/\/www.zmodrehokralovstvi.cz\/wp-content\/uploads\/2022\/02\/modra2-300x225.jpg 300w, https:\/\/www.zmodrehokralovstvi.cz\/wp-content\/uploads\/2022\/02\/modra2-768x576.jpg 768w\" sizes=\"auto, (max-width: 1024px) 100vw, 1024px\" \/><\/figure>\n<\/figure>\n\n\n\n<p><strong>14:35 \u2013 tricolor \u2013 kluk \u2013 331g \u2013 zelen\u00e1<\/strong><\/p>\n\n\n\n<figure class=\"wp-block-gallery has-nested-images columns-default is-cropped wp-block-gallery-8 is-layout-flex wp-block-gallery-is-layout-flex\">\n<figure class=\"wp-block-image size-large\"><img loading=\"lazy\" decoding=\"async\" width=\"1024\" height=\"768\" data-id=\"8983\" src=\"https:\/\/www.zmodrehokralovstvi.cz\/wp-content\/uploads\/2022\/02\/zelena1-1024x768.jpg\" alt=\"\" class=\"wp-image-8983\" srcset=\"https:\/\/www.zmodrehokralovstvi.cz\/wp-content\/uploads\/2022\/02\/zelena1-1024x768.jpg 1024w, https:\/\/www.zmodrehokralovstvi.cz\/wp-content\/uploads\/2022\/02\/zelena1-300x225.jpg 300w, https:\/\/www.zmodrehokralovstvi.cz\/wp-content\/uploads\/2022\/02\/zelena1-768x576.jpg 768w\" sizes=\"auto, (max-width: 1024px) 100vw, 1024px\" \/><\/figure>\n\n\n\n<figure class=\"wp-block-image size-large\"><img loading=\"lazy\" decoding=\"async\" width=\"1024\" height=\"768\" data-id=\"8980\" src=\"https:\/\/www.zmodrehokralovstvi.cz\/wp-content\/uploads\/2022\/02\/zelena2-1024x768.jpg\" alt=\"\" class=\"wp-image-8980\" srcset=\"https:\/\/www.zmodrehokralovstvi.cz\/wp-content\/uploads\/2022\/02\/zelena2-1024x768.jpg 1024w, https:\/\/www.zmodrehokralovstvi.cz\/wp-content\/uploads\/2022\/02\/zelena2-300x225.jpg 300w, https:\/\/www.zmodrehokralovstvi.cz\/wp-content\/uploads\/2022\/02\/zelena2-768x576.jpg 768w\" sizes=\"auto, (max-width: 1024px) 100vw, 1024px\" \/><\/figure>\n<\/figure>\n\n\n\n<p><strong>Vrh C &#8211; 24.2.2022 &#8211; je\u0161t\u011b n\u00e1m nen\u00ed t\u00fdden<\/strong><\/p>\n\n\n\nngg_shortcode_0_placeholder\n\n\n\n<p><strong>Vrh C &#8211; 1.3.2022 &#8211; n\u011bco malinko p\u0159es t\u00fdden a za\u010d\u00ednaj\u00ed se n\u00e1m otev\u00edrat o\u010di! Sv\u011bt je \u00fa\u017easn\u00fd, vid\u00edme maminku a s\u00e9gru R\u016f\u017eenku&#8230;<\/strong><\/p>\n\n\n\nngg_shortcode_1_placeholder\n\n\n\n<p><strong>Vrh C &#8211; 7.3.2022 &#8211; u\u017e za\u010d\u00edn\u00e1me b\u011bhat a pr\u00e1t se&#8230; asi brzo budeme cht\u00edt v\u011bt\u0161\u00ed ohr\u00e1dku<\/strong><\/p>\n\n\n\n<figure class=\"wp-block-video\"><video height=\"1080\" style=\"aspect-ratio: 1920 \/ 1080;\" width=\"1920\" controls src=\"https:\/\/www.zmodrehokralovstvi.cz\/wp-content\/uploads\/2022\/03\/2022-03-07-17.38.57.mp4\"><\/video><\/figure>\n\n\n\n<p><strong>Vrh C &#8211; 14.3.2022 &#8211; Jsou n\u00e1m t\u0159i t\u00fddny, kone\u010dn\u011b u\u017e m\u00e1me m\u00e1\u010den\u00e9 granulky a m\u00e1me velkou ohr\u00e1dku. V&nbsp;t\u00e9 se to b\u011bh\u00e1!<\/strong><\/p>\n\n\n\nngg_shortcode_2_placeholder\n\n\n\n<p><strong>Vrh C &#8211; 3.t\u00fddny &#8211; Novou ohr\u00e1dku ocenila hlavn\u011b velk\u00e1 sestra R\u016f\u017eenka, proto\u017ee k&nbsp;nim kone\u010dn\u011b m\u016f\u017ee a hned toho vyu\u017eila a za\u010dala se o n\u011b starat.<\/strong><\/p>\n\n\n\n<figure class=\"wp-block-video\"><video height=\"1080\" style=\"aspect-ratio: 1920 \/ 1080;\" width=\"1920\" controls src=\"https:\/\/www.zmodrehokralovstvi.cz\/wp-content\/uploads\/2022\/03\/2022-03-12-11.21.41.mp4\"><\/video><\/figure>\n\n\n\n<p><strong>Vrh C &#8211; 22.3.2022 &#8211; Par\u00e1da! Venku sv\u00edt\u00ed slun\u00ed\u010dko a tak m\u016f\u017eeme prvn\u011b ven na zahradu.<\/strong><\/p>\n\n\n\nngg_shortcode_3_placeholder\n\n\n\n<p><strong>Vrh C &#8211; 27.3.2022 &#8211; Kr\u00e1sn\u011b sv\u00edt\u00ed slun\u00ed\u010dko a tak m\u016f\u017eeme zlobit venku.<\/strong><\/p>\n\n\n\nngg_shortcode_4_placeholder\n","protected":false},"excerpt":{"rendered":"<p>Datum narozen\u00ed: 18.2.2022 v\u0161echna \u0161t\u011b\u0148\u00e1tka u\u017e maj\u00ed sv\u016fj nov\u00fd domov \/ all puppies already have their new home matka: Adina Dv\u016fr Ba\u017eantnice Health:Eyes clear (as puppy)CEA DNA N\/N (Genomia)PRA (rcd2) DNA N\/N (Genomia)MDR1 (ABCB1) N\/N (Genomia)DM (SOD1) N\/N (Genomia)FGF5 gen ovliv\u0148uj\u00edc\u00edch d\u00e9lku srsti N\/N (Genomia)V\u00fdsledky test\u016f m\u00e1me k&nbsp;dispozici v&nbsp;CZ a EN. Test results are available [&hellip;]<\/p>\n","protected":false},"author":2,"featured_media":0,"parent":0,"menu_order":80,"comment_status":"closed","ping_status":"closed","template":"","meta":{"ngg_post_thumbnail":0,"footnotes":""},"class_list":["post-8924","page","type-page","status-publish","hentry","entry"],"post_mailing_queue_ids":[],"_links":{"self":[{"href":"https:\/\/www.zmodrehokralovstvi.cz\/index.php\/wp-json\/wp\/v2\/pages\/8924","targetHints":{"allow":["GET"]}}],"collection":[{"href":"https:\/\/www.zmodrehokralovstvi.cz\/index.php\/wp-json\/wp\/v2\/pages"}],"about":[{"href":"https:\/\/www.zmodrehokralovstvi.cz\/index.php\/wp-json\/wp\/v2\/types\/page"}],"author":[{"embeddable":true,"href":"https:\/\/www.zmodrehokralovstvi.cz\/index.php\/wp-json\/wp\/v2\/users\/2"}],"replies":[{"embeddable":true,"href":"https:\/\/www.zmodrehokralovstvi.cz\/index.php\/wp-json\/wp\/v2\/comments?post=8924"}],"version-history":[{"count":49,"href":"https:\/\/www.zmodrehokralovstvi.cz\/index.php\/wp-json\/wp\/v2\/pages\/8924\/revisions"}],"predecessor-version":[{"id":9346,"href":"https:\/\/www.zmodrehokralovstvi.cz\/index.php\/wp-json\/wp\/v2\/pages\/8924\/revisions\/9346"}],"wp:attachment":[{"href":"https:\/\/www.zmodrehokralovstvi.cz\/index.php\/wp-json\/wp\/v2\/media?parent=8924"}],"curies":[{"name":"wp","href":"https:\/\/api.w.org\/{rel}","templated":true}]}}