{"id":8783,"date":"2021-11-03T16:00:30","date_gmt":"2021-11-03T15:00:30","guid":{"rendered":"https:\/\/www.zmodrehokralovstvi.cz\/?page_id=8783"},"modified":"2023-04-04T12:03:40","modified_gmt":"2023-04-04T11:03:40","slug":"informace-pro-zajemce-o-stenatko","status":"publish","type":"page","link":"https:\/\/www.zmodrehokralovstvi.cz\/index.php\/informace-pro-zajemce-o-stenatko\/","title":{"rendered":"Informace pro z\u00e1jemce o \u0161t\u011bn\u011b"},"content":{"rendered":"\n<p>Chov\u00e1me pouze \u0161t\u011b\u0148\u00e1tka s&nbsp;PP a jedn\u00edm z&nbsp;hlavn\u00edch krit\u00e9ri\u00ed (krom\u011b ocen\u011bn\u00ed a stavby t\u011bla) p\u0159i v\u00fdb\u011bru jejich tat\u00ednka je genetick\u00fd p\u0159edpoklad pro zdrav\u00ed a povaha. Kdy budou \u0161t\u011b\u0148\u00e1tka se dozv\u00edte na str\u00e1nce <a href=\"https:\/\/www.zmodrehokralovstvi.cz\/index.php\/kryti\/\">pl\u00e1novan\u00e1 kryt\u00ed<\/a>.<\/p>\n<p>\u0160t\u011b\u0148\u00e1tka od jejich narozen\u00ed seznamujeme se v\u0161\u00edm, co pot\u0159ebuj\u00ed k&nbsp;\u017eivotu. Od n\u00e1s odch\u00e1zej\u00ed ve v\u011bku 8mi t\u00fddn\u016f socializovan\u00e1, nau\u010den\u00e1 \u010distot\u011b, o\u010dkovan\u00e1, od\u010derven\u00e1, o\u010dipovan\u00e1, s&nbsp;platn\u00fdm mezin\u00e1rodn\u00edm PET pasem, s&nbsp;dokladem o vy\u0161et\u0159en\u00ed certifikovan\u00fdm veterin\u00e1rn\u00edm l\u00e9ka\u0159em na o\u010dn\u00ed genetickou vadu.<\/p>\n<p>Pro na\u0161e \u0161t\u011b\u0148\u00e1tka chceme ten nejlep\u0161\u00ed domov a tak je v&nbsp;\u017e\u00e1dn\u00e9m p\u0159\u00edpad\u011b neprod\u00e1v\u00e1me a ani nerezervujeme po telefonu nebo emailu. Teprve po osobn\u00ed n\u00e1v\u0161t\u011bv\u011b a pohovoru se rozhodneme, zda V\u00e1m \u0161t\u011b\u0148\u00e1tko sv\u011b\u0159\u00edme. Pokud tedy m\u00e1te o \u0161t\u011bn\u011b od n\u00e1s z\u00e1jem, po\u0161lete email (<a href=\"mailto:puppies@zmodrehokralovstvi.cz\">puppies(at)zmodrehokralovstvi.cz<\/a>) s&nbsp;p\u00e1r informacemi o sob\u011b a o m\u00edst\u011b, kde a jak bude \u0161t\u011bn\u011b vyr\u016fstat a domluv\u00edme se na n\u00e1v\u0161t\u011bv\u011b. Sezn\u00e1m\u00edte se s&nbsp;na\u0161imi holkami a ony s&nbsp;V\u00e1mi, popov\u00edd\u00e1me si co p\u0159esn\u011b si p\u0159edstavujete od nov\u00e9ho par\u0165\u00e1ka do rodiny a my V\u00e1m pov\u00edme, jak prob\u00edh\u00e1 odchov \u0161t\u011b\u0148\u00e1tek i co V\u00e1s v&nbsp;prvn\u00edch dnech, t\u00fddnech a m\u011bs\u00edc\u00edch \u010dek\u00e1.<\/p>\n<p>&nbsp;<\/p>\n\n\n\n<div class=\"wp-block-media-text alignwide has-media-on-the-right is-stacked-on-mobile\" style=\"grid-template-columns:auto 29%\"><div class=\"wp-block-media-text__content\">\n<ul>\n<li>Pro\u010d si pejska po\u0159izujete?<\/li>\n<li>Budete na n\u011bho m\u00edt \u010das?<\/li>\n<li>Kdo a kam s&nbsp;n\u00edm bude chodit ven?<\/li>\n<li>Dok\u00e1\u017eete ho vychov\u00e1vat, cvi\u010dit?<\/li>\n<li>Kde a jak s&nbsp;n\u00edm budete bydlet?<\/li>\n<li>Co o dovolen\u00e9?<\/li>\n<li>Je bydlen\u00ed u V\u00e1s pro pejska bezpe\u010dn\u00e9?<\/li>\n<li>Co na to zbytek rodiny?<\/li>\n<li>Pro\u010d zrovna kra\u0165andu?<\/li>\n<li>V\u00edte, \u017ee po\u0159izovac\u00ed cena je jen nepatrn\u00fd zlomek finan\u010dn\u00ed n\u00e1ro\u010dnosti chovu pejska?<\/li>\n<li>Jste p\u0159ipraveni na velkou zm\u011bnu ve va\u0161em \u017eivot\u011b na velmi dlouhou dobu kolem 15ti let?<\/li>\n<\/ul>\n<\/div><figure class=\"wp-block-media-text__media\"><img loading=\"lazy\" decoding=\"async\" width=\"511\" height=\"600\" src=\"https:\/\/www.zmodrehokralovstvi.cz\/wp-content\/uploads\/2022\/09\/stenatka.jpg\" alt=\"\" class=\"wp-image-9441 size-full\" srcset=\"https:\/\/www.zmodrehokralovstvi.cz\/wp-content\/uploads\/2022\/09\/stenatka.jpg 511w, https:\/\/www.zmodrehokralovstvi.cz\/wp-content\/uploads\/2022\/09\/stenatka-256x300.jpg 256w\" sizes=\"auto, (max-width: 511px) 100vw, 511px\" \/><\/figure><\/div>\n\n\n\n<p>&nbsp;<\/p>\n<p>Ka\u017ed\u00fd majitel nov\u00e9ho \u0161t\u011b\u0148\u00e1tka od n\u00e1s m\u016f\u017ee o\u010dek\u00e1vat pomoc a rady nejen do za\u010d\u00e1tku, ale po cel\u00fd \u017eivot pejska. Pom\u016f\u017eeme v&nbsp;p\u0159\u00edpad\u011b z\u00e1jmu o v\u00fdstavy a chov. Jsme r\u00e1di, pokud m\u016f\u017eeme b\u00fdt s&nbsp;majiteli na\u0161ich odchov\u016f v&nbsp;kontaktu po cel\u00fd \u017eivot pejska. S&nbsp;majitelem nov\u00e9ho \u0161t\u011b\u0148\u00e1tka bude seps\u00e1na po narozen\u00ed \u0161t\u011b\u0148\u00e1tka rezerva\u010dn\u00ed smlouva a pozd\u011bji p\u0159i p\u0159ed\u00e1n\u00ed kupn\u00ed smlouva, kde se mimo jin\u00fdch bod\u016f v\u00fdslovn\u011b uv\u00e1d\u00ed, \u017ee \u0161t\u011bn\u011b nesm\u00ed b\u00fdt chov\u00e1no zav\u0159en\u00e9 v&nbsp;kotci, trvale na zahrad\u011b \u010di jin\u00e9m prostoru a ani uv\u00e1zan\u00e9 u boudy, a \u017ee nesm\u00ed b\u00fdt pou\u017eito v&nbsp;&#8222;bezpap\u00edrov\u00e9m&#8220; chovu.<\/p>\n","protected":false},"excerpt":{"rendered":"<p>Chov\u00e1me pouze \u0161t\u011b\u0148\u00e1tka s&nbsp;PP a jedn\u00edm z&nbsp;hlavn\u00edch krit\u00e9ri\u00ed (krom\u011b ocen\u011bn\u00ed a stavby t\u011bla) p\u0159i v\u00fdb\u011bru jejich tat\u00ednka je genetick\u00fd p\u0159edpoklad pro zdrav\u00ed a povaha. Kdy budou \u0161t\u011b\u0148\u00e1tka se dozv\u00edte na str\u00e1nce pl\u00e1novan\u00e1 kryt\u00ed. \u0160t\u011b\u0148\u00e1tka od jejich narozen\u00ed seznamujeme se v\u0161\u00edm, co pot\u0159ebuj\u00ed k&nbsp;\u017eivotu. Od n\u00e1s odch\u00e1zej\u00ed ve v\u011bku 8mi t\u00fddn\u016f socializovan\u00e1, nau\u010den\u00e1 \u010distot\u011b, o\u010dkovan\u00e1, od\u010derven\u00e1, [&hellip;]<\/p>\n","protected":false},"author":2,"featured_media":0,"parent":0,"menu_order":3,"comment_status":"closed","ping_status":"closed","template":"","meta":{"ngg_post_thumbnail":0,"footnotes":""},"class_list":["post-8783","page","type-page","status-publish","hentry","entry"],"post_mailing_queue_ids":[],"_links":{"self":[{"href":"https:\/\/www.zmodrehokralovstvi.cz\/index.php\/wp-json\/wp\/v2\/pages\/8783","targetHints":{"allow":["GET"]}}],"collection":[{"href":"https:\/\/www.zmodrehokralovstvi.cz\/index.php\/wp-json\/wp\/v2\/pages"}],"about":[{"href":"https:\/\/www.zmodrehokralovstvi.cz\/index.php\/wp-json\/wp\/v2\/types\/page"}],"author":[{"embeddable":true,"href":"https:\/\/www.zmodrehokralovstvi.cz\/index.php\/wp-json\/wp\/v2\/users\/2"}],"replies":[{"embeddable":true,"href":"https:\/\/www.zmodrehokralovstvi.cz\/index.php\/wp-json\/wp\/v2\/comments?post=8783"}],"version-history":[{"count":25,"href":"https:\/\/www.zmodrehokralovstvi.cz\/index.php\/wp-json\/wp\/v2\/pages\/8783\/revisions"}],"predecessor-version":[{"id":9666,"href":"https:\/\/www.zmodrehokralovstvi.cz\/index.php\/wp-json\/wp\/v2\/pages\/8783\/revisions\/9666"}],"wp:attachment":[{"href":"https:\/\/www.zmodrehokralovstvi.cz\/index.php\/wp-json\/wp\/v2\/media?parent=8783"}],"curies":[{"name":"wp","href":"https:\/\/api.w.org\/{rel}","templated":true}]}}