{"id":7762,"date":"2021-11-01T10:41:49","date_gmt":"2021-11-01T10:41:49","guid":{"rendered":"https:\/\/new.zmodrehokralovstvi.cz\/?page_id=7762"},"modified":"2021-12-29T15:02:51","modified_gmt":"2021-12-29T14:02:51","slug":"fotogalerie","status":"publish","type":"page","link":"https:\/\/www.zmodrehokralovstvi.cz\/index.php\/fotogalerie\/","title":{"rendered":"Fotogalerie na\u0161ich ps\u016f (Photogallery of our dogs)"},"content":{"rendered":"\nngg_shortcode_0_placeholder\n\n\n\n<h1>&nbsp;<\/h1>\n<ul>\n<li><a href=\"https:\/\/www.zmodrehokralovstvi.cz\/index.php\/dalsi-galerie-other-galleries\/\"><strong>Dal\u0161\u00ed galerie (Other Galleries)<\/strong><\/a><\/li>\n<li><a href=\"https:\/\/www.zmodrehokralovstvi.cz\/index.php\/acka\/\"><strong>Vrh A po \u010dase (litter A after time)<\/strong><\/a><\/li>\n<li><a href=\"https:\/\/www.zmodrehokralovstvi.cz\/index.php\/becka\/\"><strong>Vrh B po \u010dase (litter B after time)<\/strong><\/a><\/li>\n<\/ul>\n","protected":false},"excerpt":{"rendered":"<p>&nbsp; Dal\u0161\u00ed galerie (Other Galleries) Vrh A po \u010dase (litter A after time) Vrh B po \u010dase (litter B after time)<\/p>\n","protected":false},"author":2,"featured_media":0,"parent":0,"menu_order":50,"comment_status":"closed","ping_status":"closed","template":"","meta":{"ngg_post_thumbnail":0,"footnotes":""},"class_list":["post-7762","page","type-page","status-publish","hentry","entry"],"post_mailing_queue_ids":[],"_links":{"self":[{"href":"https:\/\/www.zmodrehokralovstvi.cz\/index.php\/wp-json\/wp\/v2\/pages\/7762","targetHints":{"allow":["GET"]}}],"collection":[{"href":"https:\/\/www.zmodrehokralovstvi.cz\/index.php\/wp-json\/wp\/v2\/pages"}],"about":[{"href":"https:\/\/www.zmodrehokralovstvi.cz\/index.php\/wp-json\/wp\/v2\/types\/page"}],"author":[{"embeddable":true,"href":"https:\/\/www.zmodrehokralovstvi.cz\/index.php\/wp-json\/wp\/v2\/users\/2"}],"replies":[{"embeddable":true,"href":"https:\/\/www.zmodrehokralovstvi.cz\/index.php\/wp-json\/wp\/v2\/comments?post=7762"}],"version-history":[{"count":16,"href":"https:\/\/www.zmodrehokralovstvi.cz\/index.php\/wp-json\/wp\/v2\/pages\/7762\/revisions"}],"predecessor-version":[{"id":8899,"href":"https:\/\/www.zmodrehokralovstvi.cz\/index.php\/wp-json\/wp\/v2\/pages\/7762\/revisions\/8899"}],"wp:attachment":[{"href":"https:\/\/www.zmodrehokralovstvi.cz\/index.php\/wp-json\/wp\/v2\/media?parent=7762"}],"curies":[{"name":"wp","href":"https:\/\/api.w.org\/{rel}","templated":true}]}}