{"id":7540,"date":"2021-10-29T12:27:08","date_gmt":"2021-10-29T12:27:08","guid":{"rendered":"https:\/\/new.zmodrehokralovstvi.cz\/?page_id=7540"},"modified":"2022-12-08T14:03:35","modified_gmt":"2022-12-08T13:03:35","slug":"7540-2","status":"publish","type":"page","link":"https:\/\/www.zmodrehokralovstvi.cz\/","title":{"rendered":"&#8211;"},"content":{"rendered":"<p style=\"opacity: 0.0;\">kra\u0165andy<\/p>\n<p style=\"opacity: 0.0;\">kr\u00e1tkosrst\u00e1 k\u00f3lie<\/p>\n<p style=\"opacity: 0.0;\">smooth collie<\/p>\n","protected":false},"excerpt":{"rendered":"<p>kra\u0165andy kr\u00e1tkosrst\u00e1 k\u00f3lie smooth collie<\/p>\n","protected":false},"author":2,"featured_media":0,"parent":0,"menu_order":1,"comment_status":"closed","ping_status":"closed","template":"","meta":{"ngg_post_thumbnail":0,"footnotes":""},"class_list":["post-7540","page","type-page","status-publish","hentry","entry"],"post_mailing_queue_ids":[],"_links":{"self":[{"href":"https:\/\/www.zmodrehokralovstvi.cz\/index.php\/wp-json\/wp\/v2\/pages\/7540","targetHints":{"allow":["GET"]}}],"collection":[{"href":"https:\/\/www.zmodrehokralovstvi.cz\/index.php\/wp-json\/wp\/v2\/pages"}],"about":[{"href":"https:\/\/www.zmodrehokralovstvi.cz\/index.php\/wp-json\/wp\/v2\/types\/page"}],"author":[{"embeddable":true,"href":"https:\/\/www.zmodrehokralovstvi.cz\/index.php\/wp-json\/wp\/v2\/users\/2"}],"replies":[{"embeddable":true,"href":"https:\/\/www.zmodrehokralovstvi.cz\/index.php\/wp-json\/wp\/v2\/comments?post=7540"}],"version-history":[{"count":2,"href":"https:\/\/www.zmodrehokralovstvi.cz\/index.php\/wp-json\/wp\/v2\/pages\/7540\/revisions"}],"predecessor-version":[{"id":9508,"href":"https:\/\/www.zmodrehokralovstvi.cz\/index.php\/wp-json\/wp\/v2\/pages\/7540\/revisions\/9508"}],"wp:attachment":[{"href":"https:\/\/www.zmodrehokralovstvi.cz\/index.php\/wp-json\/wp\/v2\/media?parent=7540"}],"curies":[{"name":"wp","href":"https:\/\/api.w.org\/{rel}","templated":true}]}}