{"id":3532,"date":"2021-04-13T11:19:28","date_gmt":"2021-04-13T10:19:28","guid":{"rendered":"https:\/\/www.zmodrehokralovstvi.cz\/?page_id=3532"},"modified":"2022-03-02T13:46:24","modified_gmt":"2022-03-02T12:46:24","slug":"becka","status":"publish","type":"page","link":"https:\/\/www.zmodrehokralovstvi.cz\/index.php\/becka\/","title":{"rendered":"B\u00e9\u010dka"},"content":{"rendered":"\n<p><strong>D\u011bkujeme za fotografie od majitel\u016f a publikujeme je s&nbsp;jejich laskav\u00fdm svolen\u00edm \ud83d\ude42 .<\/strong><\/p>\n<p>&nbsp;<\/p>\n\n\n\nngg_shortcode_0_placeholder\n","protected":false},"excerpt":{"rendered":"<p>D\u011bkujeme za fotografie od majitel\u016f a publikujeme je s&nbsp;jejich laskav\u00fdm svolen\u00edm \ud83d\ude42 . &nbsp;<\/p>\n","protected":false},"author":2,"featured_media":0,"parent":0,"menu_order":59,"comment_status":"closed","ping_status":"closed","template":"","meta":{"ngg_post_thumbnail":0,"footnotes":""},"class_list":["post-3532","page","type-page","status-publish","hentry","entry"],"post_mailing_queue_ids":[],"_links":{"self":[{"href":"https:\/\/www.zmodrehokralovstvi.cz\/index.php\/wp-json\/wp\/v2\/pages\/3532","targetHints":{"allow":["GET"]}}],"collection":[{"href":"https:\/\/www.zmodrehokralovstvi.cz\/index.php\/wp-json\/wp\/v2\/pages"}],"about":[{"href":"https:\/\/www.zmodrehokralovstvi.cz\/index.php\/wp-json\/wp\/v2\/types\/page"}],"author":[{"embeddable":true,"href":"https:\/\/www.zmodrehokralovstvi.cz\/index.php\/wp-json\/wp\/v2\/users\/2"}],"replies":[{"embeddable":true,"href":"https:\/\/www.zmodrehokralovstvi.cz\/index.php\/wp-json\/wp\/v2\/comments?post=3532"}],"version-history":[{"count":1,"href":"https:\/\/www.zmodrehokralovstvi.cz\/index.php\/wp-json\/wp\/v2\/pages\/3532\/revisions"}],"predecessor-version":[{"id":9061,"href":"https:\/\/www.zmodrehokralovstvi.cz\/index.php\/wp-json\/wp\/v2\/pages\/3532\/revisions\/9061"}],"wp:attachment":[{"href":"https:\/\/www.zmodrehokralovstvi.cz\/index.php\/wp-json\/wp\/v2\/media?parent=3532"}],"curies":[{"name":"wp","href":"https:\/\/api.w.org\/{rel}","templated":true}]}}