{"id":3530,"date":"2021-04-13T11:19:07","date_gmt":"2021-04-13T10:19:07","guid":{"rendered":"https:\/\/www.zmodrehokralovstvi.cz\/?page_id=3530"},"modified":"2021-11-01T13:38:42","modified_gmt":"2021-11-01T13:38:42","slug":"acka","status":"publish","type":"page","link":"https:\/\/www.zmodrehokralovstvi.cz\/index.php\/acka\/","title":{"rendered":"\u00c1\u010dka"},"content":{"rendered":"\n<p style=\"text-align: center;\"><strong>D\u011bkujeme za fotografie od majitel\u016f a publikujeme je s&nbsp;jejich laskav\u00fdm svolen\u00edm \ud83d\ude42 .<br><\/strong><\/p>\n\n\n\nngg_shortcode_0_placeholder\n","protected":false},"excerpt":{"rendered":"<p>D\u011bkujeme za fotografie od majitel\u016f a publikujeme je s&nbsp;jejich laskav\u00fdm svolen\u00edm \ud83d\ude42 .<\/p>\n","protected":false},"author":2,"featured_media":0,"parent":0,"menu_order":57,"comment_status":"closed","ping_status":"closed","template":"","meta":{"ngg_post_thumbnail":0,"footnotes":""},"class_list":["post-3530","page","type-page","status-publish","hentry","entry"],"post_mailing_queue_ids":[],"_links":{"self":[{"href":"https:\/\/www.zmodrehokralovstvi.cz\/index.php\/wp-json\/wp\/v2\/pages\/3530","targetHints":{"allow":["GET"]}}],"collection":[{"href":"https:\/\/www.zmodrehokralovstvi.cz\/index.php\/wp-json\/wp\/v2\/pages"}],"about":[{"href":"https:\/\/www.zmodrehokralovstvi.cz\/index.php\/wp-json\/wp\/v2\/types\/page"}],"author":[{"embeddable":true,"href":"https:\/\/www.zmodrehokralovstvi.cz\/index.php\/wp-json\/wp\/v2\/users\/2"}],"replies":[{"embeddable":true,"href":"https:\/\/www.zmodrehokralovstvi.cz\/index.php\/wp-json\/wp\/v2\/comments?post=3530"}],"version-history":[{"count":0,"href":"https:\/\/www.zmodrehokralovstvi.cz\/index.php\/wp-json\/wp\/v2\/pages\/3530\/revisions"}],"wp:attachment":[{"href":"https:\/\/www.zmodrehokralovstvi.cz\/index.php\/wp-json\/wp\/v2\/media?parent=3530"}],"curies":[{"name":"wp","href":"https:\/\/api.w.org\/{rel}","templated":true}]}}