{"id":3270,"date":"2020-08-17T11:44:04","date_gmt":"2020-08-17T10:44:04","guid":{"rendered":"https:\/\/www.zmodrehokralovstvi.cz\/?page_id=3270"},"modified":"2023-10-23T10:14:37","modified_gmt":"2023-10-23T09:14:37","slug":"cv-cocacolie-adeteva","status":"publish","type":"page","link":"https:\/\/www.zmodrehokralovstvi.cz\/index.php\/cv-cocacolie-adeteva\/","title":{"rendered":"CV Coca Colie Adeteva"},"content":{"rendered":"\n<figure class=\"wp-block-image size-large\"><img loading=\"lazy\" decoding=\"async\" width=\"1024\" height=\"681\" src=\"http:\/\/new.zmodrehokralovstvi.cz\/wp-content\/uploads\/2018\/11\/dsc_5807-1024x681.jpg\" alt=\"\" class=\"wp-image-7695\" srcset=\"https:\/\/www.zmodrehokralovstvi.cz\/wp-content\/uploads\/2018\/11\/dsc_5807-1024x681.jpg 1024w, https:\/\/www.zmodrehokralovstvi.cz\/wp-content\/uploads\/2018\/11\/dsc_5807-300x199.jpg 300w, https:\/\/www.zmodrehokralovstvi.cz\/wp-content\/uploads\/2018\/11\/dsc_5807-768x511.jpg 768w, https:\/\/www.zmodrehokralovstvi.cz\/wp-content\/uploads\/2018\/11\/dsc_5807-1536x1021.jpg 1536w, https:\/\/www.zmodrehokralovstvi.cz\/wp-content\/uploads\/2018\/11\/dsc_5807-2048x1362.jpg 2048w\" sizes=\"auto, (max-width: 1024px) 100vw, 1024px\" \/><\/figure>\n\n\n\n<p>Na\u0161e prvn\u00ed a nejstar\u0161\u00ed kra\u0165anda. Neskute\u010dn\u011b mil\u00e1, klidn\u00e1 a u\u010denliv\u00e1. Bohu\u017eel pro postaven\u00ed ou\u0161ek nem\u016f\u017ee m\u00edt \u0161t\u011b\u0148\u00e1tka (nez\u00edskala by d\u00edky ou\u0161k\u016fm chovnost). Ale za nic na sv\u011bt\u011b bychom ji nevym\u011bnili \ud83d\ude42 .<\/p>\n<p>Our first and oldest smooth collie. She is incredibly nice, calm and teachable. Unfortunately, he cannot have puppies because of the position (erection) of the ears (she would not gain breeding permit due to the ears). We wouldn&#8217;t change she for anything in the world \ud83d\ude42 .<\/p>\n<p>Narodila se 12.5.2014 ve vrhu C sedmi \u0161t\u011b\u0148\u00e1tek v&nbsp;CHS <a href=\"http:\/\/www.smooth-collie.net\/kennel\/adeteva\" target=\"_blank\" rel=\"noopener noreferrer\">Adeteva<\/a>.<br><span class=\"tlid-translation translation\" lang=\"en\"><span class=\"\" title=\"\">She was born 12.5.2014 in litter C of seven puppies in kennel<\/span><\/span>&nbsp;<a href=\"http:\/\/www.smooth-collie.net\/kennel\/adeteva\" target=\"_blank\" rel=\"noopener noreferrer\">Adeteva<\/a>.<\/p>\n<p><a href=\"http:\/\/www.smooth-collie.net\/view.php?id=11486\">Calf Love<\/a>,<a href=\"http:\/\/www.smooth-collie.net\/view.php?id=11490\">Candy Floss<\/a>, <a href=\"http:\/\/www.smooth-collie.net\/view.php?id=11487\">Cannon Ball<\/a>,<a href=\"http:\/\/www.smooth-collie.net\/view.php?id=11485\">Comeback Basko,<\/a> <a href=\"http:\/\/www.smooth-collie.net\/view.php?id=11488\">Country Lady<\/a>,<a href=\"http:\/\/www.smooth-collie.net\/view.php?id=11491\">Crown Princess<\/a><\/p>\n<p>Rodokmen \/ <span class=\"tlid-translation translation\" lang=\"en\"><span class=\"\" title=\"\">Pedigree<\/span><\/span>:&nbsp; <a href=\"http:\/\/www.smooth-collie.net\/view.php?id=11489\" target=\"_blank\" rel=\"noopener noreferrer\">Coca Colie Adeteva<\/a><br><strong><span style=\"color: #00ccff;\">Otec \/ F<span class=\"tlid-translation translation\" lang=\"en\"><span class=\"\" title=\"\">ather<\/span><\/span>:<\/span><\/strong> <a href=\"http:\/\/www.smooth-collie.net\/view.php?id=4079\" target=\"_blank\" rel=\"noopener noreferrer\">&#8222;Basko&#8220; Beathan Bohemia Elenor<\/a><br><strong><span style=\"color: #00ccff;\">Matka \/ M<span class=\"tlid-translation translation\" lang=\"en\"><span class=\"\" title=\"\">other<\/span><\/span>:<\/span><\/strong> <a href=\"http:\/\/www.smooth-collie.net\/view.php?id=2039\" target=\"_blank\" rel=\"noopener noreferrer\">Adette z&nbsp;Roztock\u00e9ho z\u00e1mku<\/a><\/p>\n<p><span style=\"color: #00ccff;\"><strong><span class=\"tlid-translation translation\" lang=\"en\"><span class=\"\" title=\"\">Quick links<\/span><\/span>:<\/strong><\/span><br><a href=\"https:\/\/www.zmodrehokralovstvi.cz\/index.php\/kryti\/\">Planed litters<\/a> &nbsp;&nbsp; <a href=\"https:\/\/www.zmodrehokralovstvi.cz\/index.php\/kryti\/vrh-a\/\"><span class=\"tlid-translation translation\" lang=\"en\"><span class=\"\" title=\"\">Litter A<\/span><\/span><\/a>&nbsp; <a href=\"https:\/\/www.zmodrehokralovstvi.cz\/index.php\/kryti\/vrh-b\/\"><span class=\"tlid-translation translation\" lang=\"en\"><span class=\"\" title=\"\">Litter B&nbsp;&nbsp; <\/span><\/span><\/a><a href=\"https:\/\/www.zmodrehokralovstvi.cz\/index.php\/kryti\/vrh-c\/\"><span class=\"tlid-translation translation\" lang=\"en\"><span class=\"\" title=\"\">Litter C<\/span><\/span><\/a>&nbsp;&nbsp; <a href=\"https:\/\/www.zmodrehokralovstvi.cz\/index.php\/kryti\/vrh-d\/\"><span class=\"tlid-translation translation\" lang=\"en\"><span class=\"\" title=\"\">Litter D<\/span><\/span><\/a>&nbsp;&nbsp; <a href=\"https:\/\/www.zmodrehokralovstvi.cz\/index.php\/kryti\/vrh-e\/\"><span class=\"tlid-translation translation\" lang=\"en\"><span class=\"\" title=\"\">Litter E<\/span><\/span><\/a>&nbsp;<\/p>\n<p><span style=\"color: #00ccff;\"><strong>Zdrav\u00ed \/ Health:<\/strong><\/span><\/p>\n<ul>\n<li>CEA non-carrier (by parentage)<\/li>\n<\/ul>\n<p>&nbsp;<\/p>\n<p><span style=\"color: #00ccff;\"><strong>Dosa\u017een\u00e9 zkou\u0161ky:<\/strong><\/span><\/p>\n<p>ZOP<br><a href=\"https:\/\/www.zmodrehokralovstvi.cz\/wp-content\/uploads\/2023\/05\/2023-05-01-10.28.25.jpg\">certifik\u00e1t<\/a><\/p>\n<p>Canistarapeutick\u00fd kurz a zkou\u0161ka<br><a href=\"https:\/\/www.zmodrehokralovstvi.cz\/wp-content\/uploads\/2022\/06\/Kokinka_canisterapeut_2.jpg\">zkou\u0161ka<\/a>, <a href=\"https:\/\/www.zmodrehokralovstvi.cz\/wp-content\/uploads\/2022\/06\/Kokinka_canisterapeut_1.jpg\">certifik\u00e1t<\/a><\/p>\n","protected":false},"excerpt":{"rendered":"<p>Na\u0161e prvn\u00ed a nejstar\u0161\u00ed kra\u0165anda. Neskute\u010dn\u011b mil\u00e1, klidn\u00e1 a u\u010denliv\u00e1. Bohu\u017eel pro postaven\u00ed ou\u0161ek nem\u016f\u017ee m\u00edt \u0161t\u011b\u0148\u00e1tka (nez\u00edskala by d\u00edky ou\u0161k\u016fm chovnost). Ale za nic na sv\u011bt\u011b bychom ji nevym\u011bnili \ud83d\ude42 . Our first and oldest smooth collie. She is incredibly nice, calm and teachable. Unfortunately, he cannot have puppies because of the position (erection) [&hellip;]<\/p>\n","protected":false},"author":2,"featured_media":1024,"parent":0,"menu_order":23,"comment_status":"closed","ping_status":"closed","template":"","meta":{"ngg_post_thumbnail":0,"footnotes":""},"class_list":["post-3270","page","type-page","status-publish","has-post-thumbnail","hentry","entry","has-media"],"post_mailing_queue_ids":[],"_links":{"self":[{"href":"https:\/\/www.zmodrehokralovstvi.cz\/index.php\/wp-json\/wp\/v2\/pages\/3270","targetHints":{"allow":["GET"]}}],"collection":[{"href":"https:\/\/www.zmodrehokralovstvi.cz\/index.php\/wp-json\/wp\/v2\/pages"}],"about":[{"href":"https:\/\/www.zmodrehokralovstvi.cz\/index.php\/wp-json\/wp\/v2\/types\/page"}],"author":[{"embeddable":true,"href":"https:\/\/www.zmodrehokralovstvi.cz\/index.php\/wp-json\/wp\/v2\/users\/2"}],"replies":[{"embeddable":true,"href":"https:\/\/www.zmodrehokralovstvi.cz\/index.php\/wp-json\/wp\/v2\/comments?post=3270"}],"version-history":[{"count":12,"href":"https:\/\/www.zmodrehokralovstvi.cz\/index.php\/wp-json\/wp\/v2\/pages\/3270\/revisions"}],"predecessor-version":[{"id":10317,"href":"https:\/\/www.zmodrehokralovstvi.cz\/index.php\/wp-json\/wp\/v2\/pages\/3270\/revisions\/10317"}],"wp:featuredmedia":[{"embeddable":true,"href":"https:\/\/www.zmodrehokralovstvi.cz\/index.php\/wp-json\/wp\/v2\/media\/1024"}],"wp:attachment":[{"href":"https:\/\/www.zmodrehokralovstvi.cz\/index.php\/wp-json\/wp\/v2\/media?parent=3270"}],"curies":[{"name":"wp","href":"https:\/\/api.w.org\/{rel}","templated":true}]}}