{"id":3259,"date":"2020-08-17T11:30:55","date_gmt":"2020-08-17T10:30:55","guid":{"rendered":"https:\/\/www.zmodrehokralovstvi.cz\/?page_id=3259"},"modified":"2023-08-08T10:07:15","modified_gmt":"2023-08-08T09:07:15","slug":"nasi-psi","status":"publish","type":"page","link":"https:\/\/www.zmodrehokralovstvi.cz\/index.php\/nasi-psi\/","title":{"rendered":"Na\u0161i psi (Our Dogs)"},"content":{"rendered":"<div class=\"wp-block-image\">\n<figure class=\"aligncenter size-large\"><a href=\"https:\/\/www.zmodrehokralovstvi.cz\/index.php\/cv-adina-dvur-bazantnice\/\"><img loading=\"lazy\" decoding=\"async\" width=\"1024\" height=\"575\" src=\"https:\/\/www.zmodrehokralovstvi.cz\/wp-content\/uploads\/2021\/10\/title19-1024x575.jpg\" alt=\"\" class=\"wp-image-7412\" srcset=\"https:\/\/www.zmodrehokralovstvi.cz\/wp-content\/uploads\/2021\/10\/title19-1024x575.jpg 1024w, https:\/\/www.zmodrehokralovstvi.cz\/wp-content\/uploads\/2021\/10\/title19-300x169.jpg 300w, https:\/\/www.zmodrehokralovstvi.cz\/wp-content\/uploads\/2021\/10\/title19-768x432.jpg 768w, https:\/\/www.zmodrehokralovstvi.cz\/wp-content\/uploads\/2021\/10\/title19-1536x863.jpg 1536w, https:\/\/www.zmodrehokralovstvi.cz\/wp-content\/uploads\/2021\/10\/title19.jpg 1600w\" sizes=\"auto, (max-width: 1024px) 100vw, 1024px\" \/><\/a><\/figure>\n<\/div>\n\n\n<p class=\"has-text-align-center\"><a href=\"https:\/\/www.zmodrehokralovstvi.cz\/index.php\/cv-adina-dvur-bazantnice\/\">Ch.Adina Dv\u016fr Ba\u017eantnice<\/a><\/p>\n\n\n<div class=\"wp-block-image\">\n<figure class=\"aligncenter size-large\"><a href=\"https:\/\/www.zmodrehokralovstvi.cz\/index.php\/cv-bezinka-z-modreho-kralovstvi\/\"><img loading=\"lazy\" decoding=\"async\" width=\"1024\" height=\"576\" src=\"https:\/\/www.zmodrehokralovstvi.cz\/wp-content\/uploads\/2021\/10\/title21-1024x576.jpg\" alt=\"\" class=\"wp-image-7414\" srcset=\"https:\/\/www.zmodrehokralovstvi.cz\/wp-content\/uploads\/2021\/10\/title21-1024x576.jpg 1024w, https:\/\/www.zmodrehokralovstvi.cz\/wp-content\/uploads\/2021\/10\/title21-300x169.jpg 300w, https:\/\/www.zmodrehokralovstvi.cz\/wp-content\/uploads\/2021\/10\/title21-768x432.jpg 768w, https:\/\/www.zmodrehokralovstvi.cz\/wp-content\/uploads\/2021\/10\/title21-1536x864.jpg 1536w, https:\/\/www.zmodrehokralovstvi.cz\/wp-content\/uploads\/2021\/10\/title21.jpg 1600w\" sizes=\"auto, (max-width: 1024px) 100vw, 1024px\" \/><\/a><\/figure>\n<\/div>\n\n\n<p class=\"has-text-align-center\"><a href=\"https:\/\/www.zmodrehokralovstvi.cz\/index.php\/cv-bezinka-z-modreho-kralovstvi\/\">Bezinka z&nbsp;Modr\u00e9ho kr\u00e1lovstv\u00ed<\/a><\/p>\n\n\n<div class=\"wp-block-image\">\n<figure class=\"aligncenter size-large\"><a href=\"https:\/\/www.zmodrehokralovstvi.cz\/index.php\/cv-cocacolie-adeteva\/\"><img loading=\"lazy\" decoding=\"async\" width=\"1024\" height=\"576\" src=\"https:\/\/www.zmodrehokralovstvi.cz\/wp-content\/uploads\/2021\/10\/title6-1024x576.jpg\" alt=\"\" class=\"wp-image-7399\" srcset=\"https:\/\/www.zmodrehokralovstvi.cz\/wp-content\/uploads\/2021\/10\/title6-1024x576.jpg 1024w, https:\/\/www.zmodrehokralovstvi.cz\/wp-content\/uploads\/2021\/10\/title6-300x169.jpg 300w, https:\/\/www.zmodrehokralovstvi.cz\/wp-content\/uploads\/2021\/10\/title6-768x432.jpg 768w, https:\/\/www.zmodrehokralovstvi.cz\/wp-content\/uploads\/2021\/10\/title6-1536x864.jpg 1536w, https:\/\/www.zmodrehokralovstvi.cz\/wp-content\/uploads\/2021\/10\/title6.jpg 1600w\" sizes=\"auto, (max-width: 1024px) 100vw, 1024px\" \/><\/a><\/figure>\n<\/div>\n\n\n<p class=\"has-text-align-center\"><a href=\"https:\/\/www.zmodrehokralovstvi.cz\/index.php\/cv-cocacolie-adeteva\/\">CocaColie Adeteva<\/a><\/p>\n\n\n<div class=\"wp-block-image\">\n<figure class=\"aligncenter size-large\"><a href=\"https:\/\/www.zmodrehokralovstvi.cz\/index.php\/cv-emilka-z-modreho-kralovstvi\/\"><img decoding=\"async\" src=\"https:\/\/www.zmodrehokralovstvi.cz\/wp-content\/uploads\/2023\/08\/title6-1024x576-1.jpg\" alt=\"\" class=\"wp-image-7399\"\/><\/a><\/figure>\n<\/div>\n\n\n<p class=\"has-text-align-center\"><a href=\"https:\/\/www.zmodrehokralovstvi.cz\/index.php\/cv-emilka-z-modreho-kralovstvi\/\">Emilka z&nbsp;Modr\u00e9ho kr\u00e1lovstv\u00ed<\/a><\/p>\n\n\n<p style=\"opacity: 0.0;\">kra\u0165andy<\/p>\n<p style=\"opacity: 0.0;\">kr\u00e1tkosrst\u00e1 k\u00f3lie<\/p>\n<p style=\"opacity: 0.0;\">smooth collie<\/p>","protected":false},"excerpt":{"rendered":"<p>Ch.Adina Dv\u016fr Ba\u017eantnice Bezinka z&nbsp;Modr\u00e9ho kr\u00e1lovstv\u00ed CocaColie Adeteva Emilka z&nbsp;Modr\u00e9ho kr\u00e1lovstv\u00ed kra\u0165andy kr\u00e1tkosrst\u00e1 k\u00f3lie smooth collie<\/p>\n","protected":false},"author":2,"featured_media":0,"parent":0,"menu_order":20,"comment_status":"closed","ping_status":"closed","template":"","meta":{"ngg_post_thumbnail":0,"footnotes":""},"class_list":["post-3259","page","type-page","status-publish","hentry","entry"],"post_mailing_queue_ids":[],"_links":{"self":[{"href":"https:\/\/www.zmodrehokralovstvi.cz\/index.php\/wp-json\/wp\/v2\/pages\/3259","targetHints":{"allow":["GET"]}}],"collection":[{"href":"https:\/\/www.zmodrehokralovstvi.cz\/index.php\/wp-json\/wp\/v2\/pages"}],"about":[{"href":"https:\/\/www.zmodrehokralovstvi.cz\/index.php\/wp-json\/wp\/v2\/types\/page"}],"author":[{"embeddable":true,"href":"https:\/\/www.zmodrehokralovstvi.cz\/index.php\/wp-json\/wp\/v2\/users\/2"}],"replies":[{"embeddable":true,"href":"https:\/\/www.zmodrehokralovstvi.cz\/index.php\/wp-json\/wp\/v2\/comments?post=3259"}],"version-history":[{"count":10,"href":"https:\/\/www.zmodrehokralovstvi.cz\/index.php\/wp-json\/wp\/v2\/pages\/3259\/revisions"}],"predecessor-version":[{"id":10263,"href":"https:\/\/www.zmodrehokralovstvi.cz\/index.php\/wp-json\/wp\/v2\/pages\/3259\/revisions\/10263"}],"wp:attachment":[{"href":"https:\/\/www.zmodrehokralovstvi.cz\/index.php\/wp-json\/wp\/v2\/media?parent=3259"}],"curies":[{"name":"wp","href":"https:\/\/api.w.org\/{rel}","templated":true}]}}