{"id":3235,"date":"2020-08-17T09:12:43","date_gmt":"2020-08-17T08:12:43","guid":{"rendered":"https:\/\/www.zmodrehokralovstvi.cz\/?page_id=3235"},"modified":"2025-11-20T10:17:25","modified_gmt":"2025-11-20T09:17:25","slug":"cv-bezinka-z-modreho-kralovstvi","status":"publish","type":"page","link":"https:\/\/www.zmodrehokralovstvi.cz\/index.php\/cv-bezinka-z-modreho-kralovstvi\/","title":{"rendered":"CV Bezinka z&nbsp;Modr\u00e9ho kr\u00e1lovstv\u00ed &#8222;R\u016f\u017eenka&#8220;"},"content":{"rendered":"\n<figure class=\"wp-block-image size-large\"><img loading=\"lazy\" decoding=\"async\" width=\"1024\" height=\"686\" src=\"http:\/\/new.zmodrehokralovstvi.cz\/wp-content\/uploads\/2020\/11\/spu_4624-scaled-1-1024x686.jpg\" alt=\"\" class=\"wp-image-3373\" srcset=\"https:\/\/www.zmodrehokralovstvi.cz\/wp-content\/uploads\/2020\/11\/spu_4624-scaled-1-1024x686.jpg 1024w, https:\/\/www.zmodrehokralovstvi.cz\/wp-content\/uploads\/2020\/11\/spu_4624-scaled-1-300x201.jpg 300w, https:\/\/www.zmodrehokralovstvi.cz\/wp-content\/uploads\/2020\/11\/spu_4624-scaled-1-768x514.jpg 768w, https:\/\/www.zmodrehokralovstvi.cz\/wp-content\/uploads\/2020\/11\/spu_4624-scaled-1-1536x1028.jpg 1536w, https:\/\/www.zmodrehokralovstvi.cz\/wp-content\/uploads\/2020\/11\/spu_4624-scaled-1-2048x1371.jpg 2048w\" sizes=\"auto, (max-width: 1024px) 100vw, 1024px\" \/><\/figure>\n\n\n\n<p>Na\u0161e princezna R\u016f\u017eenka (<span class=\"tlid-translation translation\" lang=\"en\"><span class=\"\" title=\"\">Our pink princess<\/span><\/span>)<\/p>\n<p>Narodila se 2.3.2020 ve <a href=\"https:\/\/www.zmodrehokralovstvi.cz\/index.php\/kryti\/vrh-b\/\" target=\"_blank\" rel=\"noopener noreferrer\">vrhu B<\/a> sedmi \u0161t\u011b\u0148\u00e1tek v&nbsp;na\u0161\u00ed CHS <a href=\"https:\/\/www.zmodrehokralovstvi.cz\" target=\"_blank\" rel=\"noopener noreferrer\">&#8222;z&nbsp;Modr\u00e9ho kr\u00e1lovstv\u00ed&#8220;<\/a>.<br><span class=\"tlid-translation translation\" lang=\"en\"><span class=\"\" title=\"\">She was born 2.3.2020 in <a href=\"https:\/\/www.zmodrehokralovstvi.cz\/index.php\/kryti\/vrh-b\/\" target=\"_blank\" rel=\"noopener noreferrer\">litter B<\/a> of seven puppies in our kennel<\/span><\/span>&nbsp;<a href=\"https:\/\/www.zmodrehokralovstvi.cz\" target=\"_blank\" rel=\"noopener noreferrer\">&#8222;z&nbsp;Modr\u00e9ho kr\u00e1lovstv\u00ed&#8220;<\/a>.<\/p>\n<p><a href=\"http:\/\/www.smooth-collie.net\/view.php?id=19130\">Bady\u00e1n<\/a>, <a href=\"http:\/\/www.smooth-collie.net\/view.php?id=19134\">Barolo<\/a>,<a href=\"http:\/\/www.smooth-collie.net\/view.php?id=19135\">Barsac<\/a>,<a href=\"http:\/\/www.smooth-collie.net\/view.php?id=19131\">Bazalka<\/a>,<a href=\"http:\/\/www.smooth-collie.net\/view.php?id=19133\">Berberis<\/a>, <a href=\"http:\/\/www.smooth-collie.net\/view.php?id=19136\">Bezinka<\/a>, <a href=\"http:\/\/www.smooth-collie.net\/view.php?id=19132\">Brusinka<\/a><\/p>\n<p><strong><span style=\"color: #00ccff;\">Rodokmen \/ <span class=\"tlid-translation translation\" lang=\"en\"><span class=\"\" title=\"\">Pedigree<\/span><\/span>:<\/span><\/strong> <a href=\"http:\/\/www.smooth-collie.net\/view.php?id=19136\" target=\"_blank\" rel=\"noopener noreferrer\">Bezinka z&nbsp;Modr\u00e9ho kr\u00e1lovstv\u00ed<\/a>&nbsp;<br><strong><span style=\"color: #00ccff;\">Otec \/ F<span class=\"tlid-translation translation\" lang=\"en\"><span class=\"\" title=\"\">ather<\/span><\/span>:<\/span><\/strong> <a href=\"http:\/\/www.smooth-collie.net\/view.php?id=12319\" target=\"_blank\" rel=\"noopener noreferrer\">&#8222;Falco&#8220; Legend of Camelot\u2019s Globetrotter<\/a><br><strong><span style=\"color: #00ccff;\">Matka \/ M<span class=\"tlid-translation translation\" lang=\"en\"><span class=\"\" title=\"\">other<\/span><\/span>:<\/span><\/strong> <a href=\"http:\/\/www.smooth-collie.net\/view.php?id=13517\" target=\"_blank\" rel=\"noopener noreferrer\">Adina Dv\u016fr Ba\u017eantnice<\/a>&nbsp;<\/p>\n<p><span style=\"color: #00ccff;\"><strong><span class=\"tlid-translation translation\" lang=\"en\"><span class=\"\" title=\"\">Quick links<\/span><\/span>:<\/strong><\/span><br><a href=\"https:\/\/www.zmodrehokralovstvi.cz\/index.php\/kryti\/\">Planed litters<\/a> &nbsp;&nbsp; <a href=\"https:\/\/www.zmodrehokralovstvi.cz\/index.php\/kryti\/vrh-a\/\"><span class=\"tlid-translation translation\" lang=\"en\"><span class=\"\" title=\"\">Litter A<\/span><\/span><\/a>&nbsp; <a href=\"https:\/\/www.zmodrehokralovstvi.cz\/index.php\/kryti\/vrh-b\/\"><span class=\"tlid-translation translation\" lang=\"en\"><span class=\"\" title=\"\">Litter B&nbsp;&nbsp; <\/span><\/span><\/a><a href=\"https:\/\/www.zmodrehokralovstvi.cz\/index.php\/kryti\/vrh-c\/\"><span class=\"tlid-translation translation\" lang=\"en\"><span class=\"\" title=\"\">Litter C<\/span><\/span><\/a>&nbsp;&nbsp; <a href=\"https:\/\/www.zmodrehokralovstvi.cz\/index.php\/kryti\/vrh-d\/\"><span class=\"tlid-translation translation\" lang=\"en\"><span class=\"\" title=\"\">Litter D<\/span><\/span><\/a>&nbsp;&nbsp; <a href=\"https:\/\/www.zmodrehokralovstvi.cz\/index.php\/kryti\/vrh-e\/\"><span class=\"tlid-translation translation\" lang=\"en\"><span class=\"\" title=\"\">Litter E<\/span><\/span><\/a>&nbsp;<\/p>\n<p><span style=\"color: #00ccff;\"><strong>Zdrav\u00ed \/ Health:<\/strong><\/span><\/p>\n<p>&#8211; <a href=\"https:\/\/www.zmodrehokralovstvi.cz\/wp-content\/uploads\/2020\/08\/bezinka_test_oci.pdf\" target=\"_blank\" rel=\"noopener noreferre noreferrer\">Test o\u010d\u00ed &#8211; <strong>Eyes clear <\/strong>(AAVet)<\/a><br>&#8211; <a href=\"https:\/\/www.zmodrehokralovstvi.cz\/wp-content\/uploads\/2021\/10\/mdr1_result-cz_188627_21-27144_lucie-glaserova.pdf\" target=\"_blank\" rel=\"noopener noreferre noreferrer\">Detekce mutace genu ABCB1 genu zp\u016fsobuj\u00edc\u00ed u ps\u016f l\u00e9kovou senzitivitu (MDR1) &#8211; <strong>N\/N<\/strong> (Genomia)<\/a><br><a href=\"https:\/\/www.zmodrehokralovstvi.cz\/wp-content\/uploads\/2021\/10\/mdr1_result-en_188627_21-27144_lucie-glaserova.pdf\" target=\"_blank\" rel=\"noopener noreferrer\">(<span class=\"tlid-translation translation\" lang=\"en\"><span class=\"\" title=\"\">English version<\/span><\/span>)<\/a><br>&#8211; <a href=\"https:\/\/www.zmodrehokralovstvi.cz\/wp-content\/uploads\/2021\/10\/cea_result-cz_188628_21-27144_lucie-glaserova.pdf\" target=\"_blank\" rel=\"noopener noreferre noreferrer\">Detekce mutace genu NHEJ1 zp\u016fsobuj\u00edc\u00ed CEA u n\u011bkolika plemen ps\u016f &#8211; <strong>N\/N<\/strong> (Genomia)<\/a><br><a href=\"https:\/\/www.zmodrehokralovstvi.cz\/wp-content\/uploads\/2021\/10\/cea_result-en_188628_21-27144_lucie-glaserova.pdf\" target=\"_blank\" rel=\"noopener noreferrer\">(English version)<\/a><br>&#8211; <a href=\"https:\/\/www.zmodrehokralovstvi.cz\/wp-content\/uploads\/2021\/10\/fgf5_result-cz_188625_21-27144_lucie-glaserova.pdf\" target=\"_blank\" rel=\"noopener noreferre noreferrer\">Detekce genov\u00fdch variant FGF5 genu ovliv\u0148uj\u00edc\u00edch d\u00e9lku srsti u r\u016fzn\u00fdch plemen ps\u016f &#8211; <strong>N\/N<\/strong> (Genomia)<\/a><br><a href=\"https:\/\/www.zmodrehokralovstvi.cz\/wp-content\/uploads\/2021\/10\/fgf5_result-en_188625_21-27144_lucie-glaserova.pdf\" target=\"_blank\" rel=\"noopener noreferrer\">(English version)<\/a><br>&#8211; <a href=\"https:\/\/www.zmodrehokralovstvi.cz\/wp-content\/uploads\/2021\/10\/rcd2_result-cz_188623_21-27144_lucie-glaserova.pdf\" target=\"_blank\" rel=\"noopener noreferre noreferrer\">Detekce inzer\u010dn\u00ed mutace exonu 4 RD3 genu zp\u016fsobuj\u00edc\u00ed onemocn\u011bn\u00ed RCD2 u ps\u016f plemena koli\u00ed (PRA) &#8211; <strong>N\/P<\/strong> (Genomia)<\/a><br><a href=\"https:\/\/www.zmodrehokralovstvi.cz\/wp-content\/uploads\/2021\/10\/rcd2_result-en_188623_21-27144_lucie-glaserova.pdf\" target=\"_blank\" rel=\"noopener noreferrer\">(English version)<\/a><br>&#8211; <a href=\"https:\/\/www.zmodrehokralovstvi.cz\/wp-content\/uploads\/2021\/10\/sod1_result-cz_188629_21-27144_lucie-glaserova.pdf\" target=\"_blank\" rel=\"noopener noreferre noreferrer\">Detekce mutace v&nbsp;SOD1 genu zp\u016fsobuj\u00edc\u00ed degenerativn\u00ed myelopatii u ps\u016f (DM) &#8211; <strong>N\/N<\/strong> (Genomia)<\/a><br><a href=\"https:\/\/www.zmodrehokralovstvi.cz\/wp-content\/uploads\/2021\/10\/sod1_result-en_188629_21-27144_lucie-glaserova.pdf\" target=\"_blank\" rel=\"noopener noreferrer\">(English version)<\/a><br>&#8211; <a href=\"https:\/\/www.zmodrehokralovstvi.cz\/wp-content\/uploads\/2021\/10\/hypertermie_result-cz_188624_21-27144_lucie-glaserova.pdf\" target=\"_blank\" rel=\"noopener noreferre noreferrer\">Detekce mutace genu RYR1 zp\u016fsobuj\u00edc\u00ed malign\u00ed hypertermii po expozici vyvol\u00e1vac\u00edch l\u00e1tek u r\u016fzn\u00fdch plemen ps\u016f &#8211; <strong>N\/N<\/strong> (Genomia)<\/a><br><a href=\"https:\/\/www.zmodrehokralovstvi.cz\/wp-content\/uploads\/2021\/10\/hyperterime_result-en_188624_21-27144_lucie-glaserova.pdf\" target=\"_blank\" rel=\"noopener noreferrer\">(English version)<\/a><\/p>\n<p><em>V\u00fdsledky test\u016f m\u00e1me k&nbsp;dispozici v&nbsp;CZ a EN. <\/em><br><em>Test results are available in CZ and EN languages.<\/em><\/p>\n<p>&nbsp;<\/p>\n<p><span style=\"color: #00ccff;\"><strong>Bonitace:<\/strong><\/span><br><strong><span style=\"color: #ff0000;\">5.6.2021 v&nbsp;Horn\u00edch Po\u010dernic\u00edch splnila Bezinka bonitaci a je uzn\u00e1na jako chovn\u00e1<\/span><br><\/strong><a href=\"https:\/\/www.zmodrehokralovstvi.cz\/wp-content\/uploads\/2021\/06\/2021-06-06-18.45.31.jpg\" target=\"_blank\" rel=\"noopener noreferrer\">posudek A<\/a><br><a href=\"https:\/\/www.zmodrehokralovstvi.cz\/wp-content\/uploads\/2021\/06\/2021-06-06-18.46.02.jpg\" target=\"_blank\" rel=\"noopener noreferrer\">posudek B<\/a><\/p>\n<p><span style=\"color: #00ccff;\"><strong>Dosa\u017een\u00e9 zkou\u0161ky:<\/strong><\/span><\/p>\n<p>Rally Obedience &#8211; slo\u017een\u00e1 zkou\u0161ka ve t\u0159\u00edd\u011b:<br>ROZ, RO1<\/p>\n<p>ZOP<br><a href=\"https:\/\/www.zmodrehokralovstvi.cz\/wp-content\/uploads\/2023\/10\/2023-10-22-14.36.24-1.jpg\">certifik\u00e1t<\/a><\/p>\n<p>NHAT<br><a href=\"https:\/\/www.zmodrehokralovstvi.cz\/wp-content\/uploads\/2024\/05\/2024-05-11-17.15.50-1-scaled.jpg\">certifik\u00e1t<\/a><\/p>\n<p><span style=\"color: #00ccff;\"><strong>Seznam v\u00fdstav s&nbsp;ocen\u011bn\u00edm \/ List of exhibitions with awards:<\/strong><\/span><\/p>\n\n\n\n<p><strong>Velmi nad\u011bjn\u00e1 1, druh\u00e9 m\u00edsto v&nbsp;sout\u011b\u017ei \u0161t\u011b\u0148at <\/strong>\u2013 t\u0159\u00edda \u0161t\u011b\u0148at<br>(1.8.2020 &#8211; Krajsk\u00e1 v\u00fdstava ps\u016f Kladno, rozhod\u010d\u00ed p.Leo\u0161 Jan\u010d\u00edk &#8211; CZ)<br><a href=\"https:\/\/www.zmodrehokralovstvi.cz\/wp-content\/uploads\/2020\/08\/bezinka_kladno_2020-scaled.jpg\" target=\"_blank\" rel=\"noopener noreferrer\">posudek<\/a><\/p>\n<p><strong>Velmi nad\u011bjn\u00e1 1<\/strong> \u2013 t\u0159\u00edda \u0161t\u011b\u0148at<br>(15.8.2020 &#8211; \u010cesk\u00e1 n\u00e1rodn\u00ed v\u00fdstava ps\u016f Mlad\u00e1 Boleslav, rozhod\u010d\u00ed p.Karel Ho\u0159\u00e1k &#8211; CZ)<br><a href=\"https:\/\/www.zmodrehokralovstvi.cz\/wp-content\/uploads\/2020\/08\/bezinka_mladaboleslav_2020-scaled.jpg\" target=\"_blank\" rel=\"noopener noreferrer\">posudek<\/a><\/p>\n\n\n\n<p><strong>Velmi nad\u011bjn\u00e1 3<\/strong> \u2013 t\u0159\u00edda dorostu<br>(6.9.2020 &#8211; Klubov\u00e1 v\u00fdstava <span class=\"oi732d6d ik7dh3pa d2edcug0 hpfvmrgz qv66sw1b c1et5uql a8c37x1j muag1w35 ew0dbk1b jq4qci2q a3bd9o3v knj5qynh oo9gr5id hzawbc8m\" dir=\"auto\">KCHCS Humpolec<\/span>, rozhod\u010d\u00ed p.Nad\u011b\u017eda St\u0159alkov\u00e1 &#8211; CZ)<br><a href=\"https:\/\/www.zmodrehokralovstvi.cz\/wp-content\/uploads\/2020\/09\/2020-09-07-06.41.23-scaled.jpg\" target=\"_blank\" rel=\"noopener noreferrer\">posudek<\/a><\/p>\n\n\n\n<p><strong>Velmi nad\u011bjn\u00e1 2<\/strong> \u2013 t\u0159\u00edda dorostu<br>(12.9.2020 &#8211; Klubov\u00e1 v\u00fdstava <span class=\"oi732d6d ik7dh3pa d2edcug0 hpfvmrgz qv66sw1b c1et5uql a8c37x1j muag1w35 ew0dbk1b jq4qci2q a3bd9o3v knj5qynh oo9gr5id hzawbc8m\" dir=\"auto\">koli\u00ed a \u0161elti\u00ed Chropyn\u011b<\/span>, rozhod\u010d\u00ed p. Ivana N\u011bme\u010dkov\u00e1 &#8211; CZ)<br><a href=\"https:\/\/www.zmodrehokralovstvi.cz\/wp-content\/uploads\/2021\/05\/2020-09-12-16.21.20-scaled.jpg\" target=\"_blank\" rel=\"noopener noreferrer\">posudek<\/a><\/p>\n\n\n\n<p><strong>Velmi dobr\u00e1 1<\/strong> \u2013 t\u0159\u00edda mlad\u00fdch<br>(15.5.2021 &#8211; Klubov\u00e1 v\u00fdstava <span class=\"oi732d6d ik7dh3pa d2edcug0 hpfvmrgz qv66sw1b c1et5uql a8c37x1j muag1w35 ew0dbk1b jq4qci2q a3bd9o3v knj5qynh oo9gr5id hzawbc8m\" dir=\"auto\">koli\u00ed a \u0161elti\u00ed Chropyn\u011b<\/span>, rozhod\u010d\u00ed p. Milan Krinke &#8211; CZ)<br><a href=\"https:\/\/www.zmodrehokralovstvi.cz\/wp-content\/uploads\/2021\/05\/2021-05-15-14.15.53.jpg\" target=\"_blank\" rel=\"noopener noreferrer\">posudek<\/a><\/p>\n\n\n\n<p><strong>V\u00fdborn\u00e1 1, CAC <\/strong>\u2013 otev\u0159en\u00e1 t\u0159\u00edda<br>(3.7.2021 &#8211; N\u00e1rodn\u00ed v\u00fdstava Klatovy, rozhod\u010d\u00ed p. <span class=\"d2edcug0 hpfvmrgz qv66sw1b c1et5uql lr9zc1uh a8c37x1j keod5gw0 nxhoafnm aigsh9s9 d3f4x2em fe6kdd0r mau55g9w c8b282yb iv3no6db jq4qci2q a3bd9o3v knj5qynh oo9gr5id hzawbc8m\" dir=\"auto\">Bo\u017eena Ovesn\u00e1<\/span> &#8211; CZ)<br><a href=\"https:\/\/www.zmodrehokralovstvi.cz\/wp-content\/uploads\/2021\/07\/2021-07-04-19.38.37.jpg\" target=\"_blank\" rel=\"noopener noreferrer\">posudek<\/a><\/p>\n\n\n\n<p><strong>V\u00fdborn\u00e1 1, CAC, N\u00e1rodn\u00ed v\u00edt\u011bz, BOS <\/strong>\u2013 mezit\u0159\u00edda<br>(17.7.2021 &#8211; N\u00e1rodn\u00ed v\u00fdstava Mlad\u00e1 Boleslav, rozhod\u010d\u00ed p. <span class=\"d2edcug0 hpfvmrgz qv66sw1b c1et5uql lr9zc1uh a8c37x1j keod5gw0 nxhoafnm aigsh9s9 d3f4x2em fe6kdd0r mau55g9w c8b282yb iv3no6db jq4qci2q a3bd9o3v knj5qynh oo9gr5id hzawbc8m\" dir=\"auto\">Bo\u017eena Ovesn\u00e1<\/span> &#8211; CZ)<br><a href=\"https:\/\/www.zmodrehokralovstvi.cz\/wp-content\/uploads\/2021\/08\/2021-08-28-16.58.58.jpg\" target=\"_blank\" rel=\"noopener\">posudek<\/a><\/p>\n\n\n\n<p><strong>V\u00fdborn\u00e1 1, CAC <\/strong>\u2013 mezit\u0159\u00edda<br>(9.10.2021 &#8211; Mezin\u00e1rodn\u00ed v\u00fdstava \u010cesk\u00e9 Bud\u011bjovice, rozhod\u010d\u00ed p. <span class=\"d2edcug0 hpfvmrgz qv66sw1b c1et5uql lr9zc1uh a8c37x1j keod5gw0 nxhoafnm aigsh9s9 d3f4x2em fe6kdd0r mau55g9w c8b282yb iv3no6db jq4qci2q a3bd9o3v knj5qynh oo9gr5id hzawbc8m\" dir=\"auto\">Petra M\u00e1rov\u00e1<\/span> &#8211; CZ)<br><a href=\"https:\/\/www.zmodrehokralovstvi.cz\/wp-content\/uploads\/2023\/05\/2023-05-22-12.46.15.jpg\" target=\"_blank\" rel=\"noopener\">posudek<\/a><\/p>\n\n\n\n<p><strong>V\u00fdborn\u00e1 3 <\/strong>\u2013 otev\u0159en\u00e1 t\u0159\u00edda<br>(5.8.2022 \u2013 CACIB Praha, rozhod\u010d\u00ed p. Jitka Reslerov\u00e1 \u2013 CZ)<br><a href=\"https:\/\/www.zmodrehokralovstvi.cz\/wp-content\/uploads\/2023\/05\/2023-05-22-12.53.27.jpg\" target=\"_blank\" rel=\"noopener\">posudek<\/a><\/p>\n<p><strong>V\u00fdborn\u00e1 2, res.CAC <\/strong>\u2013 otev\u0159en\u00e1 t\u0159\u00edda<br>(6.8.2022 \u2013 CACIB Praha, rozhod\u010d\u00ed p. Sandor Szabo \u2013 HU)<br><a href=\"https:\/\/www.zmodrehokralovstvi.cz\/wp-content\/uploads\/2023\/05\/2023-05-22-12.53.51.jpg\" target=\"_blank\" rel=\"noopener\">posudek<\/a><\/p>\n","protected":false},"excerpt":{"rendered":"<p>Na\u0161e princezna R\u016f\u017eenka (Our pink princess) Narodila se 2.3.2020 ve vrhu B sedmi \u0161t\u011b\u0148\u00e1tek v&nbsp;na\u0161\u00ed CHS &#8222;z&nbsp;Modr\u00e9ho kr\u00e1lovstv\u00ed&#8220;.She was born 2.3.2020 in litter B of seven puppies in our kennel&nbsp;&#8222;z&nbsp;Modr\u00e9ho kr\u00e1lovstv\u00ed&#8220;. Bady\u00e1n, Barolo,Barsac,Bazalka,Berberis, Bezinka, Brusinka Rodokmen \/ Pedigree: Bezinka z&nbsp;Modr\u00e9ho kr\u00e1lovstv\u00ed&nbsp;Otec \/ Father: &#8222;Falco&#8220; Legend of Camelot\u2019s GlobetrotterMatka \/ Mother: Adina Dv\u016fr Ba\u017eantnice&nbsp; Quick links:Planed [&hellip;]<\/p>\n","protected":false},"author":2,"featured_media":3387,"parent":0,"menu_order":22,"comment_status":"closed","ping_status":"closed","template":"","meta":{"ngg_post_thumbnail":0,"footnotes":""},"class_list":["post-3235","page","type-page","status-publish","has-post-thumbnail","hentry","entry","has-media"],"post_mailing_queue_ids":[],"_links":{"self":[{"href":"https:\/\/www.zmodrehokralovstvi.cz\/index.php\/wp-json\/wp\/v2\/pages\/3235","targetHints":{"allow":["GET"]}}],"collection":[{"href":"https:\/\/www.zmodrehokralovstvi.cz\/index.php\/wp-json\/wp\/v2\/pages"}],"about":[{"href":"https:\/\/www.zmodrehokralovstvi.cz\/index.php\/wp-json\/wp\/v2\/types\/page"}],"author":[{"embeddable":true,"href":"https:\/\/www.zmodrehokralovstvi.cz\/index.php\/wp-json\/wp\/v2\/users\/2"}],"replies":[{"embeddable":true,"href":"https:\/\/www.zmodrehokralovstvi.cz\/index.php\/wp-json\/wp\/v2\/comments?post=3235"}],"version-history":[{"count":15,"href":"https:\/\/www.zmodrehokralovstvi.cz\/index.php\/wp-json\/wp\/v2\/pages\/3235\/revisions"}],"predecessor-version":[{"id":10658,"href":"https:\/\/www.zmodrehokralovstvi.cz\/index.php\/wp-json\/wp\/v2\/pages\/3235\/revisions\/10658"}],"wp:featuredmedia":[{"embeddable":true,"href":"https:\/\/www.zmodrehokralovstvi.cz\/index.php\/wp-json\/wp\/v2\/media\/3387"}],"wp:attachment":[{"href":"https:\/\/www.zmodrehokralovstvi.cz\/index.php\/wp-json\/wp\/v2\/media?parent=3235"}],"curies":[{"name":"wp","href":"https:\/\/api.w.org\/{rel}","templated":true}]}}