{"id":2967,"date":"2020-04-22T11:42:24","date_gmt":"2020-04-22T10:42:24","guid":{"rendered":"https:\/\/www.zmodrehokralovstvi.cz\/?page_id=2967"},"modified":"2020-04-22T11:42:24","modified_gmt":"2020-04-22T10:42:24","slug":"brusinka","status":"publish","type":"page","link":"https:\/\/www.zmodrehokralovstvi.cz\/index.php\/vrh-b\/brusinka\/","title":{"rendered":"BRUSINKA"},"content":{"rendered":"\n<p style=\"text-align: center;\"><strong data-rich-text-format-boundary=\"true\">7:17 \u2013 Brusinka &#8211; zlat\u00e1 \u2013 hol\u010di\u010dka \u2013 351g \u2013 oran\u017eov\u00e1 &#8211; princezna R\u016f\u017eenka<\/strong><\/p>\n\n\n\nngg_shortcode_0_placeholder\n\n\n\n<p style=\"text-align: center;\"><a href=\"https:\/\/www.zmodrehokralovstvi.cz\/index.php\/kryti\/vrh-b\/\"><strong>Vrh B \/ Litter B<\/strong><\/a><\/p>\n","protected":false},"excerpt":{"rendered":"<p>7:17 \u2013 Brusinka &#8211; zlat\u00e1 \u2013 hol\u010di\u010dka \u2013 351g \u2013 oran\u017eov\u00e1 &#8211; princezna R\u016f\u017eenka Vrh B \/ Litter B<\/p>\n","protected":false},"author":2,"featured_media":3028,"parent":2538,"menu_order":0,"comment_status":"closed","ping_status":"closed","template":"","meta":{"ngg_post_thumbnail":0,"footnotes":""},"class_list":["post-2967","page","type-page","status-publish","has-post-thumbnail","hentry","entry","has-media"],"post_mailing_queue_ids":[],"_links":{"self":[{"href":"https:\/\/www.zmodrehokralovstvi.cz\/index.php\/wp-json\/wp\/v2\/pages\/2967","targetHints":{"allow":["GET"]}}],"collection":[{"href":"https:\/\/www.zmodrehokralovstvi.cz\/index.php\/wp-json\/wp\/v2\/pages"}],"about":[{"href":"https:\/\/www.zmodrehokralovstvi.cz\/index.php\/wp-json\/wp\/v2\/types\/page"}],"author":[{"embeddable":true,"href":"https:\/\/www.zmodrehokralovstvi.cz\/index.php\/wp-json\/wp\/v2\/users\/2"}],"replies":[{"embeddable":true,"href":"https:\/\/www.zmodrehokralovstvi.cz\/index.php\/wp-json\/wp\/v2\/comments?post=2967"}],"version-history":[{"count":0,"href":"https:\/\/www.zmodrehokralovstvi.cz\/index.php\/wp-json\/wp\/v2\/pages\/2967\/revisions"}],"up":[{"embeddable":true,"href":"https:\/\/www.zmodrehokralovstvi.cz\/index.php\/wp-json\/wp\/v2\/pages\/2538"}],"wp:featuredmedia":[{"embeddable":true,"href":"https:\/\/www.zmodrehokralovstvi.cz\/index.php\/wp-json\/wp\/v2\/media\/3028"}],"wp:attachment":[{"href":"https:\/\/www.zmodrehokralovstvi.cz\/index.php\/wp-json\/wp\/v2\/media?parent=2967"}],"curies":[{"name":"wp","href":"https:\/\/api.w.org\/{rel}","templated":true}]}}