{"id":2538,"date":"2020-03-03T11:17:59","date_gmt":"2020-03-03T10:17:59","guid":{"rendered":"https:\/\/www.zmodrehokralovstvi.cz\/?page_id=2538"},"modified":"2022-03-14T14:06:18","modified_gmt":"2022-03-14T13:06:18","slug":"vrh-b","status":"publish","type":"page","link":"https:\/\/www.zmodrehokralovstvi.cz\/index.php\/vrh-b\/","title":{"rendered":"Vrh B"},"content":{"rendered":"\n<h2 class=\"wp-block-heading\">Datum narozen\u00ed: 2.3.2020<\/h2>\n\n\n\n<p><em>v<em>v\u0161echna \u0161t\u011b\u0148\u00e1tka u\u017e maj\u00ed sv\u016fj nov\u00fd domov \/ all puppies already have their new home<\/em><\/em><\/p>\n\n\n\n<p>matka: <a href=\"http:\/\/www.smooth-collie.net\/view.php?id=13517\" target=\"_blank\" rel=\"noreferrer noopener\" aria-label=\" (otev\u0159e se na nov\u00e9 z\u00e1lo\u017ece)\">Adina Dv\u016fr Ba\u017eantnice<\/a><\/p>\n\n\n\n<p class=\"has-small-font-size\"><strong>Health:<\/strong><br>Eyes clear (as puppy)<br>CEA DNA N\/N (Genomia)<br>PRA (rcd2) DNA N\/N (Genomia)<br>MDR1 (ABCB1) N\/N (Genomia)<br>DM (SOD1) N\/N (Genomia)<br>FGF5 gen ovliv\u0148uj\u00edc\u00edch d\u00e9lku srsti N\/N (Genomia)<br><em>V\u00fdsledky test\u016f m\u00e1me k&nbsp;dispozici v&nbsp;CZ a EN. <\/em><br><em>Test results are available in CZ and EN languages.<\/em><\/p>\n\n\n\n<p>otec: <a href=\"http:\/\/www.smooth-collie.net\/view.php?id=12319\" target=\"_blank\" rel=\"noreferrer noopener\">Falco \u2013 Legend of Camelot\u2019s Globetrotter<\/a> .<\/p>\n\n\n\n<p class=\"has-small-font-size\"><strong>Health:<\/strong><br>Eyes clear (as puppy)<br>CEA DNA non-carrier (by parentage)<br>PRA (rcd2) DNA non-carrier (Genomia)<br>MDR1 (ABCB1) N\/N (Genomia)<br>DM (SOD1) N\/N (by parentage)<\/p>\n\n\n\n<ul class=\"wp-block-list\"><li><a href=\"https:\/\/www.zmodrehokralovstvi.cz\/index.php\/kryti\/vrh-b\/berberis\/\">BERBERIS<\/a> <strong>&#8211; 5:25 &#8211; tricolor &#8211; kluk &#8211; 390g &#8211; modr\u00e1<\/strong><\/li><li><a href=\"https:\/\/www.zmodrehokralovstvi.cz\/index.php\/kryti\/vrh-b\/badyan\/\">BADY\u00c1N<\/a> <strong>&#8211; 5:30 &#8211; zlat\u00e1 &#8211; kluk &#8211; 435g &#8211; zelen\u00e1<\/strong> (Merlin)<\/li><li><a href=\"https:\/\/www.zmodrehokralovstvi.cz\/index.php\/kryti\/vrh-b\/barsac\/\">BARSAC<\/a> &#8211;<strong> 6:40 &#8211; tricolor &#8211; kluk &#8211; 390g &#8211; \u0161ed\u00e1<\/strong><\/li><li><a href=\"https:\/\/www.zmodrehokralovstvi.cz\/index.php\/kryti\/vrh-b\/brusinka\/\">BRUSINKA<\/a> <strong>&#8211; 7:17 &#8211; zlat\u00e1 &#8211; hol\u010di\u010dka &#8211; 351g &#8211; oran\u017eov\u00e1<\/strong><\/li><li><a href=\"https:\/\/www.zmodrehokralovstvi.cz\/index.php\/kryti\/vrh-b\/barolo\/\">BAROLO<\/a> <strong>&#8211; 7:30 &#8211; zlat\u00e1 &#8211; kluk &#8211; 313g &#8211; fialov\u00e1<\/strong><\/li><li><a href=\"https:\/\/www.zmodrehokralovstvi.cz\/index.php\/kryti\/vrh-b\/bazalka\/\">BAZALKA<\/a> <strong>&#8211; 8:00 &#8211; zlat\u00e1 &#8211; hol\u010di\u010dka &#8211; 325g &#8211; \u017elut\u00e1<\/strong><\/li><li><a href=\"https:\/\/www.zmodrehokralovstvi.cz\/index.php\/kryti\/vrh-b\/bezinka\/\">BEZINKA<\/a> <strong>&#8211; 8:20 &#8211; tricolor &#8211; hol\u010di\u010dka &#8211; 370g &#8211; r\u016f\u017eov\u00e1<\/strong> (R\u016f\u017eena)<\/li><\/ul>\n\n\n\n<pre>Odkaz na vrh do datab\u00e1ze koli\u00ed:<br><a href=\"http:\/\/www.smooth-collie.net\/view_litter.php?id=5813\" target=\"_blank\" rel=\"noopener noreferrer\"><img loading=\"lazy\" decoding=\"async\" class=\"alignnone  wp-image-2498\" src=\"https:\/\/www.zmodrehokralovstvi.cz\/wp-content\/uploads\/2020\/02\/smoth-collie-database.jpg\" alt=\"\" width=\"253\" height=\"36\" srcset=\"https:\/\/www.zmodrehokralovstvi.cz\/wp-content\/uploads\/2020\/02\/smoth-collie-database.jpg 493w, https:\/\/www.zmodrehokralovstvi.cz\/wp-content\/uploads\/2020\/02\/smoth-collie-database-300x43.jpg 300w\" sizes=\"auto, (max-width: 253px) 100vw, 253px\" \/><\/a><\/pre>\n\n\n\n<figure class=\"wp-block-image size-large\"><img loading=\"lazy\" decoding=\"async\" width=\"1024\" height=\"768\" src=\"https:\/\/www.zmodrehokralovstvi.cz\/wp-content\/uploads\/2020\/03\/2020-03-02-08.23.57-scaled-1-1024x768.jpg\" alt=\"\" class=\"wp-image-2504\" srcset=\"https:\/\/www.zmodrehokralovstvi.cz\/wp-content\/uploads\/2020\/03\/2020-03-02-08.23.57-scaled-1-1024x768.jpg 1024w, https:\/\/www.zmodrehokralovstvi.cz\/wp-content\/uploads\/2020\/03\/2020-03-02-08.23.57-scaled-1-300x225.jpg 300w, https:\/\/www.zmodrehokralovstvi.cz\/wp-content\/uploads\/2020\/03\/2020-03-02-08.23.57-scaled-1-768x576.jpg 768w, https:\/\/www.zmodrehokralovstvi.cz\/wp-content\/uploads\/2020\/03\/2020-03-02-08.23.57-scaled-1-1536x1152.jpg 1536w, https:\/\/www.zmodrehokralovstvi.cz\/wp-content\/uploads\/2020\/03\/2020-03-02-08.23.57-scaled-1-2048x1536.jpg 2048w\" sizes=\"auto, (max-width: 1024px) 100vw, 1024px\" \/><figcaption>Je n\u00e1m p\u00e1r minut&#8230;.<\/figcaption><\/figure>\n\n\n\n<figure class=\"wp-block-image size-large\"><img loading=\"lazy\" decoding=\"async\" width=\"1024\" height=\"768\" src=\"https:\/\/www.zmodrehokralovstvi.cz\/wp-content\/uploads\/2020\/03\/2020-03-03-17.31.25-scaled-1-1024x768.jpg\" alt=\"\" class=\"wp-image-2563\" srcset=\"https:\/\/www.zmodrehokralovstvi.cz\/wp-content\/uploads\/2020\/03\/2020-03-03-17.31.25-scaled-1-1024x768.jpg 1024w, https:\/\/www.zmodrehokralovstvi.cz\/wp-content\/uploads\/2020\/03\/2020-03-03-17.31.25-scaled-1-300x225.jpg 300w, https:\/\/www.zmodrehokralovstvi.cz\/wp-content\/uploads\/2020\/03\/2020-03-03-17.31.25-scaled-1-768x576.jpg 768w, https:\/\/www.zmodrehokralovstvi.cz\/wp-content\/uploads\/2020\/03\/2020-03-03-17.31.25-scaled-1-1536x1152.jpg 1536w, https:\/\/www.zmodrehokralovstvi.cz\/wp-content\/uploads\/2020\/03\/2020-03-03-17.31.25-scaled-1-2048x1536.jpg 2048w\" sizes=\"auto, (max-width: 1024px) 100vw, 1024px\" \/><figcaption>Je n\u00e1m p\u00e1r minut, ale u\u017e jsme uschli<\/figcaption><\/figure>\n\n\n\n<p><strong>Vrh B &#8211; 3.3.2020 &#8211; jeden t\u00fdden<\/strong><\/p>\n\n\n\nngg_shortcode_0_placeholder\n\n\n\n<p><strong>Vrh B &#8211; 15.3.2020 &#8211; dva t\u00fddny<\/strong><\/p>\n\n\n\nngg_shortcode_1_placeholder\n\n\n\n<p> <strong>20.3.2020 \u2013 Tak u\u017e um\u00edme granulky! (zat\u00edm tedy nam\u00e1\u010den\u00e9\u2026) \ud83d\ude42<\/strong> <\/p>\n\n\n\n<div class=\"wp-block-group\"><div class=\"wp-block-group__inner-container is-layout-flow wp-block-group-is-layout-flow\">\n<figure class=\"wp-block-video aligncenter\"><video height=\"352\" style=\"aspect-ratio: 640 \/ 352;\" width=\"640\" controls src=\"https:\/\/www.zmodrehokralovstvi.cz\/wp-content\/uploads\/2020\/03\/vrhb_20200320.mp4\"><\/video><\/figure>\n<\/div><\/div>\n\n\n\n<p><strong>Vrh B &#8211; 28.3.2020 &#8211; prvn\u00ed ven\u010den\u00ed! &#8211; \u010dty\u0159i t\u00fddny<\/strong><\/p>\n\n\n\nngg_shortcode_2_placeholder\n\n\n\n<p><strong>Vrh B &#8211; 05.04.2020 &#8211; u\u017e\u00edvaj\u00ed si slun\u00ed\u010dka &#8211; p\u011bt t\u00fddn\u016f<\/strong><\/p>\n\n\n\nngg_shortcode_3_placeholder\n\n\n\n<p><strong>Vrh B &#8211; 13.04.2020 &#8211; d\u011bti u\u017e zlob\u00ed jako sedm \u010dert\u00edk\u016f \ud83d\ude42 &#8211; \u0161est t\u00fddn\u016f<\/strong> &#8211; m\u00e1me za sebou o\u010dkov\u00e1n\u00ed a o\u010dipov\u00e1n\u00ed<\/p>\n\n\n\nngg_shortcode_4_placeholder\n\n\n\n<p> <strong>19.4.2020 \u2013 Hrajeme si s&nbsp;maminkou&#8230; \ud83d\ude42<\/strong> <\/p>\n\n\n\n<figure class=\"wp-block-video\"><video controls src=\"https:\/\/www.zmodrehokralovstvi.cz\/wp-content\/uploads\/2020\/04\/vrhb_20200419.mp4\"><\/video><figcaption>19.4.2020 &#8211; Vrh B &#8211; sedm t\u00fddn\u016f &#8211; z&nbsp;Modr\u00e9ho kr\u00e1lovstv\u00ed<\/figcaption><\/figure>\n\n\n\n<p><strong>20.4.2020 &#8211; D\u011bti p\u0159epadly maminku&#8230; \ud83d\ude42<\/strong><\/p>\n\n\n\n<figure class=\"wp-block-video\"><video controls src=\"https:\/\/www.zmodrehokralovstvi.cz\/wp-content\/uploads\/2020\/04\/2020-04-19-11.31.53.mp4\"><\/video><figcaption>20.4.2020 &#8211; Vrh B &#8211; sedm t\u00fddn\u016f &#8211; z&nbsp;Modr\u00e9ho kr\u00e1lovstv\u00ed<\/figcaption><\/figure>\n","protected":false},"excerpt":{"rendered":"<p>Datum narozen\u00ed: 2.3.2020 vv\u0161echna \u0161t\u011b\u0148\u00e1tka u\u017e maj\u00ed sv\u016fj nov\u00fd domov \/ all puppies already have their new home matka: Adina Dv\u016fr Ba\u017eantnice Health:Eyes clear (as puppy)CEA DNA N\/N (Genomia)PRA (rcd2) DNA N\/N (Genomia)MDR1 (ABCB1) N\/N (Genomia)DM (SOD1) N\/N (Genomia)FGF5 gen ovliv\u0148uj\u00edc\u00edch d\u00e9lku srsti N\/N (Genomia)V\u00fdsledky test\u016f m\u00e1me k&nbsp;dispozici v&nbsp;CZ a EN. Test results are available [&hellip;]<\/p>\n","protected":false},"author":2,"featured_media":0,"parent":0,"menu_order":70,"comment_status":"closed","ping_status":"closed","template":"","meta":{"ngg_post_thumbnail":0,"footnotes":""},"class_list":["post-2538","page","type-page","status-publish","hentry","entry"],"post_mailing_queue_ids":[],"_links":{"self":[{"href":"https:\/\/www.zmodrehokralovstvi.cz\/index.php\/wp-json\/wp\/v2\/pages\/2538","targetHints":{"allow":["GET"]}}],"collection":[{"href":"https:\/\/www.zmodrehokralovstvi.cz\/index.php\/wp-json\/wp\/v2\/pages"}],"about":[{"href":"https:\/\/www.zmodrehokralovstvi.cz\/index.php\/wp-json\/wp\/v2\/types\/page"}],"author":[{"embeddable":true,"href":"https:\/\/www.zmodrehokralovstvi.cz\/index.php\/wp-json\/wp\/v2\/users\/2"}],"replies":[{"embeddable":true,"href":"https:\/\/www.zmodrehokralovstvi.cz\/index.php\/wp-json\/wp\/v2\/comments?post=2538"}],"version-history":[{"count":4,"href":"https:\/\/www.zmodrehokralovstvi.cz\/index.php\/wp-json\/wp\/v2\/pages\/2538\/revisions"}],"predecessor-version":[{"id":9148,"href":"https:\/\/www.zmodrehokralovstvi.cz\/index.php\/wp-json\/wp\/v2\/pages\/2538\/revisions\/9148"}],"wp:attachment":[{"href":"https:\/\/www.zmodrehokralovstvi.cz\/index.php\/wp-json\/wp\/v2\/media?parent=2538"}],"curies":[{"name":"wp","href":"https:\/\/api.w.org\/{rel}","templated":true}]}}