{"id":1527,"date":"2019-04-13T07:15:23","date_gmt":"2019-04-13T06:15:23","guid":{"rendered":"https:\/\/www.zmodrehokralovstvi.cz\/?page_id=1527"},"modified":"2022-03-14T14:06:38","modified_gmt":"2022-03-14T13:06:38","slug":"vrh-a","status":"publish","type":"page","link":"https:\/\/www.zmodrehokralovstvi.cz\/index.php\/vrh-a\/","title":{"rendered":"Vrh A"},"content":{"rendered":"\n<h2 class=\"wp-block-heading\">Datum narozen\u00ed: 13.4.2019<\/h2>\n\n\n\n<p><em>v\u0161echna \u0161t\u011b\u0148\u00e1tka u\u017e <em>v\u0161echna \u0161t\u011b\u0148\u00e1tka u\u017e maj\u00ed sv\u016fj nov\u00fd domov \/ all puppies already have their new home<\/em><\/em><\/p>\n\n\n\n<p>matka: <a aria-label=\" (otev\u0159e se na nov\u00e9 z\u00e1lo\u017ece)\" href=\"http:\/\/www.smooth-collie.net\/view.php?id=13517\" target=\"_blank\" rel=\"noreferrer noopener\">Adina Dv\u016fr Ba\u017eantnice<\/a><\/p>\n\n\n\n<p class=\"has-small-font-size\"><strong>Health:<\/strong><br>Eyes clear (as puppy)<br>CEA DNA N\/N (Genomia)<br>PRA (rcd2) DNA N\/N (Genomia)<br>MDR1 (ABCB1) N\/N (Genomia)<br>DM (SOD1) N\/N (Genomia)<br>FGF5 gen ovliv\u0148uj\u00edc\u00edch d\u00e9lku srsti N\/N (Genomia)<br><em>V\u00fdsledky test\u016f m\u00e1me k&nbsp;dispozici v&nbsp;CZ a EN. <\/em><br><em>Test results are available in CZ and EN languages.<\/em> <\/p>\n\n\n\n<p>otec: <a href=\"http:\/\/www.smooth-collie.net\/view.php?id=12319\" target=\"_blank\" rel=\"noreferrer noopener\">Falco &#8211; Legend of Camelot\u2019s Globetrotter<\/a> . <\/p>\n\n\n\n<p class=\"has-small-font-size\"><strong>Health:<\/strong><br>Eyes clear (as puppy)<br>CEA DNA non-carrier (by parentage)<br> PRA (rcd2) DNA non-carrier (Genomia)<br> MDR1 (ABCB1) N\/N (Genomia)<br> DM (SOD1) N\/N (by parentage) <\/p>\n\n\n\n<ul class=\"wp-block-list\"><li> <a href=\"https:\/\/www.zmodrehokralovstvi.cz\/index.php\/kryti\/vrh-a\/alcea\/\">ALCEA<\/a> &#8211;  <strong>0:50 &#8211; tricolor &#8211; hol\u010di\u010dka &#8211; 320g &#8211; \u010derven\u00e1<\/strong> <\/li><li><a href=\"https:\/\/www.zmodrehokralovstvi.cz\/index.php\/kryti\/vrh-a\/apollo\/\">APOLLO<\/a> &#8211;  <strong>1:00 &#8211; tricolor &#8211; kluk &#8211; 263g &#8211; \u0161ediv\u00e1<\/strong> (Ap\u00ed\u010dek)<\/li><li><a href=\"https:\/\/www.zmodrehokralovstvi.cz\/index.php\/kryti\/vrh-a\/apricola\/\">APRICOLA<\/a> &#8211;  <strong>1:30 &#8211; zlat\u00e1 &#8211; hol\u010di\u010dka &#8211; 315g &#8211; fialov\u00e1<\/strong><\/li><li><a href=\"https:\/\/www.zmodrehokralovstvi.cz\/index.php\/kryti\/vrh-a\/acorus\/\">ACORUS<\/a> &#8211;  <strong>1:40 &#8211; zlat\u00e1 &#8211; kluk &#8211; 285g &#8211; zelen\u00e1<\/strong> (Alex)<\/li><li><a href=\"https:\/\/www.zmodrehokralovstvi.cz\/index.php\/kryti\/vrh-a\/antoinetta\/\">ANTOINETTA<\/a> &#8211;  <strong>2:02 &#8211; zlat\u00e1 &#8211; hol\u010di\u010dka &#8211; 280g &#8211; oran\u017eov\u00e1<\/strong> (Toni\u010dka)<\/li><li><a href=\"https:\/\/www.zmodrehokralovstvi.cz\/index.php\/kryti\/vrh-a\/abelia\/\">ABELIA<\/a> &#8211;   <strong>2:55 &#8211; zlat\u00e1 &#8211; hol\u010di\u010dka &#8211; 300g &#8211; \u017elut\u00e1<\/strong><\/li><li><a href=\"https:\/\/www.zmodrehokralovstvi.cz\/index.php\/kryti\/vrh-a\/acanthus\/\">ACANTHUS<\/a> &#8211;  <strong>3:14 &#8211; zlat\u00e1 &#8211; kluk &#8211; 320g &#8211; modr\u00e1 <\/strong>(Ak\u00ednek) <\/li><\/ul>\n\n\n\n<pre>Odkaz na vrh do datab\u00e1ze koli\u00ed:<br><a href=\"http:\/\/www.smooth-collie.net\/view_litter.php?id=5100\" target=\"_blank\" rel=\"noopener noreferrer\"><img loading=\"lazy\" decoding=\"async\" class=\"alignnone  wp-image-2498\" src=\"https:\/\/www.zmodrehokralovstvi.cz\/wp-content\/uploads\/2020\/02\/smoth-collie-database.jpg\" alt=\"\" width=\"253\" height=\"36\" srcset=\"https:\/\/www.zmodrehokralovstvi.cz\/wp-content\/uploads\/2020\/02\/smoth-collie-database.jpg 493w, https:\/\/www.zmodrehokralovstvi.cz\/wp-content\/uploads\/2020\/02\/smoth-collie-database-300x43.jpg 300w\" sizes=\"auto, (max-width: 253px) 100vw, 253px\" \/><\/a><\/pre>\n\n\n\n<figure class=\"wp-block-gallery has-nested-images columns-1 aligncenter wp-block-gallery-1 is-layout-flex wp-block-gallery-is-layout-flex\">\n<figure class=\"wp-block-image size-large\"><img loading=\"lazy\" decoding=\"async\" width=\"1024\" height=\"683\" data-id=\"1567\" src=\"https:\/\/www.zmodrehokralovstvi.cz\/wp-content\/uploads\/2019\/04\/dsc04733-1024x683.jpg\" alt=\"\" class=\"wp-image-1567\" srcset=\"https:\/\/www.zmodrehokralovstvi.cz\/wp-content\/uploads\/2019\/04\/dsc04733-1024x683.jpg 1024w, https:\/\/www.zmodrehokralovstvi.cz\/wp-content\/uploads\/2019\/04\/dsc04733-300x200.jpg 300w, https:\/\/www.zmodrehokralovstvi.cz\/wp-content\/uploads\/2019\/04\/dsc04733-768x512.jpg 768w, https:\/\/www.zmodrehokralovstvi.cz\/wp-content\/uploads\/2019\/04\/dsc04733-1536x1024.jpg 1536w, https:\/\/www.zmodrehokralovstvi.cz\/wp-content\/uploads\/2019\/04\/dsc04733-2048x1365.jpg 2048w\" sizes=\"auto, (max-width: 1024px) 100vw, 1024px\" \/><figcaption> 13.4.2019 \u2013 vrh A \u2013 z&nbsp;Modr\u00e9ho kr\u00e1lovstv\u00ed<\/figcaption><\/figure>\n\n\n\n<figure class=\"wp-block-image size-large\"><img loading=\"lazy\" decoding=\"async\" width=\"1024\" height=\"683\" data-id=\"1580\" src=\"https:\/\/www.zmodrehokralovstvi.cz\/wp-content\/uploads\/2019\/04\/dsc04737-1024x683.jpg\" alt=\"\" class=\"wp-image-1580\" srcset=\"https:\/\/www.zmodrehokralovstvi.cz\/wp-content\/uploads\/2019\/04\/dsc04737-1024x683.jpg 1024w, https:\/\/www.zmodrehokralovstvi.cz\/wp-content\/uploads\/2019\/04\/dsc04737-300x200.jpg 300w, https:\/\/www.zmodrehokralovstvi.cz\/wp-content\/uploads\/2019\/04\/dsc04737-768x512.jpg 768w, https:\/\/www.zmodrehokralovstvi.cz\/wp-content\/uploads\/2019\/04\/dsc04737-1536x1024.jpg 1536w, https:\/\/www.zmodrehokralovstvi.cz\/wp-content\/uploads\/2019\/04\/dsc04737-2048x1365.jpg 2048w\" sizes=\"auto, (max-width: 1024px) 100vw, 1024px\" \/><figcaption> 15.4.2019 \u2013 vrh A \u2013 z&nbsp;Modr\u00e9ho kr\u00e1lovstv\u00ed<\/figcaption><\/figure>\n\n\n\n<figure class=\"wp-block-image size-large\"><img loading=\"lazy\" decoding=\"async\" width=\"1024\" height=\"501\" data-id=\"1661\" src=\"https:\/\/www.zmodrehokralovstvi.cz\/wp-content\/uploads\/2019\/04\/dsc04746-2-1024x501.jpg\" alt=\"\" class=\"wp-image-1661\" srcset=\"https:\/\/www.zmodrehokralovstvi.cz\/wp-content\/uploads\/2019\/04\/dsc04746-2-1024x501.jpg 1024w, https:\/\/www.zmodrehokralovstvi.cz\/wp-content\/uploads\/2019\/04\/dsc04746-2-300x147.jpg 300w, https:\/\/www.zmodrehokralovstvi.cz\/wp-content\/uploads\/2019\/04\/dsc04746-2-768x376.jpg 768w, https:\/\/www.zmodrehokralovstvi.cz\/wp-content\/uploads\/2019\/04\/dsc04746-2-1536x752.jpg 1536w, https:\/\/www.zmodrehokralovstvi.cz\/wp-content\/uploads\/2019\/04\/dsc04746-2-2048x1003.jpg 2048w\" sizes=\"auto, (max-width: 1024px) 100vw, 1024px\" \/><figcaption> 18.4. \u2013 vrh A \u2013 z&nbsp;Modr\u00e9ho kr\u00e1lovstv\u00ed<\/figcaption><\/figure>\n<\/figure>\n\n\n\n<p class=\"has-text-align-left\">25.4.2019 &#8211; \u0160t\u011b\u0148\u00e1tka dostala nov\u00e9 obojky a za\u010d\u00ednaj\u00ed se jim otev\u00edrat o\u010di.<\/p>\n\n\n\nngg_shortcode_0_placeholder\n\n\n\n<p class=\"has-text-align-left\">3.5.2019 &#8211; D\u011bti dostaly prvn\u00ed hra\u010dku a jsou prvn\u00ed pokusy si s&nbsp;n\u00ed hr\u00e1t. Jinak u\u017e se perou, vr\u010d\u00ed , \u0161t\u011bkaj\u00ed a kdy\u017e sed\u00ed, tak u\u017e za\u010d\u00ednaj\u00ed vypadat jako velc\u00ed pejsci&#8230;<\/p>\n\n\n\nngg_shortcode_1_placeholder\n\n\n\n<p class=\"has-text-align-left\">4.5.2019 &#8211; P\u0159i\u0161la maminka a d\u011bti se do\u017eaduj\u00ed krmen\u00ed&#8230;<\/p>\n\n\n\n<figure class=\"wp-block-video\"><video height=\"1080\" style=\"aspect-ratio: 1920 \/ 1080;\" width=\"1920\" controls src=\"https:\/\/www.zmodrehokralovstvi.cz\/wp-content\/uploads\/2019\/05\/2019-05-04-13.08.21.mp4\"><\/video><figcaption>4.5.2019 &#8211; Vrh A &#8211; z&nbsp;Modr\u00e9ho kr\u00e1lovstv\u00ed<\/figcaption><\/figure>\n\n\n\n<p class=\"has-text-align-left\">8.5.2019 &#8211; Venku je kr\u00e1sn\u011b a teplo a tak d\u011bti za\u017eily prvn\u00ed ven\u010den\u00ed a p\u0159i\u0161la se na n\u011b pod\u00edvat i teta Kokinka<\/p>\n\n\n\nngg_shortcode_2_placeholder\n\n\n\n<p class=\"has-text-align-left\">19.5.2019 &#8211; je n\u00e1m u\u017e 5 t\u00fddn\u016f a dnes jsme mohla b\u00fdt cel\u00fd den venku<\/p>\n\n\n\nngg_shortcode_3_placeholder\n\n\n\n<p class=\"has-text-align-left\">25.5.2019 &#8211; Kdo chyt\u00ed maminku ten vyhraje!<\/p>\n\n\n\n<figure class=\"wp-block-video\"><video height=\"1080\" style=\"aspect-ratio: 1920 \/ 1080;\" width=\"1920\" controls src=\"https:\/\/www.zmodrehokralovstvi.cz\/wp-content\/uploads\/2019\/05\/20190525_085709.mp4\"><\/video><figcaption>25.5.2019 &#8211; Vrh A &#8211; z&nbsp;Modr\u00e9ho kr\u00e1lovstv\u00ed<\/figcaption><\/figure>\n\n\n\n<p class=\"has-text-align-left\">31.5.2019 &#8211; je n\u00e1m u\u017e 7 t\u00fddn\u016f&#8230; \u010das let\u00ed jako rychleji ne\u017e voda&#8230;<\/p>\n\n\n\nngg_shortcode_4_placeholder\n","protected":false},"excerpt":{"rendered":"<p>Datum narozen\u00ed: 13.4.2019 v\u0161echna \u0161t\u011b\u0148\u00e1tka u\u017e v\u0161echna \u0161t\u011b\u0148\u00e1tka u\u017e maj\u00ed sv\u016fj nov\u00fd domov \/ all puppies already have their new home matka: Adina Dv\u016fr Ba\u017eantnice Health:Eyes clear (as puppy)CEA DNA N\/N (Genomia)PRA (rcd2) DNA N\/N (Genomia)MDR1 (ABCB1) N\/N (Genomia)DM (SOD1) N\/N (Genomia)FGF5 gen ovliv\u0148uj\u00edc\u00edch d\u00e9lku srsti N\/N (Genomia)V\u00fdsledky test\u016f m\u00e1me k&nbsp;dispozici v&nbsp;CZ a EN. Test [&hellip;]<\/p>\n","protected":false},"author":2,"featured_media":0,"parent":0,"menu_order":60,"comment_status":"closed","ping_status":"closed","template":"","meta":{"ngg_post_thumbnail":0,"footnotes":""},"class_list":["post-1527","page","type-page","status-publish","hentry","entry"],"post_mailing_queue_ids":[],"_links":{"self":[{"href":"https:\/\/www.zmodrehokralovstvi.cz\/index.php\/wp-json\/wp\/v2\/pages\/1527","targetHints":{"allow":["GET"]}}],"collection":[{"href":"https:\/\/www.zmodrehokralovstvi.cz\/index.php\/wp-json\/wp\/v2\/pages"}],"about":[{"href":"https:\/\/www.zmodrehokralovstvi.cz\/index.php\/wp-json\/wp\/v2\/types\/page"}],"author":[{"embeddable":true,"href":"https:\/\/www.zmodrehokralovstvi.cz\/index.php\/wp-json\/wp\/v2\/users\/2"}],"replies":[{"embeddable":true,"href":"https:\/\/www.zmodrehokralovstvi.cz\/index.php\/wp-json\/wp\/v2\/comments?post=1527"}],"version-history":[{"count":1,"href":"https:\/\/www.zmodrehokralovstvi.cz\/index.php\/wp-json\/wp\/v2\/pages\/1527\/revisions"}],"predecessor-version":[{"id":9149,"href":"https:\/\/www.zmodrehokralovstvi.cz\/index.php\/wp-json\/wp\/v2\/pages\/1527\/revisions\/9149"}],"wp:attachment":[{"href":"https:\/\/www.zmodrehokralovstvi.cz\/index.php\/wp-json\/wp\/v2\/media?parent=1527"}],"curies":[{"name":"wp","href":"https:\/\/api.w.org\/{rel}","templated":true}]}}