{"id":10774,"date":"2026-05-06T14:00:00","date_gmt":"2026-05-06T13:00:00","guid":{"rendered":"https:\/\/www.zmodrehokralovstvi.cz\/?page_id=10774"},"modified":"2026-05-06T14:27:17","modified_gmt":"2026-05-06T13:27:17","slug":"vrh-g","status":"publish","type":"page","link":"https:\/\/www.zmodrehokralovstvi.cz\/index.php\/vrh-g\/","title":{"rendered":"Vrh G"},"content":{"rendered":"\n<h2 class=\"wp-block-heading\" id=\"datum-narozeni-13-4-2019\">Datum narozen\u00ed: ??.5.2026<\/h2>\n\n\n<p><span style=\"color: #ff0000;\"><em>&#8212;<\/em><\/span><\/p>\n\n\n<p>matka: <a href=\"https:\/\/www.smooth-collie.net\/view.php?id=19136\" target=\"_blank\" rel=\"noreferrer noopener\">Bezinka z&nbsp;Modr\u00e9ho kr\u00e1lovstv\u00ed &#8222;R\u016f\u017eenka&#8220;<\/a><\/p>\n\n\n\n<p class=\"has-small-font-size\"><strong>Health:<\/strong><br>Eyes clear (as puppy)<br>CEA DNA N\/N (Genomia)<br>PRA (rcd2) DNA N\/P (Genomia)<br>MDR1 (ABCB1) N\/N (Genomia)<br>DM (SOD1) N\/N (Genomia)<br>FGF5 gen ovliv\u0148uj\u00edc\u00edch d\u00e9lku srsti N\/N (Genomia)<br>Detekce mutace genu RYR1 zp\u016fsobuj\u00edc\u00ed malign\u00ed hypertermii po expozici vyvol\u00e1vac\u00edch l\u00e1tek u r\u016fzn\u00fdch plemen ps\u016f &#8211; N\/N (Genomia)<br><em><a href=\"https:\/\/www.zmodrehokralovstvi.cz\/index.php\/cv-bezinka-z-modreho-kralovstvi\/\" data-type=\"page\" data-id=\"987\">V\u00fdsledky test\u016f m\u00e1me k&nbsp;dispozici v&nbsp;CZ a EN.<\/a> <\/em><br><a href=\"https:\/\/www.zmodrehokralovstvi.cz\/index.php\/cv-bezinka-z-modreho-kralovstvi\/\" data-type=\"page\" data-id=\"987\"><em>Test results are available in CZ and EN languages.<\/em> <\/a><\/p>\n\n\n\n<p>otec: <a href=\"https:\/\/www.smooth-collie.net\/view.php?id=19117\" target=\"_blank\" rel=\"noreferrer noopener\">Boss Baby from black riding Hood &#8222;Keno&#8220;<\/a><\/p>\n\n\n\n<p class=\"has-small-font-size\"><strong>Health:<\/strong><br>Eyes clear (2 years, 1 month)<br>HD A<br>ED 0<br>CEA DNA non-carrier<br>PRA (rcd2) DNA non-carrier <br>MDR1 +\/+<br>DM (SOD1) N\/N <br>HUU (SLC) non-carrier<br>K\u00f6rklasse 1<\/p>\n\n\n","protected":false},"excerpt":{"rendered":"<p>Datum narozen\u00ed: ??.5.2026 &#8212; matka: Bezinka z&nbsp;Modr\u00e9ho kr\u00e1lovstv\u00ed &#8222;R\u016f\u017eenka&#8220; Health:Eyes clear (as puppy)CEA DNA N\/N (Genomia)PRA (rcd2) DNA N\/P (Genomia)MDR1 (ABCB1) N\/N (Genomia)DM (SOD1) N\/N (Genomia)FGF5 gen ovliv\u0148uj\u00edc\u00edch d\u00e9lku srsti N\/N (Genomia)Detekce mutace genu RYR1 zp\u016fsobuj\u00edc\u00ed malign\u00ed hypertermii po expozici vyvol\u00e1vac\u00edch l\u00e1tek u r\u016fzn\u00fdch plemen ps\u016f &#8211; N\/N (Genomia)V\u00fdsledky test\u016f m\u00e1me k&nbsp;dispozici v&nbsp;CZ a EN. [&hellip;]<\/p>\n","protected":false},"author":2,"featured_media":0,"parent":0,"menu_order":0,"comment_status":"closed","ping_status":"closed","template":"","meta":{"ngg_post_thumbnail":0,"footnotes":""},"class_list":["post-10774","page","type-page","status-publish","hentry","entry"],"post_mailing_queue_ids":[],"_links":{"self":[{"href":"https:\/\/www.zmodrehokralovstvi.cz\/index.php\/wp-json\/wp\/v2\/pages\/10774","targetHints":{"allow":["GET"]}}],"collection":[{"href":"https:\/\/www.zmodrehokralovstvi.cz\/index.php\/wp-json\/wp\/v2\/pages"}],"about":[{"href":"https:\/\/www.zmodrehokralovstvi.cz\/index.php\/wp-json\/wp\/v2\/types\/page"}],"author":[{"embeddable":true,"href":"https:\/\/www.zmodrehokralovstvi.cz\/index.php\/wp-json\/wp\/v2\/users\/2"}],"replies":[{"embeddable":true,"href":"https:\/\/www.zmodrehokralovstvi.cz\/index.php\/wp-json\/wp\/v2\/comments?post=10774"}],"version-history":[{"count":2,"href":"https:\/\/www.zmodrehokralovstvi.cz\/index.php\/wp-json\/wp\/v2\/pages\/10774\/revisions"}],"predecessor-version":[{"id":10777,"href":"https:\/\/www.zmodrehokralovstvi.cz\/index.php\/wp-json\/wp\/v2\/pages\/10774\/revisions\/10777"}],"wp:attachment":[{"href":"https:\/\/www.zmodrehokralovstvi.cz\/index.php\/wp-json\/wp\/v2\/media?parent=10774"}],"curies":[{"name":"wp","href":"https:\/\/api.w.org\/{rel}","templated":true}]}}